{"id":4913,"date":"2024-06-01T23:00:26","date_gmt":"2024-06-01T21:00:26","guid":{"rendered":"https:\/\/digitalizeglobal.com\/?page_id=4913"},"modified":"2024-07-31T18:26:08","modified_gmt":"2024-07-31T16:26:08","slug":"veroeffentlichungsgrundsaetze-von-digitalize-global","status":"publish","type":"page","link":"https:\/\/digitalizeglobal.com\/en\/about-us\/publishing-principles-of-digitalize-global\/","title":{"rendered":"Publication principles of Digitalize Global"},"content":{"rendered":"<div data-elementor-type=\"wp-page\" data-elementor-id=\"4913\" class=\"elementor elementor-4913\" data-elementor-post-type=\"page\">\n\t\t\t\t<div class=\"elementor-element elementor-element-1feaeac5 e-flex e-con-boxed e-con e-parent\" data-id=\"1feaeac5\" data-element_type=\"container\" data-settings=\"{&quot;_ob_use_container_extras&quot;:&quot;no&quot;,&quot;_ob_column_hoveranimator&quot;:&quot;no&quot;,&quot;_ob_glider_is_slider&quot;:&quot;no&quot;,&quot;_ob_column_has_pseudo&quot;:&quot;no&quot;}\">\n\t\t\t\t\t<div class=\"e-con-inner\">\n\t\t\t\t<div class=\"elementor-element elementor-element-54c56696 ob-harakiri-inherit ob-has-background-overlay elementor-widget elementor-widget-text-editor\" data-id=\"54c56696\" data-element_type=\"widget\" data-settings=\"{&quot;_ob_use_harakiri&quot;:&quot;yes&quot;,&quot;_ob_harakiri_writing_mode&quot;:&quot;inherit&quot;,&quot;_ob_postman_use&quot;:&quot;no&quot;,&quot;_ob_widget_stalker_use&quot;:&quot;no&quot;,&quot;_ob_poopart_use&quot;:&quot;yes&quot;,&quot;_ob_shadough_use&quot;:&quot;no&quot;,&quot;_ob_allow_hoveranimator&quot;:&quot;no&quot;}\" data-widget_type=\"text-editor.default\">\n\t\t\t\t\t\t\t\t\t<h2>General<\/h2><p>At Digitalize Global, we take a responsible and ethical approach to all our publications and services. Our principles are based on transparency, trustworthiness and adherence to ethical standards. <a href=\"https:\/\/digitalizeglobal.com\/en\/digitalize-global-addendum-unser-versprechen-fuer-freies-unternehmertum\/?wmc-currency=USD\">Principles<\/a>.<\/p><p>Digitalize Global offers comprehensive support and advice for start-ups abroad, especially in Europe and North America.<\/p><h2 class=\"mb-2 mt-6 text-lg first:mt-3\">Legality and compliance with laws<\/h2><p>All Digitalize Global activities are conducted in full compliance with applicable laws, regulations and industry standards. We are committed to complying with all relevant legislation.<\/p><h2 class=\"mb-2 mt-6 text-lg first:mt-3\">Ethical and trustworthy AI<\/h2><p>The development and deployment of AI systems at Digitalize Global complies with the EU Ethical Guidelines for Trustworthy Artificial Intelligence. Our AI solutions are legal, ethical and technically robust throughout their lifecycle.<\/p><h2 class=\"mb-2 mt-6 text-lg first:mt-3\">Trustworthiness and security<\/h2><p>Trust and security are our top priority. We use state-of-the-art security standards and ensure the protection of sensitive data. Our services are regularly audited for trustworthiness by independent bodies.<\/p><h2 class=\"mb-2 mt-6 text-lg first:mt-3\">Customer protection and data protection<\/h2><p>Protecting the privacy of our customers is very important to us. We treat all customer data confidentially and adhere strictly to applicable data protection regulations such as the GDPR.<\/p><h2>Business planning<\/h2><p>Our services include detailed business plans and strategic advice to ensure that your business starts and grows successfully.<\/p><h2>Services<\/h2><p>From registration and accounting to long-term support, we offer a full range of services for entrepreneurs.<\/p><h2>Objectives and principles<\/h2><p>We put content online that we consider to be publicly accessible, as it contributes to the efficiency and development of society within the framework of people's basic rights. People are only free when they know their options - and that is exactly what we have made our goal.<\/p><h2 class=\"mb-2 mt-6 text-lg first:mt-3\">Sustainability and the common good<\/h2><p>At Digitalize Global, we are committed to environmental protection and sustainability. Our aim is to make a positive contribution to society and future generations. We support local projects for the common good. With these principles, we create the basis for trusting and honest business relationships with our customers, partners and the public. If you have any questions, <a href=\"https:\/\/digitalizeglobal.com\/en\/contact-us\/?wmc-currency=USD\">contact us<\/a> at any time.<\/p>\t\t\t\t\t\t\t\t<\/div>\n\t\t\t\t\t<\/div>\n\t\t\t\t<\/div>\n\t\t\t\t<\/div>","protected":false},"excerpt":{"rendered":"<p>General At Digitalize Global, we take a responsible and ethical approach to all our publications and services. Our principles are based on transparency, trustworthiness and adherence to ethical principles. Digitalize Global offers comprehensive support and advice for start-ups abroad, especially in Europe and North America. Legality and legal compliance All Digitalize Global activities are conducted [...]<\/p>","protected":false},"author":1,"featured_media":0,"parent":2120,"menu_order":0,"comment_status":"closed","ping_status":"closed","template":"","meta":{"_acf_changed":false,"_helpful_pro_status":1,"footnotes":""},"class_list":["post-4913","page","type-page","status-publish","hentry"],"acf":[],"yoast_head":"<!-- This site is optimized with the Yoast SEO Premium plugin v25.8 (Yoast SEO v25.8) - https:\/\/yoast.com\/wordpress\/plugins\/seo\/ -->\n<title>Ver\u00f6ffentlichungsgrunds\u00e4tze von Digitalize Global - Digitalize Global<\/title>\n<meta name=\"robots\" content=\"index, follow, max-snippet:-1, max-image-preview:large, max-video-preview:-1\" \/>\n<link rel=\"canonical\" href=\"https:\/\/digitalizeglobal.com\/en\/about-us\/publishing-principles-of-digitalize-global\/?wmc-currency=USD\" \/>\n<meta property=\"og:locale\" content=\"en_US\" \/>\n<meta property=\"og:type\" content=\"article\" \/>\n<meta property=\"og:title\" content=\"Ver\u00f6ffentlichungsgrunds\u00e4tze von Digitalize Global\" \/>\n<meta property=\"og:description\" content=\"Allgemein Bei Digitalize Global verfolgen wir einen verantwortungsvollen und integren Ansatz f\u00fcr alle unsere Publikationen und Dienstleistungen. Unsere Grunds\u00e4tze basieren auf Transparenz, Vertrauensw\u00fcrdigkeit und der Einhaltung ethischer Prinzipien. Digitalize Global bietet umfassende Unterst\u00fctzung und Beratung f\u00fcr Unternehmensgr\u00fcndungen im Ausland, insbesondere in Europa und Nordamerika. Rechtm\u00e4\u00dfigkeit und Einhaltung von Gesetzen Alle Aktivit\u00e4ten von Digitalize Global erfolgen [&hellip;]\" \/>\n<meta property=\"og:url\" content=\"https:\/\/digitalizeglobal.com\/en\/about-us\/publishing-principles-of-digitalize-global\/?wmc-currency=USD\" \/>\n<meta property=\"og:site_name\" content=\"Digitalize Global\" \/>\n<meta property=\"article:publisher\" content=\"https:\/\/www.facebook.com\/digitalizeglobal\/\" \/>\n<meta property=\"article:modified_time\" content=\"2024-07-31T16:26:08+00:00\" \/>\n<meta property=\"og:image\" content=\"https:\/\/digitalizeglobal.com\/wp-content\/uploads\/2024\/06\/digitalize-global-business-scaled.jpeg\" \/>\n\t<meta property=\"og:image:width\" content=\"1024\" \/>\n\t<meta property=\"og:image:height\" content=\"638\" \/>\n\t<meta property=\"og:image:type\" content=\"image\/jpeg\" \/>\n<meta name=\"twitter:card\" content=\"summary_large_image\" \/>\n<meta name=\"twitter:label1\" content=\"Est. reading time\" \/>\n\t<meta name=\"twitter:data1\" content=\"2 minutes\" \/>\n<script type=\"application\/ld+json\" class=\"yoast-schema-graph\">{\"@context\":\"https:\/\/schema.org\",\"@graph\":[{\"@type\":\"WebPage\",\"@id\":\"https:\/\/digitalizeglobal.com\/ueber-uns\/veroeffentlichungsgrundsaetze-von-digitalize-global\/\",\"url\":\"https:\/\/digitalizeglobal.com\/ueber-uns\/veroeffentlichungsgrundsaetze-von-digitalize-global\/\",\"name\":\"Ver\u00f6ffentlichungsgrunds\u00e4tze von Digitalize Global - Digitalize Global\",\"isPartOf\":{\"@id\":\"https:\/\/digitalizeglobal.com\/#website\"},\"datePublished\":\"2024-06-01T21:00:26+00:00\",\"dateModified\":\"2024-07-31T16:26:08+00:00\",\"breadcrumb\":{\"@id\":\"https:\/\/digitalizeglobal.com\/ueber-uns\/veroeffentlichungsgrundsaetze-von-digitalize-global\/#breadcrumb\"},\"inLanguage\":\"en-US\",\"potentialAction\":[{\"@type\":\"ReadAction\",\"target\":[\"https:\/\/digitalizeglobal.com\/ueber-uns\/veroeffentlichungsgrundsaetze-von-digitalize-global\/\"]}]},{\"@type\":\"BreadcrumbList\",\"@id\":\"https:\/\/digitalizeglobal.com\/ueber-uns\/veroeffentlichungsgrundsaetze-von-digitalize-global\/#breadcrumb\",\"itemListElement\":[{\"@type\":\"ListItem\",\"position\":1,\"name\":\"Startseite\",\"item\":\"https:\/\/digitalizeglobal.com\/\"},{\"@type\":\"ListItem\",\"position\":2,\"name\":\"\u00dcber uns\",\"item\":\"https:\/\/digitalizeglobal.com\/ueber-uns\/\"},{\"@type\":\"ListItem\",\"position\":3,\"name\":\"Ver\u00f6ffentlichungsgrunds\u00e4tze von Digitalize Global\"}]},{\"@type\":\"WebSite\",\"@id\":\"https:\/\/digitalizeglobal.com\/#website\",\"url\":\"https:\/\/digitalizeglobal.com\/\",\"name\":\"Digitalize Global\",\"description\":\"Unternehmensgr\u00fcndung und Verwaltung\",\"publisher\":{\"@id\":\"https:\/\/digitalizeglobal.com\/#organization\"},\"alternateName\":\"Digitalize Global Business\",\"potentialAction\":[{\"@type\":\"SearchAction\",\"target\":{\"@type\":\"EntryPoint\",\"urlTemplate\":\"https:\/\/digitalizeglobal.com\/?s={search_term_string}\"},\"query-input\":{\"@type\":\"PropertyValueSpecification\",\"valueRequired\":true,\"valueName\":\"search_term_string\"}}],\"inLanguage\":\"en-US\"},{\"@type\":\"Organization\",\"@id\":\"https:\/\/digitalizeglobal.com\/#organization\",\"name\":\"Digitalize Global\",\"alternateName\":\"Digitalize Global, LLC.\",\"url\":\"https:\/\/digitalizeglobal.com\/\",\"logo\":{\"@type\":\"ImageObject\",\"inLanguage\":\"en-US\",\"@id\":\"https:\/\/digitalizeglobal.com\/#\/schema\/logo\/image\/\",\"url\":\"https:\/\/digitalizeglobal.com\/wp-content\/uploads\/2024\/04\/android-chrome-512x512-1.png\",\"contentUrl\":\"https:\/\/digitalizeglobal.com\/wp-content\/uploads\/2024\/04\/android-chrome-512x512-1.png\",\"width\":512,\"height\":512,\"caption\":\"Digitalize Global\"},\"image\":{\"@id\":\"https:\/\/digitalizeglobal.com\/#\/schema\/logo\/image\/\"},\"sameAs\":[\"https:\/\/www.facebook.com\/digitalizeglobal\/\",\"https:\/\/mastodon.social\/@Faierberg\",\"https:\/\/www.facebook.com\/groups\/digitalizeglobaldeu\",\"https:\/\/www.youtube.com\/@DigitalizeGlobal\",\"https:\/\/www.gutefrage.net\/nutzer\/Faierberg\",\"https:\/\/www.webwiki.de\/digitalizeglobal.com\",\"https:\/\/www.sitelike.org\/similar\/digitalizeglobal.com\/\"],\"description\":\"Wir sind Digitalize Global LLC, ein Unternehmen, das urspr\u00fcnglich im US-Bundesstaat Wyoming gegr\u00fcndet wurde \u2013 einem Ort, der f\u00fcr seine Bewohner mit einem Freiheitsdrang und einer tief verwurzelten Gleichberechtigung bekannt ist. Unser Ziel ist es, Ihnen dabei zu helfen, ihre unternehmerische Freiheit auf internationaler Ebene zu verwirklichen. Wir glauben, dass jeder Mensch das Recht und die Freiheit hat, seinen Lebensunterhalt mit dem zu verdienen, was er liebt. Legen Sie mit einer Unternehmensgr\u00fcndung den Grundstein f\u00fcr ein selbstbestimmtes Leben! Stets f\u00fcr unsere Kunden erreichbar Digitalize Global ist bekannt f\u00fcr seinen kundenfreundlichen Service und steht Ihnen als Partner vor, w\u00e4hrend und nach der Gr\u00fcndung Ihres Unternehmens pers\u00f6nlich zur Seite. Anders als viele Konkurrenten, die ihre Kunden nach der Gr\u00fcndung oft allein lassen, unterst\u00fctzen wir Sie bei allen Herausforderungen und bieten Ihnen kostenlose Beratungsgespr\u00e4che. Wir sind \u00fcberzeugt, dass internationales Gesch\u00e4ft und Mobilit\u00e4t f\u00fcr alle zug\u00e4nglich sein sollten. Klare und strukturierte Preispolitik Bei uns finden Sie keine unbezahlbaren Beratungsangebote oder versteckte Kosten. Alle unsere Angebote sind transparent und preisfest. Unser einzigartiges Alleinstellungsmerkmal gegen\u00fcber unseren Mitbewerbern sind unsere flexiblen Ratenzahlungsm\u00f6glichkeiten, die wir unseren Kunden anbieten. Priorit\u00e4t Datenschutz Mit h\u00f6chstem Datenschutz und Sorgfalt f\u00fcr Ihre Sicherheit \u00fcbernehmen wir alles rund um die Anmeldung, Verwaltung und Umsetzung Ihres Unternehmens im Ausland, sodass Sie sich um nichts k\u00fcmmern m\u00fcssen. Ihre Diskretion ist bei uns stets gew\u00e4hrleistet. Aus unserem Haus gehen niemals Meldungen an nicht involvierte Strukturen raus. Wir verf\u00fcgen \u00fcber umfangreiche Erfahrung Als Experten f\u00fcr Unternehmensgr\u00fcndungen in den USA und Europa unterst\u00fctzen wir Sie bei der Schaffung ortsunabh\u00e4ngiger Arbeitspl\u00e4tze und bieten ein breites Spektrum professioneller Dienstleistungen.\",\"email\":\"office@digitalizeglobal.com\",\"telephone\":\"+1 406 943 4473\",\"legalName\":\"Digitalize Global, LLC.\",\"foundingDate\":\"2024-05-01\",\"taxID\":\"30-1415662\",\"numberOfEmployees\":{\"@type\":\"QuantitativeValue\",\"minValue\":\"1\",\"maxValue\":\"10\"},\"publishingPrinciples\":\"https:\/\/digitalizeglobal.com\/ueber-uns\/veroeffentlichungsgrundsaetze-von-digitalize-global\/\",\"ownershipFundingInfo\":\"https:\/\/digitalizeglobal.com\/ueber-uns\/eigentums-und-finanzierungsinformationen-von-digitalize-global\/\",\"actionableFeedbackPolicy\":\"https:\/\/digitalizeglobal.com\/terms-and-conditions\/umsetzbare-feedback-richtlinie-von-digitalize-global\/\",\"correctionsPolicy\":\"https:\/\/digitalizeglobal.com\/ueber-uns\/korrekturrichtlinie-von-digitalize-global\/\",\"ethicsPolicy\":\"https:\/\/digitalizeglobal.com\/ueber-uns\/digitalize-global-addendum-unser-versprechen-fuer-freies-unternehmertum\/\",\"diversityPolicy\":\"https:\/\/digitalizeglobal.com\/datenschutzerklaerung\/\",\"diversityStaffingReport\":\"https:\/\/digitalizeglobal.com\/ueber-uns\/diversitaets-personalbericht-von-digitalize-global\/\"}]}<\/script>\n<!-- \/ Yoast SEO Premium plugin. -->","yoast_head_json":{"title":"Publication principles of Digitalize Global - Digitalize Global","robots":{"index":"index","follow":"follow","max-snippet":"max-snippet:-1","max-image-preview":"max-image-preview:large","max-video-preview":"max-video-preview:-1"},"canonical":"https:\/\/digitalizeglobal.com\/en\/about-us\/publishing-principles-of-digitalize-global\/?wmc-currency=USD","og_locale":"en_US","og_type":"article","og_title":"Ver\u00f6ffentlichungsgrunds\u00e4tze von Digitalize Global","og_description":"Allgemein Bei Digitalize Global verfolgen wir einen verantwortungsvollen und integren Ansatz f\u00fcr alle unsere Publikationen und Dienstleistungen. Unsere Grunds\u00e4tze basieren auf Transparenz, Vertrauensw\u00fcrdigkeit und der Einhaltung ethischer Prinzipien. Digitalize Global bietet umfassende Unterst\u00fctzung und Beratung f\u00fcr Unternehmensgr\u00fcndungen im Ausland, insbesondere in Europa und Nordamerika. Rechtm\u00e4\u00dfigkeit und Einhaltung von Gesetzen Alle Aktivit\u00e4ten von Digitalize Global erfolgen [&hellip;]","og_url":"https:\/\/digitalizeglobal.com\/en\/about-us\/publishing-principles-of-digitalize-global\/?wmc-currency=USD","og_site_name":"Digitalize Global","article_publisher":"https:\/\/www.facebook.com\/digitalizeglobal\/","article_modified_time":"2024-07-31T16:26:08+00:00","og_image":[{"width":1024,"height":638,"url":"https:\/\/digitalizeglobal.com\/wp-content\/uploads\/2024\/06\/digitalize-global-business-scaled.jpeg","type":"image\/jpeg"}],"twitter_card":"summary_large_image","twitter_misc":{"Est. reading time":"2 minutes"},"schema":{"@context":"https:\/\/schema.org","@graph":[{"@type":"WebPage","@id":"https:\/\/digitalizeglobal.com\/ueber-uns\/veroeffentlichungsgrundsaetze-von-digitalize-global\/","url":"https:\/\/digitalizeglobal.com\/ueber-uns\/veroeffentlichungsgrundsaetze-von-digitalize-global\/","name":"Publication principles of Digitalize Global - Digitalize Global","isPartOf":{"@id":"https:\/\/digitalizeglobal.com\/#website"},"datePublished":"2024-06-01T21:00:26+00:00","dateModified":"2024-07-31T16:26:08+00:00","breadcrumb":{"@id":"https:\/\/digitalizeglobal.com\/ueber-uns\/veroeffentlichungsgrundsaetze-von-digitalize-global\/#breadcrumb"},"inLanguage":"en-US","potentialAction":[{"@type":"ReadAction","target":["https:\/\/digitalizeglobal.com\/ueber-uns\/veroeffentlichungsgrundsaetze-von-digitalize-global\/"]}]},{"@type":"BreadcrumbList","@id":"https:\/\/digitalizeglobal.com\/ueber-uns\/veroeffentlichungsgrundsaetze-von-digitalize-global\/#breadcrumb","itemListElement":[{"@type":"ListItem","position":1,"name":"Startseite","item":"https:\/\/digitalizeglobal.com\/"},{"@type":"ListItem","position":2,"name":"\u00dcber uns","item":"https:\/\/digitalizeglobal.com\/ueber-uns\/"},{"@type":"ListItem","position":3,"name":"Ver\u00f6ffentlichungsgrunds\u00e4tze von Digitalize Global"}]},{"@type":"WebSite","@id":"https:\/\/digitalizeglobal.com\/#website","url":"https:\/\/digitalizeglobal.com\/","name":"Digitalize Global","description":"Company formation and administration","publisher":{"@id":"https:\/\/digitalizeglobal.com\/#organization"},"alternateName":"Digitalize Global Business","potentialAction":[{"@type":"SearchAction","target":{"@type":"EntryPoint","urlTemplate":"https:\/\/digitalizeglobal.com\/?s={search_term_string}"},"query-input":{"@type":"PropertyValueSpecification","valueRequired":true,"valueName":"search_term_string"}}],"inLanguage":"en-US"},{"@type":"Organization","@id":"https:\/\/digitalizeglobal.com\/#organization","name":"Digitalize Global","alternateName":"Digitalize Global, LLC.","url":"https:\/\/digitalizeglobal.com\/","logo":{"@type":"ImageObject","inLanguage":"en-US","@id":"https:\/\/digitalizeglobal.com\/#\/schema\/logo\/image\/","url":"https:\/\/digitalizeglobal.com\/wp-content\/uploads\/2024\/04\/android-chrome-512x512-1.png","contentUrl":"https:\/\/digitalizeglobal.com\/wp-content\/uploads\/2024\/04\/android-chrome-512x512-1.png","width":512,"height":512,"caption":"Digitalize Global"},"image":{"@id":"https:\/\/digitalizeglobal.com\/#\/schema\/logo\/image\/"},"sameAs":["https:\/\/www.facebook.com\/digitalizeglobal\/","https:\/\/mastodon.social\/@Faierberg","https:\/\/www.facebook.com\/groups\/digitalizeglobaldeu","https:\/\/www.youtube.com\/@DigitalizeGlobal","https:\/\/www.gutefrage.net\/nutzer\/Faierberg","https:\/\/www.webwiki.de\/digitalizeglobal.com","https:\/\/www.sitelike.org\/similar\/digitalizeglobal.com\/"],"description":"We are Digitalize Global LLC, a company originally founded in the US state of Wyoming - a place known for its residents with a thirst for freedom and a deep-rooted sense of equality. Our goal is to help you realize your entrepreneurial freedom on an international scale. We believe that everyone has the right and freedom to earn a living doing what they love. Lay the foundation for a self-determined life by founding a company! Always available for our customers Digitalize Global is known for its customer-friendly service and will personally support you as a partner before, during and after the foundation of your company. Unlike many of our competitors, who often leave their customers to fend for themselves after the start-up, we support you in all challenges and offer free consultations. We believe that international business and mobility should be accessible to all. Clear and structured pricing policy With us, you won't find any unaffordable consulting offers or hidden costs. All our offers are transparent and fixed priced. Our unique selling point compared to our competitors is the flexible installment payment options we offer our customers. Priority data protection With the highest level of data protection and care for your security, we take care of everything related to the registration, administration and implementation of your company abroad, so you don't have to worry about a thing. Your discretion is always guaranteed with us. Our company never sends out reports to non-involved structures. We have extensive experience As experts in setting up companies in the USA and Europe, we support you in creating location-independent workplaces and offer a wide range of professional services.","email":"office@digitalizeglobal.com","telephone":"+1 406 943 4473","legalName":"Digitalize Global, LLC.","foundingDate":"2024-05-01","taxID":"30-1415662","numberOfEmployees":{"@type":"QuantitativeValue","minValue":"1","maxValue":"10"},"publishingPrinciples":"https:\/\/digitalizeglobal.com\/ueber-uns\/veroeffentlichungsgrundsaetze-von-digitalize-global\/","ownershipFundingInfo":"https:\/\/digitalizeglobal.com\/ueber-uns\/eigentums-und-finanzierungsinformationen-von-digitalize-global\/","actionableFeedbackPolicy":"https:\/\/digitalizeglobal.com\/terms-and-conditions\/umsetzbare-feedback-richtlinie-von-digitalize-global\/","correctionsPolicy":"https:\/\/digitalizeglobal.com\/ueber-uns\/korrekturrichtlinie-von-digitalize-global\/","ethicsPolicy":"https:\/\/digitalizeglobal.com\/ueber-uns\/digitalize-global-addendum-unser-versprechen-fuer-freies-unternehmertum\/","diversityPolicy":"https:\/\/digitalizeglobal.com\/datenschutzerklaerung\/","diversityStaffingReport":"https:\/\/digitalizeglobal.com\/ueber-uns\/diversitaets-personalbericht-von-digitalize-global\/"}]}},"_links":{"self":[{"href":"https:\/\/digitalizeglobal.com\/en\/wp-json\/wp\/v2\/pages\/4913","targetHints":{"allow":["GET"]}}],"collection":[{"href":"https:\/\/digitalizeglobal.com\/en\/wp-json\/wp\/v2\/pages"}],"about":[{"href":"https:\/\/digitalizeglobal.com\/en\/wp-json\/wp\/v2\/types\/page"}],"author":[{"embeddable":true,"href":"https:\/\/digitalizeglobal.com\/en\/wp-json\/wp\/v2\/users\/1"}],"replies":[{"embeddable":true,"href":"https:\/\/digitalizeglobal.com\/en\/wp-json\/wp\/v2\/comments?post=4913"}],"version-history":[{"count":0,"href":"https:\/\/digitalizeglobal.com\/en\/wp-json\/wp\/v2\/pages\/4913\/revisions"}],"up":[{"embeddable":true,"href":"https:\/\/digitalizeglobal.com\/en\/wp-json\/wp\/v2\/pages\/2120"}],"wp:attachment":[{"href":"https:\/\/digitalizeglobal.com\/en\/wp-json\/wp\/v2\/media?parent=4913"}],"curies":[{"name":"wp","href":"https:\/\/api.w.org\/{rel}","templated":true}]}}