{"id":5333,"date":"2024-06-05T02:35:19","date_gmt":"2024-06-05T00:35:19","guid":{"rendered":"https:\/\/digitalizeglobal.com\/?page_id=5333"},"modified":"2024-07-31T18:26:09","modified_gmt":"2024-07-31T16:26:09","slug":"zahlungsmittel-die-wir-akzeptieren","status":"publish","type":"page","link":"https:\/\/digitalizeglobal.com\/en\/about-us\/means-of-payment-we-accept\/","title":{"rendered":"Means of payment that we accept"},"content":{"rendered":"<div data-elementor-type=\"wp-page\" data-elementor-id=\"5333\" class=\"elementor elementor-5333\" data-elementor-post-type=\"page\">\n\t\t\t\t<div class=\"elementor-element elementor-element-49b66408 e-flex e-con-boxed e-con e-parent\" data-id=\"49b66408\" data-element_type=\"container\" data-settings=\"{&quot;_ob_use_container_extras&quot;:&quot;no&quot;,&quot;_ob_column_hoveranimator&quot;:&quot;no&quot;,&quot;_ob_glider_is_slider&quot;:&quot;no&quot;,&quot;_ob_column_has_pseudo&quot;:&quot;no&quot;}\">\n\t\t\t\t\t<div class=\"e-con-inner\">\n\t\t\t\t<div class=\"elementor-element elementor-element-678412d5 ob-harakiri-inherit ob-has-background-overlay elementor-widget elementor-widget-text-editor\" data-id=\"678412d5\" data-element_type=\"widget\" data-settings=\"{&quot;_ob_use_harakiri&quot;:&quot;yes&quot;,&quot;_ob_harakiri_writing_mode&quot;:&quot;inherit&quot;,&quot;_ob_postman_use&quot;:&quot;no&quot;,&quot;_ob_widget_stalker_use&quot;:&quot;no&quot;,&quot;_ob_poopart_use&quot;:&quot;yes&quot;,&quot;_ob_shadough_use&quot;:&quot;no&quot;,&quot;_ob_allow_hoveranimator&quot;:&quot;no&quot;}\" data-widget_type=\"text-editor.default\">\n\t\t\t\t\t\t\t\t\t<h2>Payment diversity at Digitalize Global<\/h2><div class=\"font-claude-message pr-4 md:pr-9 relative leading-[1.65rem] [&amp;_pre&gt;div]:bg-bg-300 [&amp;_pre]:-mr-4 md:[&amp;_pre]:-mr-9\"><div><div class=\"grid-col-1 grid gap-2.5 [&amp;_&gt;_*]:min-w-0\"><p class=\"whitespace-pre-wrap break-words\">At Digitalize Global, we are committed to ensuring that our services are easily accessible to as many customers as possible. That's why we offer a wide range of payment methods so that everyone can find the right option for them.<\/p><h3 class=\"whitespace-pre-wrap break-words\">Global means of payment:<\/h3><ul class=\"-mt-1 list-disc space-y-2 pl-8\"><li class=\"whitespace-normal break-words\">Credit cards<\/li><li class=\"whitespace-normal break-words\">Apple Pay<\/li><li class=\"whitespace-normal break-words\">Google Pay<\/li><li class=\"whitespace-normal break-words\">Amazon Pay<\/li><li class=\"whitespace-normal break-words\">Cash App<\/li><li class=\"whitespace-normal break-words\">Installment payments: Afterpay, Affirm, Zip<\/li><\/ul><h3 class=\"whitespace-pre-wrap break-words\">Europe:<\/h3><ul class=\"-mt-1 list-disc space-y-2 pl-8\"><li class=\"whitespace-normal break-words\">iDEAL (Netherlands)<\/li><li>Immediately (Eurozone)<\/li><li>Giropay (Germany)<\/li><li class=\"whitespace-normal break-words\">Przelewy24 (Poland)<\/li><li>BLINK (Poland)<\/li><li class=\"whitespace-normal break-words\">Bancontact (Belgium)<\/li><li class=\"whitespace-normal break-words\">EPS (Austria)<\/li><li class=\"whitespace-normal break-words\">Multibanco (Portugal)<\/li><li class=\"whitespace-normal break-words\">SEPA (Eurozone)<\/li><\/ul><h3 class=\"whitespace-pre-wrap break-words\">Asia:<\/h3><ul class=\"-mt-1 list-disc space-y-2 pl-8\"><li class=\"whitespace-normal break-words\">Digital wallets: WeChat, Alipay, GrabPay<\/li><li class=\"whitespace-normal break-words\">QR code payments<\/li><\/ul><h3 class=\"whitespace-pre-wrap break-words\">Cryptocurrencies:<\/h3><ul class=\"-mt-1 list-disc space-y-2 pl-8\"><li class=\"whitespace-normal break-words\">Bitcoin (BTC)<\/li><li class=\"whitespace-normal break-words\">Ethereum (ETH)<\/li><li class=\"whitespace-normal break-words\">Binance Coin (BNB)<\/li><\/ul><p class=\"whitespace-pre-wrap break-words\">With this variety of payment methods, we want to ensure easy, smooth access to our services for customers all over the world.<\/p><\/div><\/div><\/div><div class=\"absolute -bottom-0 -right-1.5 sm:right-2\"><div class=\"border-0.5 border-border-300 flex items-center translate-y-1\/2 rounded-lg px-2 pb-1 pt-3 shadow-sm transition bg-bg-000\"><div class=\"text-text-400 -mx-1 -mt-2 flex items-stretch justify-between gap-0.5\"><div class=\"flex gap-0.5\">\u00a0<\/div><\/div><\/div><\/div>\t\t\t\t\t\t\t\t<\/div>\n\t\t\t\t\t<\/div>\n\t\t\t\t<\/div>\n\t\t\t\t<\/div>","protected":false},"excerpt":{"rendered":"<p>Payment diversity at Digitalize Global At Digitalize Global, we are committed to ensuring that our services are easily accessible to as many customers as possible. That's why we offer a wide range of payment methods so that everyone can find the right option for them. Global payment methods: Credit cards Apple Pay Google Pay Amazon Pay Cash App Installment payments: Afterpay, Affirm, Zip Europe: [...]<\/p>","protected":false},"author":1,"featured_media":0,"parent":2120,"menu_order":0,"comment_status":"closed","ping_status":"closed","template":"","meta":{"_acf_changed":false,"_helpful_pro_status":1,"footnotes":""},"class_list":["post-5333","page","type-page","status-publish","hentry"],"acf":[],"yoast_head":"<!-- This site is optimized with the Yoast SEO Premium plugin v25.8 (Yoast SEO v25.8) - https:\/\/yoast.com\/wordpress\/plugins\/seo\/ -->\n<title>Zahlungsmittel die wir akzeptieren - Digitalize Global<\/title>\n<meta name=\"description\" content=\"Bei Digitalize Global setzen wir uns daf\u00fcr ein, dass unsere Dienstleistungen f\u00fcr m\u00f6glichst viele Kunden einfach zug\u00e4nglich sind.\" \/>\n<meta name=\"robots\" content=\"index, follow, max-snippet:-1, max-image-preview:large, max-video-preview:-1\" \/>\n<link rel=\"canonical\" href=\"https:\/\/digitalizeglobal.com\/en\/about-us\/means-of-payment-we-accept\/?wmc-currency=USD\" \/>\n<meta property=\"og:locale\" content=\"en_US\" \/>\n<meta property=\"og:type\" content=\"article\" \/>\n<meta property=\"og:title\" content=\"Zahlungsmittel die wir akzeptieren\" \/>\n<meta property=\"og:description\" content=\"Bei Digitalize Global setzen wir uns daf\u00fcr ein, dass unsere Dienstleistungen f\u00fcr m\u00f6glichst viele Kunden einfach zug\u00e4nglich sind.\" \/>\n<meta property=\"og:url\" content=\"https:\/\/digitalizeglobal.com\/en\/about-us\/means-of-payment-we-accept\/?wmc-currency=USD\" \/>\n<meta property=\"og:site_name\" content=\"Digitalize Global\" \/>\n<meta property=\"article:publisher\" content=\"https:\/\/www.facebook.com\/digitalizeglobal\/\" \/>\n<meta property=\"article:modified_time\" content=\"2024-07-31T16:26:09+00:00\" \/>\n<meta property=\"og:image\" content=\"https:\/\/digitalizeglobal.com\/wp-content\/uploads\/2024\/06\/digitalize-global-business-scaled.jpeg\" \/>\n\t<meta property=\"og:image:width\" content=\"1024\" \/>\n\t<meta property=\"og:image:height\" content=\"638\" \/>\n\t<meta property=\"og:image:type\" content=\"image\/jpeg\" \/>\n<meta name=\"twitter:card\" content=\"summary_large_image\" \/>\n<meta name=\"twitter:label1\" content=\"Est. reading time\" \/>\n\t<meta name=\"twitter:data1\" content=\"1 minute\" \/>\n<script type=\"application\/ld+json\" class=\"yoast-schema-graph\">{\"@context\":\"https:\/\/schema.org\",\"@graph\":[{\"@type\":\"WebPage\",\"@id\":\"https:\/\/digitalizeglobal.com\/ueber-uns\/zahlungsmittel-die-wir-akzeptieren\/\",\"url\":\"https:\/\/digitalizeglobal.com\/ueber-uns\/zahlungsmittel-die-wir-akzeptieren\/\",\"name\":\"Zahlungsmittel die wir akzeptieren - Digitalize Global\",\"isPartOf\":{\"@id\":\"https:\/\/digitalizeglobal.com\/#website\"},\"datePublished\":\"2024-06-05T00:35:19+00:00\",\"dateModified\":\"2024-07-31T16:26:09+00:00\",\"description\":\"Bei Digitalize Global setzen wir uns daf\u00fcr ein, dass unsere Dienstleistungen f\u00fcr m\u00f6glichst viele Kunden einfach zug\u00e4nglich sind.\",\"breadcrumb\":{\"@id\":\"https:\/\/digitalizeglobal.com\/ueber-uns\/zahlungsmittel-die-wir-akzeptieren\/#breadcrumb\"},\"inLanguage\":\"en-US\",\"potentialAction\":[{\"@type\":\"ReadAction\",\"target\":[\"https:\/\/digitalizeglobal.com\/ueber-uns\/zahlungsmittel-die-wir-akzeptieren\/\"]}]},{\"@type\":\"BreadcrumbList\",\"@id\":\"https:\/\/digitalizeglobal.com\/ueber-uns\/zahlungsmittel-die-wir-akzeptieren\/#breadcrumb\",\"itemListElement\":[{\"@type\":\"ListItem\",\"position\":1,\"name\":\"Startseite\",\"item\":\"https:\/\/digitalizeglobal.com\/\"},{\"@type\":\"ListItem\",\"position\":2,\"name\":\"\u00dcber uns\",\"item\":\"https:\/\/digitalizeglobal.com\/ueber-uns\/\"},{\"@type\":\"ListItem\",\"position\":3,\"name\":\"Zahlungsmittel die wir akzeptieren\"}]},{\"@type\":\"WebSite\",\"@id\":\"https:\/\/digitalizeglobal.com\/#website\",\"url\":\"https:\/\/digitalizeglobal.com\/\",\"name\":\"Digitalize Global\",\"description\":\"Unternehmensgr\u00fcndung und Verwaltung\",\"publisher\":{\"@id\":\"https:\/\/digitalizeglobal.com\/#organization\"},\"alternateName\":\"Digitalize Global Business\",\"potentialAction\":[{\"@type\":\"SearchAction\",\"target\":{\"@type\":\"EntryPoint\",\"urlTemplate\":\"https:\/\/digitalizeglobal.com\/?s={search_term_string}\"},\"query-input\":{\"@type\":\"PropertyValueSpecification\",\"valueRequired\":true,\"valueName\":\"search_term_string\"}}],\"inLanguage\":\"en-US\"},{\"@type\":\"Organization\",\"@id\":\"https:\/\/digitalizeglobal.com\/#organization\",\"name\":\"Digitalize Global\",\"alternateName\":\"Digitalize Global, LLC.\",\"url\":\"https:\/\/digitalizeglobal.com\/\",\"logo\":{\"@type\":\"ImageObject\",\"inLanguage\":\"en-US\",\"@id\":\"https:\/\/digitalizeglobal.com\/#\/schema\/logo\/image\/\",\"url\":\"https:\/\/digitalizeglobal.com\/wp-content\/uploads\/2024\/04\/android-chrome-512x512-1.png\",\"contentUrl\":\"https:\/\/digitalizeglobal.com\/wp-content\/uploads\/2024\/04\/android-chrome-512x512-1.png\",\"width\":512,\"height\":512,\"caption\":\"Digitalize Global\"},\"image\":{\"@id\":\"https:\/\/digitalizeglobal.com\/#\/schema\/logo\/image\/\"},\"sameAs\":[\"https:\/\/www.facebook.com\/digitalizeglobal\/\",\"https:\/\/mastodon.social\/@Faierberg\",\"https:\/\/www.facebook.com\/groups\/digitalizeglobaldeu\",\"https:\/\/www.youtube.com\/@DigitalizeGlobal\",\"https:\/\/www.gutefrage.net\/nutzer\/Faierberg\",\"https:\/\/www.webwiki.de\/digitalizeglobal.com\",\"https:\/\/www.sitelike.org\/similar\/digitalizeglobal.com\/\"],\"description\":\"Wir sind Digitalize Global LLC, ein Unternehmen, das urspr\u00fcnglich im US-Bundesstaat Wyoming gegr\u00fcndet wurde \u2013 einem Ort, der f\u00fcr seine Bewohner mit einem Freiheitsdrang und einer tief verwurzelten Gleichberechtigung bekannt ist. Unser Ziel ist es, Ihnen dabei zu helfen, ihre unternehmerische Freiheit auf internationaler Ebene zu verwirklichen. Wir glauben, dass jeder Mensch das Recht und die Freiheit hat, seinen Lebensunterhalt mit dem zu verdienen, was er liebt. Legen Sie mit einer Unternehmensgr\u00fcndung den Grundstein f\u00fcr ein selbstbestimmtes Leben! Stets f\u00fcr unsere Kunden erreichbar Digitalize Global ist bekannt f\u00fcr seinen kundenfreundlichen Service und steht Ihnen als Partner vor, w\u00e4hrend und nach der Gr\u00fcndung Ihres Unternehmens pers\u00f6nlich zur Seite. Anders als viele Konkurrenten, die ihre Kunden nach der Gr\u00fcndung oft allein lassen, unterst\u00fctzen wir Sie bei allen Herausforderungen und bieten Ihnen kostenlose Beratungsgespr\u00e4che. Wir sind \u00fcberzeugt, dass internationales Gesch\u00e4ft und Mobilit\u00e4t f\u00fcr alle zug\u00e4nglich sein sollten. Klare und strukturierte Preispolitik Bei uns finden Sie keine unbezahlbaren Beratungsangebote oder versteckte Kosten. Alle unsere Angebote sind transparent und preisfest. Unser einzigartiges Alleinstellungsmerkmal gegen\u00fcber unseren Mitbewerbern sind unsere flexiblen Ratenzahlungsm\u00f6glichkeiten, die wir unseren Kunden anbieten. Priorit\u00e4t Datenschutz Mit h\u00f6chstem Datenschutz und Sorgfalt f\u00fcr Ihre Sicherheit \u00fcbernehmen wir alles rund um die Anmeldung, Verwaltung und Umsetzung Ihres Unternehmens im Ausland, sodass Sie sich um nichts k\u00fcmmern m\u00fcssen. Ihre Diskretion ist bei uns stets gew\u00e4hrleistet. Aus unserem Haus gehen niemals Meldungen an nicht involvierte Strukturen raus. Wir verf\u00fcgen \u00fcber umfangreiche Erfahrung Als Experten f\u00fcr Unternehmensgr\u00fcndungen in den USA und Europa unterst\u00fctzen wir Sie bei der Schaffung ortsunabh\u00e4ngiger Arbeitspl\u00e4tze und bieten ein breites Spektrum professioneller Dienstleistungen.\",\"email\":\"office@digitalizeglobal.com\",\"telephone\":\"+1 406 943 4473\",\"legalName\":\"Digitalize Global, LLC.\",\"foundingDate\":\"2024-05-01\",\"taxID\":\"30-1415662\",\"numberOfEmployees\":{\"@type\":\"QuantitativeValue\",\"minValue\":\"1\",\"maxValue\":\"10\"},\"publishingPrinciples\":\"https:\/\/digitalizeglobal.com\/ueber-uns\/veroeffentlichungsgrundsaetze-von-digitalize-global\/\",\"ownershipFundingInfo\":\"https:\/\/digitalizeglobal.com\/ueber-uns\/eigentums-und-finanzierungsinformationen-von-digitalize-global\/\",\"actionableFeedbackPolicy\":\"https:\/\/digitalizeglobal.com\/terms-and-conditions\/umsetzbare-feedback-richtlinie-von-digitalize-global\/\",\"correctionsPolicy\":\"https:\/\/digitalizeglobal.com\/ueber-uns\/korrekturrichtlinie-von-digitalize-global\/\",\"ethicsPolicy\":\"https:\/\/digitalizeglobal.com\/ueber-uns\/digitalize-global-addendum-unser-versprechen-fuer-freies-unternehmertum\/\",\"diversityPolicy\":\"https:\/\/digitalizeglobal.com\/datenschutzerklaerung\/\",\"diversityStaffingReport\":\"https:\/\/digitalizeglobal.com\/ueber-uns\/diversitaets-personalbericht-von-digitalize-global\/\"}]}<\/script>\n<!-- \/ Yoast SEO Premium plugin. -->","yoast_head_json":{"title":"Means of payment we accept - Digitalize Global","description":"At Digitalize Global, we are committed to ensuring that our services are easily accessible to as many customers as possible.","robots":{"index":"index","follow":"follow","max-snippet":"max-snippet:-1","max-image-preview":"max-image-preview:large","max-video-preview":"max-video-preview:-1"},"canonical":"https:\/\/digitalizeglobal.com\/en\/about-us\/means-of-payment-we-accept\/?wmc-currency=USD","og_locale":"en_US","og_type":"article","og_title":"Zahlungsmittel die wir akzeptieren","og_description":"Bei Digitalize Global setzen wir uns daf\u00fcr ein, dass unsere Dienstleistungen f\u00fcr m\u00f6glichst viele Kunden einfach zug\u00e4nglich sind.","og_url":"https:\/\/digitalizeglobal.com\/en\/about-us\/means-of-payment-we-accept\/?wmc-currency=USD","og_site_name":"Digitalize Global","article_publisher":"https:\/\/www.facebook.com\/digitalizeglobal\/","article_modified_time":"2024-07-31T16:26:09+00:00","og_image":[{"width":1024,"height":638,"url":"https:\/\/digitalizeglobal.com\/wp-content\/uploads\/2024\/06\/digitalize-global-business-scaled.jpeg","type":"image\/jpeg"}],"twitter_card":"summary_large_image","twitter_misc":{"Est. reading time":"1 minute"},"schema":{"@context":"https:\/\/schema.org","@graph":[{"@type":"WebPage","@id":"https:\/\/digitalizeglobal.com\/ueber-uns\/zahlungsmittel-die-wir-akzeptieren\/","url":"https:\/\/digitalizeglobal.com\/ueber-uns\/zahlungsmittel-die-wir-akzeptieren\/","name":"Means of payment we accept - Digitalize Global","isPartOf":{"@id":"https:\/\/digitalizeglobal.com\/#website"},"datePublished":"2024-06-05T00:35:19+00:00","dateModified":"2024-07-31T16:26:09+00:00","description":"At Digitalize Global, we are committed to ensuring that our services are easily accessible to as many customers as possible.","breadcrumb":{"@id":"https:\/\/digitalizeglobal.com\/ueber-uns\/zahlungsmittel-die-wir-akzeptieren\/#breadcrumb"},"inLanguage":"en-US","potentialAction":[{"@type":"ReadAction","target":["https:\/\/digitalizeglobal.com\/ueber-uns\/zahlungsmittel-die-wir-akzeptieren\/"]}]},{"@type":"BreadcrumbList","@id":"https:\/\/digitalizeglobal.com\/ueber-uns\/zahlungsmittel-die-wir-akzeptieren\/#breadcrumb","itemListElement":[{"@type":"ListItem","position":1,"name":"Startseite","item":"https:\/\/digitalizeglobal.com\/"},{"@type":"ListItem","position":2,"name":"\u00dcber uns","item":"https:\/\/digitalizeglobal.com\/ueber-uns\/"},{"@type":"ListItem","position":3,"name":"Zahlungsmittel die wir akzeptieren"}]},{"@type":"WebSite","@id":"https:\/\/digitalizeglobal.com\/#website","url":"https:\/\/digitalizeglobal.com\/","name":"Digitalize Global","description":"Company formation and administration","publisher":{"@id":"https:\/\/digitalizeglobal.com\/#organization"},"alternateName":"Digitalize Global Business","potentialAction":[{"@type":"SearchAction","target":{"@type":"EntryPoint","urlTemplate":"https:\/\/digitalizeglobal.com\/?s={search_term_string}"},"query-input":{"@type":"PropertyValueSpecification","valueRequired":true,"valueName":"search_term_string"}}],"inLanguage":"en-US"},{"@type":"Organization","@id":"https:\/\/digitalizeglobal.com\/#organization","name":"Digitalize Global","alternateName":"Digitalize Global, LLC.","url":"https:\/\/digitalizeglobal.com\/","logo":{"@type":"ImageObject","inLanguage":"en-US","@id":"https:\/\/digitalizeglobal.com\/#\/schema\/logo\/image\/","url":"https:\/\/digitalizeglobal.com\/wp-content\/uploads\/2024\/04\/android-chrome-512x512-1.png","contentUrl":"https:\/\/digitalizeglobal.com\/wp-content\/uploads\/2024\/04\/android-chrome-512x512-1.png","width":512,"height":512,"caption":"Digitalize Global"},"image":{"@id":"https:\/\/digitalizeglobal.com\/#\/schema\/logo\/image\/"},"sameAs":["https:\/\/www.facebook.com\/digitalizeglobal\/","https:\/\/mastodon.social\/@Faierberg","https:\/\/www.facebook.com\/groups\/digitalizeglobaldeu","https:\/\/www.youtube.com\/@DigitalizeGlobal","https:\/\/www.gutefrage.net\/nutzer\/Faierberg","https:\/\/www.webwiki.de\/digitalizeglobal.com","https:\/\/www.sitelike.org\/similar\/digitalizeglobal.com\/"],"description":"We are Digitalize Global LLC, a company originally founded in the US state of Wyoming - a place known for its residents with a thirst for freedom and a deep-rooted sense of equality. Our goal is to help you realize your entrepreneurial freedom on an international scale. We believe that everyone has the right and freedom to earn a living doing what they love. Lay the foundation for a self-determined life by founding a company! Always available for our customers Digitalize Global is known for its customer-friendly service and will personally support you as a partner before, during and after the foundation of your company. Unlike many of our competitors, who often leave their customers to fend for themselves after the start-up, we support you in all challenges and offer free consultations. We believe that international business and mobility should be accessible to all. Clear and structured pricing policy With us, you won't find any unaffordable consulting offers or hidden costs. All our offers are transparent and fixed priced. Our unique selling point compared to our competitors is the flexible installment payment options we offer our customers. Priority data protection With the highest level of data protection and care for your security, we take care of everything related to the registration, administration and implementation of your company abroad, so you don't have to worry about a thing. Your discretion is always guaranteed with us. Our company never sends out reports to non-involved structures. We have extensive experience As experts in setting up companies in the USA and Europe, we support you in creating location-independent workplaces and offer a wide range of professional services.","email":"office@digitalizeglobal.com","telephone":"+1 406 943 4473","legalName":"Digitalize Global, LLC.","foundingDate":"2024-05-01","taxID":"30-1415662","numberOfEmployees":{"@type":"QuantitativeValue","minValue":"1","maxValue":"10"},"publishingPrinciples":"https:\/\/digitalizeglobal.com\/ueber-uns\/veroeffentlichungsgrundsaetze-von-digitalize-global\/","ownershipFundingInfo":"https:\/\/digitalizeglobal.com\/ueber-uns\/eigentums-und-finanzierungsinformationen-von-digitalize-global\/","actionableFeedbackPolicy":"https:\/\/digitalizeglobal.com\/terms-and-conditions\/umsetzbare-feedback-richtlinie-von-digitalize-global\/","correctionsPolicy":"https:\/\/digitalizeglobal.com\/ueber-uns\/korrekturrichtlinie-von-digitalize-global\/","ethicsPolicy":"https:\/\/digitalizeglobal.com\/ueber-uns\/digitalize-global-addendum-unser-versprechen-fuer-freies-unternehmertum\/","diversityPolicy":"https:\/\/digitalizeglobal.com\/datenschutzerklaerung\/","diversityStaffingReport":"https:\/\/digitalizeglobal.com\/ueber-uns\/diversitaets-personalbericht-von-digitalize-global\/"}]}},"_links":{"self":[{"href":"https:\/\/digitalizeglobal.com\/en\/wp-json\/wp\/v2\/pages\/5333","targetHints":{"allow":["GET"]}}],"collection":[{"href":"https:\/\/digitalizeglobal.com\/en\/wp-json\/wp\/v2\/pages"}],"about":[{"href":"https:\/\/digitalizeglobal.com\/en\/wp-json\/wp\/v2\/types\/page"}],"author":[{"embeddable":true,"href":"https:\/\/digitalizeglobal.com\/en\/wp-json\/wp\/v2\/users\/1"}],"replies":[{"embeddable":true,"href":"https:\/\/digitalizeglobal.com\/en\/wp-json\/wp\/v2\/comments?post=5333"}],"version-history":[{"count":0,"href":"https:\/\/digitalizeglobal.com\/en\/wp-json\/wp\/v2\/pages\/5333\/revisions"}],"up":[{"embeddable":true,"href":"https:\/\/digitalizeglobal.com\/en\/wp-json\/wp\/v2\/pages\/2120"}],"wp:attachment":[{"href":"https:\/\/digitalizeglobal.com\/en\/wp-json\/wp\/v2\/media?parent=5333"}],"curies":[{"name":"wp","href":"https:\/\/api.w.org\/{rel}","templated":true}]}}