{"id":3125,"date":"2024-05-08T09:57:36","date_gmt":"2024-05-08T07:57:36","guid":{"rendered":"https:\/\/digitalizeglobal.com\/?post_type=product&#038;p=3125"},"modified":"2024-08-08T14:48:35","modified_gmt":"2024-08-08T12:48:35","slug":"unternehmensgruendung-ltd-in-dublin-irland-all-incl","status":"publish","type":"product","link":"https:\/\/digitalizeglobal.com\/en\/product\/company-formation-ltd-in-dublin-ireland\/","title":{"rendered":"Company formation (LTD) in Dublin, Ireland (All-Incl.)"},"content":{"rendered":"<div class=\"woocommerce-variation-description\">\n<h3 class=\"elementor-heading-title elementor-size-default\">Incorporate a Limited Company (Ltd.) in Ireland on autopilot!<\/h3>\n<p>&nbsp;<\/p>\n<h4>The start-up package includes:<\/h4>\n<ul>\n<li>Checking the availability of the company name<\/li>\n<li>The allocation of a business address in Dublin (Registered Office)<\/li>\n<li>Completing and submitting the application for incorporation<\/li>\n<li>Payment of state fees<\/li>\n<li>Create and submit articles of association<\/li>\n<li>Applying for business licenses and permits (optional)<\/li>\n<li>Applying for an EU VAT number (VAT ID number)<\/li>\n<li>Opening a business account<\/li>\n<\/ul>\n<h2>The 12-month support includes:<\/h2>\n<h3>Registered Office<\/h3>\n<ul>\n<li><a class=\"wpil_keyword_link\" href=\"https:\/\/digitalizeglobal.com\/en\/the-registered-office-for-irish-companies-more-than-just-an-address\/?wmc-currency=USD\"   title=\"Registered Office\" data-wpil-keyword-link=\"linked\"  data-wpil-monitor-id=\"663\">Registered Office<\/a> - a physical business address<\/li>\n<li>Scan mail and forward by e-mail<\/li>\n<li>Daily mail forwarding<\/li>\n<\/ul>\n<h3>Secretary Service<\/h3>\n<ul>\n<li>The <a href=\"https:\/\/digitalizeglobal.com\/en\/product\/company-secretary-for-irish-limited-ltd\/?wmc-currency=USD\" title=\"Company Secretary Service for Irish Limited (LTD)\"  rel=\"noopener\" data-wpil-monitor-id=\"1\">Position of the Irish Company Secretary<\/a> includes registration with the respective commercial register as the official contact person.<\/li>\n<li>Submission of the annual accounts or financial statements to the commercial register<\/li>\n<li>The preparation and submission of the annual report (confirmation statement or annual return)<\/li>\n<li>The exemption of the company from the obligation to submit a tax return.<\/li>\n<li>Other correspondence with the Irish authorities<\/li>\n<\/ul>\n<h3>Basic services<\/h3>\n<ul>\n<li><span class=\"elementor-icon-list-text\">Ongoing support for your company and bureaucracy protection<\/span><\/li>\n<li>Unique membership card in a practical credit card format<\/li>\n<li>20 % discount on all our services offered on our website.<\/li>\n<li>Consultation (25 minutes per week) with an expert in sales marketing.<\/li>\n<li>Consultation (25 minutes per week) with an expert in visual communication, e-commerce and SEO.<\/li>\n<li>Consultation (25 minutes per week) with an expert in business start-up and management.<\/li>\n<\/ul>\n<p>&nbsp;<\/p>\n<\/div>","protected":false},"excerpt":{"rendered":"<p>Our services guarantee the highest level of data protection and absolute discretion when setting up your Limited (LTD) in Dublin. We offer a comprehensive all-round service covering all formalities, including the provision of a <a href=\"https:\/\/digitalizeglobal.com\/en\/the-importance-of-an-irish-company-secretary-for-tax-residency-and-corporation-tax-purposes\/?wmc-currency=USD\" title=\"The importance of an Irish company secretary, tax residency and corporation tax\"  data-wpil-monitor-id=\"99\">Company Secretary<\/a> and a business address. In addition, you will receive free mentoring and support with all questions relating to the start-up. Benefit from a worry-free start-up in Dublin and choose from flexible payment options. As a bonus, you will receive a founder card\/customer card with your order, which gives you a 20% discount on all other offers on our site.<\/p>","protected":false},"featured_media":3235,"comment_status":"open","ping_status":"closed","template":"","meta":{"_acf_changed":false,"_helpful_pro_status":1},"product_brand":[],"product_cat":[134],"product_tag":[135,187,107],"class_list":{"0":"post-3125","1":"product","2":"type-product","3":"status-publish","4":"has-post-thumbnail","6":"product_cat-unternehmensgruendung-irland","7":"product_tag-dublin-auf-autopilot","8":"product_tag-firmengruendung-irland","9":"product_tag-komplettpaket","11":"first","12":"instock","13":"virtual","14":"purchasable","15":"product-type-simple"},"acf":[],"yoast_head":"<!-- This site is optimized with the Yoast SEO Premium plugin v25.8 (Yoast SEO v25.8) - https:\/\/yoast.com\/wordpress\/plugins\/seo\/ -->\n<title>Unternehmensgr\u00fcndung (LTD) in Dublin, Irland (All-Incl.) - Digitalize Global<\/title>\n<meta name=\"robots\" content=\"index, follow, max-snippet:-1, max-image-preview:large, max-video-preview:-1\" \/>\n<link rel=\"canonical\" href=\"https:\/\/digitalizeglobal.com\/en\/product\/company-formation-ltd-in-dublin-ireland\/?wmc-currency=USD\" \/>\n<meta property=\"og:locale\" content=\"en_US\" \/>\n<meta property=\"og:type\" content=\"article\" \/>\n<meta property=\"og:title\" content=\"Unternehmensgr\u00fcndung (LTD) in Dublin, Irland (All-Incl.)\" \/>\n<meta property=\"og:description\" content=\"Unsere Dienstleistungen garantieren h\u00f6chsten Datenschutz und absolute Diskretion bei der Gr\u00fcndung Ihrer Limited (LTD) in Dublin. Wir bieten einen umfassenden Rundum-Service, der alle Formalit\u00e4ten abdeckt, einschlie\u00dflich der Bereitstellung eines Company Secretary und einer Gesch\u00e4ftsadresse. Dar\u00fcber hinaus erhalten Sie kostenloses Mentoring und Unterst\u00fctzung bei allen Fragen rund um die Gr\u00fcndung. Profitieren Sie von einer sorgenfreien Gr\u00fcndung in Dublin und w\u00e4hlen Sie aus flexiblen Zahlungsoptionen. Als Bonus erhalten Sie bei Ihrer Bestellung eine Gr\u00fcnderkarte\/Kundenkarte, die Ihnen 20% Rabatt auf alle weiteren Angebote auf unserer Seite bietet.\" \/>\n<meta property=\"og:url\" content=\"https:\/\/digitalizeglobal.com\/en\/product\/company-formation-ltd-in-dublin-ireland\/?wmc-currency=USD\" \/>\n<meta property=\"og:site_name\" content=\"Digitalize Global\" \/>\n<meta property=\"article:publisher\" content=\"https:\/\/www.facebook.com\/digitalizeglobal\/\" \/>\n<meta property=\"article:modified_time\" content=\"2024-08-08T12:48:35+00:00\" \/>\n<meta property=\"og:image\" content=\"https:\/\/digitalizeglobal.com\/wp-content\/uploads\/2024\/05\/unternehmensgruendung-ltd-in-irland-min.png\" \/>\n\t<meta property=\"og:image:width\" content=\"800\" \/>\n\t<meta property=\"og:image:height\" content=\"694\" \/>\n\t<meta property=\"og:image:type\" content=\"image\/png\" \/>\n<meta name=\"twitter:card\" content=\"summary_large_image\" \/>\n<meta name=\"twitter:label1\" content=\"Est. reading time\" \/>\n\t<meta name=\"twitter:data1\" content=\"1 minute\" \/>\n<script type=\"application\/ld+json\" class=\"yoast-schema-graph\">{\"@context\":\"https:\/\/schema.org\",\"@graph\":[{\"@type\":\"WebPage\",\"@id\":\"https:\/\/digitalizeglobal.com\/produkt\/unternehmensgruendung-ltd-in-dublin-irland-all-incl\/\",\"url\":\"https:\/\/digitalizeglobal.com\/produkt\/unternehmensgruendung-ltd-in-dublin-irland-all-incl\/\",\"name\":\"Unternehmensgr\u00fcndung (LTD) in Dublin, Irland (All-Incl.) - Digitalize Global\",\"isPartOf\":{\"@id\":\"https:\/\/digitalizeglobal.com\/#website\"},\"primaryImageOfPage\":{\"@id\":\"https:\/\/digitalizeglobal.com\/produkt\/unternehmensgruendung-ltd-in-dublin-irland-all-incl\/#primaryimage\"},\"image\":{\"@id\":\"https:\/\/digitalizeglobal.com\/produkt\/unternehmensgruendung-ltd-in-dublin-irland-all-incl\/#primaryimage\"},\"thumbnailUrl\":\"https:\/\/digitalizeglobal.com\/wp-content\/uploads\/2024\/05\/unternehmensgruendung-ltd-in-irland-min.png\",\"datePublished\":\"2024-05-08T07:57:36+00:00\",\"dateModified\":\"2024-08-08T12:48:35+00:00\",\"breadcrumb\":{\"@id\":\"https:\/\/digitalizeglobal.com\/produkt\/unternehmensgruendung-ltd-in-dublin-irland-all-incl\/#breadcrumb\"},\"inLanguage\":\"en-US\",\"potentialAction\":[{\"@type\":\"ReadAction\",\"target\":[\"https:\/\/digitalizeglobal.com\/produkt\/unternehmensgruendung-ltd-in-dublin-irland-all-incl\/\"]}]},{\"@type\":\"ImageObject\",\"inLanguage\":\"en-US\",\"@id\":\"https:\/\/digitalizeglobal.com\/produkt\/unternehmensgruendung-ltd-in-dublin-irland-all-incl\/#primaryimage\",\"url\":\"https:\/\/digitalizeglobal.com\/wp-content\/uploads\/2024\/05\/unternehmensgruendung-ltd-in-irland-min.png\",\"contentUrl\":\"https:\/\/digitalizeglobal.com\/wp-content\/uploads\/2024\/05\/unternehmensgruendung-ltd-in-irland-min.png\",\"width\":800,\"height\":694,\"caption\":\"Unternehemensgr\u00fcndung einer Irischen Ltd.\"},{\"@type\":\"BreadcrumbList\",\"@id\":\"https:\/\/digitalizeglobal.com\/produkt\/unternehmensgruendung-ltd-in-dublin-irland-all-incl\/#breadcrumb\",\"itemListElement\":[{\"@type\":\"ListItem\",\"position\":1,\"name\":\"Startseite\",\"item\":\"https:\/\/digitalizeglobal.com\/\"},{\"@type\":\"ListItem\",\"position\":2,\"name\":\"Shop f\u00fcr Entrepreneuere\",\"item\":\"https:\/\/digitalizeglobal.com\/shop-fuer-entrepreneuere\/\"},{\"@type\":\"ListItem\",\"position\":3,\"name\":\"Unternehmensgr\u00fcndung Irland\",\"item\":\"https:\/\/digitalizeglobal.com\/produkt-kategorie\/unternehmensgruendung-irland\/\"},{\"@type\":\"ListItem\",\"position\":4,\"name\":\"Unternehmensgr\u00fcndung (LTD) in Dublin, Irland (All-Incl.)\"}]},{\"@type\":\"WebSite\",\"@id\":\"https:\/\/digitalizeglobal.com\/#website\",\"url\":\"https:\/\/digitalizeglobal.com\/\",\"name\":\"Digitalize Global\",\"description\":\"Unternehmensgr\u00fcndung und Verwaltung\",\"publisher\":{\"@id\":\"https:\/\/digitalizeglobal.com\/#organization\"},\"alternateName\":\"Digitalize Global Business\",\"potentialAction\":[{\"@type\":\"SearchAction\",\"target\":{\"@type\":\"EntryPoint\",\"urlTemplate\":\"https:\/\/digitalizeglobal.com\/?s={search_term_string}\"},\"query-input\":{\"@type\":\"PropertyValueSpecification\",\"valueRequired\":true,\"valueName\":\"search_term_string\"}}],\"inLanguage\":\"en-US\"},{\"@type\":\"Organization\",\"@id\":\"https:\/\/digitalizeglobal.com\/#organization\",\"name\":\"Digitalize Global\",\"alternateName\":\"Digitalize Global, LLC.\",\"url\":\"https:\/\/digitalizeglobal.com\/\",\"logo\":{\"@type\":\"ImageObject\",\"inLanguage\":\"en-US\",\"@id\":\"https:\/\/digitalizeglobal.com\/#\/schema\/logo\/image\/\",\"url\":\"https:\/\/digitalizeglobal.com\/wp-content\/uploads\/2024\/04\/android-chrome-512x512-1.png\",\"contentUrl\":\"https:\/\/digitalizeglobal.com\/wp-content\/uploads\/2024\/04\/android-chrome-512x512-1.png\",\"width\":512,\"height\":512,\"caption\":\"Digitalize Global\"},\"image\":{\"@id\":\"https:\/\/digitalizeglobal.com\/#\/schema\/logo\/image\/\"},\"sameAs\":[\"https:\/\/www.facebook.com\/digitalizeglobal\/\",\"https:\/\/mastodon.social\/@Faierberg\",\"https:\/\/www.facebook.com\/groups\/digitalizeglobaldeu\",\"https:\/\/www.youtube.com\/@DigitalizeGlobal\",\"https:\/\/www.gutefrage.net\/nutzer\/Faierberg\",\"https:\/\/www.webwiki.de\/digitalizeglobal.com\",\"https:\/\/www.sitelike.org\/similar\/digitalizeglobal.com\/\"],\"description\":\"Wir sind Digitalize Global LLC, ein Unternehmen, das urspr\u00fcnglich im US-Bundesstaat Wyoming gegr\u00fcndet wurde \u2013 einem Ort, der f\u00fcr seine Bewohner mit einem Freiheitsdrang und einer tief verwurzelten Gleichberechtigung bekannt ist. Unser Ziel ist es, Ihnen dabei zu helfen, ihre unternehmerische Freiheit auf internationaler Ebene zu verwirklichen. Wir glauben, dass jeder Mensch das Recht und die Freiheit hat, seinen Lebensunterhalt mit dem zu verdienen, was er liebt. Legen Sie mit einer Unternehmensgr\u00fcndung den Grundstein f\u00fcr ein selbstbestimmtes Leben! Stets f\u00fcr unsere Kunden erreichbar Digitalize Global ist bekannt f\u00fcr seinen kundenfreundlichen Service und steht Ihnen als Partner vor, w\u00e4hrend und nach der Gr\u00fcndung Ihres Unternehmens pers\u00f6nlich zur Seite. Anders als viele Konkurrenten, die ihre Kunden nach der Gr\u00fcndung oft allein lassen, unterst\u00fctzen wir Sie bei allen Herausforderungen und bieten Ihnen kostenlose Beratungsgespr\u00e4che. Wir sind \u00fcberzeugt, dass internationales Gesch\u00e4ft und Mobilit\u00e4t f\u00fcr alle zug\u00e4nglich sein sollten. Klare und strukturierte Preispolitik Bei uns finden Sie keine unbezahlbaren Beratungsangebote oder versteckte Kosten. Alle unsere Angebote sind transparent und preisfest. Unser einzigartiges Alleinstellungsmerkmal gegen\u00fcber unseren Mitbewerbern sind unsere flexiblen Ratenzahlungsm\u00f6glichkeiten, die wir unseren Kunden anbieten. Priorit\u00e4t Datenschutz Mit h\u00f6chstem Datenschutz und Sorgfalt f\u00fcr Ihre Sicherheit \u00fcbernehmen wir alles rund um die Anmeldung, Verwaltung und Umsetzung Ihres Unternehmens im Ausland, sodass Sie sich um nichts k\u00fcmmern m\u00fcssen. Ihre Diskretion ist bei uns stets gew\u00e4hrleistet. Aus unserem Haus gehen niemals Meldungen an nicht involvierte Strukturen raus. Wir verf\u00fcgen \u00fcber umfangreiche Erfahrung Als Experten f\u00fcr Unternehmensgr\u00fcndungen in den USA und Europa unterst\u00fctzen wir Sie bei der Schaffung ortsunabh\u00e4ngiger Arbeitspl\u00e4tze und bieten ein breites Spektrum professioneller Dienstleistungen.\",\"email\":\"office@digitalizeglobal.com\",\"telephone\":\"+1 406 943 4473\",\"legalName\":\"Digitalize Global, LLC.\",\"foundingDate\":\"2024-05-01\",\"taxID\":\"30-1415662\",\"numberOfEmployees\":{\"@type\":\"QuantitativeValue\",\"minValue\":\"1\",\"maxValue\":\"10\"},\"publishingPrinciples\":\"https:\/\/digitalizeglobal.com\/ueber-uns\/veroeffentlichungsgrundsaetze-von-digitalize-global\/\",\"ownershipFundingInfo\":\"https:\/\/digitalizeglobal.com\/ueber-uns\/eigentums-und-finanzierungsinformationen-von-digitalize-global\/\",\"actionableFeedbackPolicy\":\"https:\/\/digitalizeglobal.com\/terms-and-conditions\/umsetzbare-feedback-richtlinie-von-digitalize-global\/\",\"correctionsPolicy\":\"https:\/\/digitalizeglobal.com\/ueber-uns\/korrekturrichtlinie-von-digitalize-global\/\",\"ethicsPolicy\":\"https:\/\/digitalizeglobal.com\/ueber-uns\/digitalize-global-addendum-unser-versprechen-fuer-freies-unternehmertum\/\",\"diversityPolicy\":\"https:\/\/digitalizeglobal.com\/datenschutzerklaerung\/\",\"diversityStaffingReport\":\"https:\/\/digitalizeglobal.com\/ueber-uns\/diversitaets-personalbericht-von-digitalize-global\/\"}]}<\/script>\n<!-- \/ Yoast SEO Premium plugin. -->","yoast_head_json":{"title":"Company formation (LTD) in Dublin, Ireland (All-Incl.) - Digitalize Global","robots":{"index":"index","follow":"follow","max-snippet":"max-snippet:-1","max-image-preview":"max-image-preview:large","max-video-preview":"max-video-preview:-1"},"canonical":"https:\/\/digitalizeglobal.com\/en\/product\/company-formation-ltd-in-dublin-ireland\/?wmc-currency=USD","og_locale":"en_US","og_type":"article","og_title":"Unternehmensgr\u00fcndung (LTD) in Dublin, Irland (All-Incl.)","og_description":"Unsere Dienstleistungen garantieren h\u00f6chsten Datenschutz und absolute Diskretion bei der Gr\u00fcndung Ihrer Limited (LTD) in Dublin. Wir bieten einen umfassenden Rundum-Service, der alle Formalit\u00e4ten abdeckt, einschlie\u00dflich der Bereitstellung eines Company Secretary und einer Gesch\u00e4ftsadresse. Dar\u00fcber hinaus erhalten Sie kostenloses Mentoring und Unterst\u00fctzung bei allen Fragen rund um die Gr\u00fcndung. Profitieren Sie von einer sorgenfreien Gr\u00fcndung in Dublin und w\u00e4hlen Sie aus flexiblen Zahlungsoptionen. Als Bonus erhalten Sie bei Ihrer Bestellung eine Gr\u00fcnderkarte\/Kundenkarte, die Ihnen 20% Rabatt auf alle weiteren Angebote auf unserer Seite bietet.","og_url":"https:\/\/digitalizeglobal.com\/en\/product\/company-formation-ltd-in-dublin-ireland\/?wmc-currency=USD","og_site_name":"Digitalize Global","article_publisher":"https:\/\/www.facebook.com\/digitalizeglobal\/","article_modified_time":"2024-08-08T12:48:35+00:00","og_image":[{"width":800,"height":694,"url":"https:\/\/digitalizeglobal.com\/wp-content\/uploads\/2024\/05\/unternehmensgruendung-ltd-in-irland-min.png","type":"image\/png"}],"twitter_card":"summary_large_image","twitter_misc":{"Est. reading time":"1 minute"},"schema":{"@context":"https:\/\/schema.org","@graph":[{"@type":"WebPage","@id":"https:\/\/digitalizeglobal.com\/produkt\/unternehmensgruendung-ltd-in-dublin-irland-all-incl\/","url":"https:\/\/digitalizeglobal.com\/produkt\/unternehmensgruendung-ltd-in-dublin-irland-all-incl\/","name":"Company formation (LTD) in Dublin, Ireland (All-Incl.) - Digitalize Global","isPartOf":{"@id":"https:\/\/digitalizeglobal.com\/#website"},"primaryImageOfPage":{"@id":"https:\/\/digitalizeglobal.com\/produkt\/unternehmensgruendung-ltd-in-dublin-irland-all-incl\/#primaryimage"},"image":{"@id":"https:\/\/digitalizeglobal.com\/produkt\/unternehmensgruendung-ltd-in-dublin-irland-all-incl\/#primaryimage"},"thumbnailUrl":"https:\/\/digitalizeglobal.com\/wp-content\/uploads\/2024\/05\/unternehmensgruendung-ltd-in-irland-min.png","datePublished":"2024-05-08T07:57:36+00:00","dateModified":"2024-08-08T12:48:35+00:00","breadcrumb":{"@id":"https:\/\/digitalizeglobal.com\/produkt\/unternehmensgruendung-ltd-in-dublin-irland-all-incl\/#breadcrumb"},"inLanguage":"en-US","potentialAction":[{"@type":"ReadAction","target":["https:\/\/digitalizeglobal.com\/produkt\/unternehmensgruendung-ltd-in-dublin-irland-all-incl\/"]}]},{"@type":"ImageObject","inLanguage":"en-US","@id":"https:\/\/digitalizeglobal.com\/produkt\/unternehmensgruendung-ltd-in-dublin-irland-all-incl\/#primaryimage","url":"https:\/\/digitalizeglobal.com\/wp-content\/uploads\/2024\/05\/unternehmensgruendung-ltd-in-irland-min.png","contentUrl":"https:\/\/digitalizeglobal.com\/wp-content\/uploads\/2024\/05\/unternehmensgruendung-ltd-in-irland-min.png","width":800,"height":694,"caption":"Unternehemensgr\u00fcndung einer Irischen Ltd."},{"@type":"BreadcrumbList","@id":"https:\/\/digitalizeglobal.com\/produkt\/unternehmensgruendung-ltd-in-dublin-irland-all-incl\/#breadcrumb","itemListElement":[{"@type":"ListItem","position":1,"name":"Startseite","item":"https:\/\/digitalizeglobal.com\/"},{"@type":"ListItem","position":2,"name":"Shop f\u00fcr Entrepreneuere","item":"https:\/\/digitalizeglobal.com\/shop-fuer-entrepreneuere\/"},{"@type":"ListItem","position":3,"name":"Unternehmensgr\u00fcndung Irland","item":"https:\/\/digitalizeglobal.com\/produkt-kategorie\/unternehmensgruendung-irland\/"},{"@type":"ListItem","position":4,"name":"Unternehmensgr\u00fcndung (LTD) in Dublin, Irland (All-Incl.)"}]},{"@type":"WebSite","@id":"https:\/\/digitalizeglobal.com\/#website","url":"https:\/\/digitalizeglobal.com\/","name":"Digitalize Global","description":"Company formation and administration","publisher":{"@id":"https:\/\/digitalizeglobal.com\/#organization"},"alternateName":"Digitalize Global Business","potentialAction":[{"@type":"SearchAction","target":{"@type":"EntryPoint","urlTemplate":"https:\/\/digitalizeglobal.com\/?s={search_term_string}"},"query-input":{"@type":"PropertyValueSpecification","valueRequired":true,"valueName":"search_term_string"}}],"inLanguage":"en-US"},{"@type":"Organization","@id":"https:\/\/digitalizeglobal.com\/#organization","name":"Digitalize Global","alternateName":"Digitalize Global, LLC.","url":"https:\/\/digitalizeglobal.com\/","logo":{"@type":"ImageObject","inLanguage":"en-US","@id":"https:\/\/digitalizeglobal.com\/#\/schema\/logo\/image\/","url":"https:\/\/digitalizeglobal.com\/wp-content\/uploads\/2024\/04\/android-chrome-512x512-1.png","contentUrl":"https:\/\/digitalizeglobal.com\/wp-content\/uploads\/2024\/04\/android-chrome-512x512-1.png","width":512,"height":512,"caption":"Digitalize Global"},"image":{"@id":"https:\/\/digitalizeglobal.com\/#\/schema\/logo\/image\/"},"sameAs":["https:\/\/www.facebook.com\/digitalizeglobal\/","https:\/\/mastodon.social\/@Faierberg","https:\/\/www.facebook.com\/groups\/digitalizeglobaldeu","https:\/\/www.youtube.com\/@DigitalizeGlobal","https:\/\/www.gutefrage.net\/nutzer\/Faierberg","https:\/\/www.webwiki.de\/digitalizeglobal.com","https:\/\/www.sitelike.org\/similar\/digitalizeglobal.com\/"],"description":"We are Digitalize Global LLC, a company originally founded in the US state of Wyoming - a place known for its residents with a thirst for freedom and a deep-rooted sense of equality. Our goal is to help you realize your entrepreneurial freedom on an international scale. We believe that everyone has the right and freedom to earn a living doing what they love. Lay the foundation for a self-determined life by founding a company! Always available for our customers Digitalize Global is known for its customer-friendly service and will personally support you as a partner before, during and after the foundation of your company. Unlike many of our competitors, who often leave their customers to fend for themselves after the start-up, we support you in all challenges and offer free consultations. We believe that international business and mobility should be accessible to all. Clear and structured pricing policy With us, you won't find any unaffordable consulting offers or hidden costs. All our offers are transparent and fixed priced. Our unique selling point compared to our competitors is the flexible installment payment options we offer our customers. Priority data protection With the highest level of data protection and care for your security, we take care of everything related to the registration, administration and implementation of your company abroad, so you don't have to worry about a thing. Your discretion is always guaranteed with us. Our company never sends out reports to non-involved structures. We have extensive experience As experts in setting up companies in the USA and Europe, we support you in creating location-independent workplaces and offer a wide range of professional services.","email":"office@digitalizeglobal.com","telephone":"+1 406 943 4473","legalName":"Digitalize Global, LLC.","foundingDate":"2024-05-01","taxID":"30-1415662","numberOfEmployees":{"@type":"QuantitativeValue","minValue":"1","maxValue":"10"},"publishingPrinciples":"https:\/\/digitalizeglobal.com\/ueber-uns\/veroeffentlichungsgrundsaetze-von-digitalize-global\/","ownershipFundingInfo":"https:\/\/digitalizeglobal.com\/ueber-uns\/eigentums-und-finanzierungsinformationen-von-digitalize-global\/","actionableFeedbackPolicy":"https:\/\/digitalizeglobal.com\/terms-and-conditions\/umsetzbare-feedback-richtlinie-von-digitalize-global\/","correctionsPolicy":"https:\/\/digitalizeglobal.com\/ueber-uns\/korrekturrichtlinie-von-digitalize-global\/","ethicsPolicy":"https:\/\/digitalizeglobal.com\/ueber-uns\/digitalize-global-addendum-unser-versprechen-fuer-freies-unternehmertum\/","diversityPolicy":"https:\/\/digitalizeglobal.com\/datenschutzerklaerung\/","diversityStaffingReport":"https:\/\/digitalizeglobal.com\/ueber-uns\/diversitaets-personalbericht-von-digitalize-global\/"}]}},"_links":{"self":[{"href":"https:\/\/digitalizeglobal.com\/en\/wp-json\/wp\/v2\/product\/3125","targetHints":{"allow":["GET"]}}],"collection":[{"href":"https:\/\/digitalizeglobal.com\/en\/wp-json\/wp\/v2\/product"}],"about":[{"href":"https:\/\/digitalizeglobal.com\/en\/wp-json\/wp\/v2\/types\/product"}],"replies":[{"embeddable":true,"href":"https:\/\/digitalizeglobal.com\/en\/wp-json\/wp\/v2\/comments?post=3125"}],"version-history":[{"count":0,"href":"https:\/\/digitalizeglobal.com\/en\/wp-json\/wp\/v2\/product\/3125\/revisions"}],"wp:featuredmedia":[{"embeddable":true,"href":"https:\/\/digitalizeglobal.com\/en\/wp-json\/wp\/v2\/media\/3235"}],"wp:attachment":[{"href":"https:\/\/digitalizeglobal.com\/en\/wp-json\/wp\/v2\/media?parent=3125"}],"wp:term":[{"taxonomy":"product_brand","embeddable":true,"href":"https:\/\/digitalizeglobal.com\/en\/wp-json\/wp\/v2\/product_brand?post=3125"},{"taxonomy":"product_cat","embeddable":true,"href":"https:\/\/digitalizeglobal.com\/en\/wp-json\/wp\/v2\/product_cat?post=3125"},{"taxonomy":"product_tag","embeddable":true,"href":"https:\/\/digitalizeglobal.com\/en\/wp-json\/wp\/v2\/product_tag?post=3125"}],"curies":[{"name":"wp","href":"https:\/\/api.w.org\/{rel}","templated":true}]}}