{"id":3860,"date":"2024-05-22T15:35:44","date_gmt":"2024-05-22T13:35:44","guid":{"rendered":"https:\/\/digitalizeglobal.com\/?post_type=product&#038;p=3860"},"modified":"2024-07-29T00:39:32","modified_gmt":"2024-07-28T22:39:32","slug":"12-monatige-servicepaket-fuer-non-domestic-llc","status":"publish","type":"product","link":"https:\/\/digitalizeglobal.com\/en\/product\/12-month-service-package-for-non-domestic-llc\/","title":{"rendered":"12-month service package for non-domestic LLCs"},"content":{"rendered":"<p>With our 12-month service package for your non-domestic LLC, we are your reliable partner. We offer comprehensive bureaucratic protection, coaching on company management and take on administrative tasks.<\/p>\n<h3>Our service includes:<\/h3>\n<ul>\n<li>Provision of a registered agent service<\/li>\n<li>Timely submission of your annual financial statements to the Internal Revenue Service (IRS)<\/li>\n<li>Punctual submission of the <strong>Form 1120 and Form 5472<\/strong><\/li>\n<li>Payment of your annual government fees<\/li>\n<li>Ensuring the smooth and legally compliant operation of your company<\/li>\n<\/ul>\n<p>Rely on us and concentrate on the essentials - your business.<\/p>\n<h3>Chart: Annual government fees covered by the service package (in US dollars):<\/h3>\n<div class=\"ninja-charts-google-container\"\n     data-id=\"3\"\n     data-uniqid=\"_460240186_3\"\n>\n    <div id= \"ninja_charts_instance_460240186_3\"\n         class=\"ninja_charts_instance_460240186_3\"\n         style='             height: 400px;             width: auto;             '\n    ><\/div>\n<\/div>","protected":false},"excerpt":{"rendered":"<p>By booking the 12-month service package for your US LLC, you have us as a strong partner at your side. Whether it's bureaucratic protection, coaching on company management or as an autopilot - you can rely on us. We provide you with a registered agent service and send your annual financial statements to the Internal Revenue Service (IRS) on time. We also take care of your annual government fees and ensure that your business runs smoothly and complies with the law.<\/p>","protected":false},"featured_media":3862,"comment_status":"open","ping_status":"closed","template":"","meta":{"_acf_changed":false,"_helpful_pro_status":1},"product_brand":[],"product_cat":[118],"product_tag":[179],"class_list":{"0":"post-3860","1":"product","2":"type-product","3":"status-publish","4":"has-post-thumbnail","6":"product_cat-zusatzleistungen-fuer-llc","7":"product_tag-service-package-llc","9":"first","10":"instock","11":"virtual","12":"purchasable","13":"product-type-simple"},"acf":[],"yoast_head":"<!-- This site is optimized with the Yoast SEO Premium plugin v25.8 (Yoast SEO v25.8) - https:\/\/yoast.com\/wordpress\/plugins\/seo\/ -->\n<title>12-monatiges Servicepaket f\u00fcr Non-Domestic-LLCs - Digitalize Global<\/title>\n<meta name=\"description\" content=\"Mit unserem 12-monatigen Servicepaket f\u00fcr Ihre Non-Domestic-LLC sind wir Ihr verl\u00e4sslicher Partner. F\u00fcr Anonyme und Normale LLC 12 Monate sorgenfrei!\" \/>\n<meta name=\"robots\" content=\"index, follow, max-snippet:-1, max-image-preview:large, max-video-preview:-1\" \/>\n<link rel=\"canonical\" href=\"https:\/\/digitalizeglobal.com\/en\/product\/12-month-service-package-for-non-domestic-llc\/?wmc-currency=USD\" \/>\n<meta property=\"og:locale\" content=\"en_US\" \/>\n<meta property=\"og:type\" content=\"article\" \/>\n<meta property=\"og:title\" content=\"12-monatiges Servicepaket f\u00fcr Non-Domestic-LLCs\" \/>\n<meta property=\"og:description\" content=\"Mit unserem 12-monatigen Servicepaket f\u00fcr Ihre Non-Domestic-LLC sind wir Ihr verl\u00e4sslicher Partner. F\u00fcr Anonyme und Normale LLC 12 Monate sorgenfrei!\" \/>\n<meta property=\"og:url\" content=\"https:\/\/digitalizeglobal.com\/en\/product\/12-month-service-package-for-non-domestic-llc\/?wmc-currency=USD\" \/>\n<meta property=\"og:site_name\" content=\"Digitalize Global\" \/>\n<meta property=\"article:publisher\" content=\"https:\/\/www.facebook.com\/digitalizeglobal\/\" \/>\n<meta property=\"article:modified_time\" content=\"2024-07-28T22:39:32+00:00\" \/>\n<meta property=\"og:image\" content=\"https:\/\/digitalizeglobal.com\/wp-content\/uploads\/2024\/05\/12-monatiges-Servicepaket-fuer-Non-Domestic-LLCs.jpeg\" \/>\n\t<meta property=\"og:image:width\" content=\"1232\" \/>\n\t<meta property=\"og:image:height\" content=\"768\" \/>\n\t<meta property=\"og:image:type\" content=\"image\/jpeg\" \/>\n<meta name=\"twitter:card\" content=\"summary_large_image\" \/>\n<meta name=\"twitter:label1\" content=\"Est. reading time\" \/>\n\t<meta name=\"twitter:data1\" content=\"2 minutes\" \/>\n<script type=\"application\/ld+json\" class=\"yoast-schema-graph\">{\"@context\":\"https:\/\/schema.org\",\"@graph\":[{\"@type\":\"WebPage\",\"@id\":\"https:\/\/digitalizeglobal.com\/produkt\/12-monatige-servicepaket-fuer-non-domestic-llc\/\",\"url\":\"https:\/\/digitalizeglobal.com\/produkt\/12-monatige-servicepaket-fuer-non-domestic-llc\/\",\"name\":\"12-monatiges Servicepaket f\u00fcr Non-Domestic-LLCs - Digitalize Global\",\"isPartOf\":{\"@id\":\"https:\/\/digitalizeglobal.com\/#website\"},\"primaryImageOfPage\":{\"@id\":\"https:\/\/digitalizeglobal.com\/produkt\/12-monatige-servicepaket-fuer-non-domestic-llc\/#primaryimage\"},\"image\":{\"@id\":\"https:\/\/digitalizeglobal.com\/produkt\/12-monatige-servicepaket-fuer-non-domestic-llc\/#primaryimage\"},\"thumbnailUrl\":\"https:\/\/digitalizeglobal.com\/wp-content\/uploads\/2024\/05\/12-monatiges-Servicepaket-fuer-Non-Domestic-LLCs-scaled.jpeg\",\"datePublished\":\"2024-05-22T13:35:44+00:00\",\"dateModified\":\"2024-07-28T22:39:32+00:00\",\"description\":\"Mit unserem 12-monatigen Servicepaket f\u00fcr Ihre Non-Domestic-LLC sind wir Ihr verl\u00e4sslicher Partner. F\u00fcr Anonyme und Normale LLC 12 Monate sorgenfrei!\",\"breadcrumb\":{\"@id\":\"https:\/\/digitalizeglobal.com\/produkt\/12-monatige-servicepaket-fuer-non-domestic-llc\/#breadcrumb\"},\"inLanguage\":\"en-US\",\"potentialAction\":[{\"@type\":\"ReadAction\",\"target\":[\"https:\/\/digitalizeglobal.com\/produkt\/12-monatige-servicepaket-fuer-non-domestic-llc\/\"]}]},{\"@type\":\"ImageObject\",\"inLanguage\":\"en-US\",\"@id\":\"https:\/\/digitalizeglobal.com\/produkt\/12-monatige-servicepaket-fuer-non-domestic-llc\/#primaryimage\",\"url\":\"https:\/\/digitalizeglobal.com\/wp-content\/uploads\/2024\/05\/12-monatiges-Servicepaket-fuer-Non-Domestic-LLCs-scaled.jpeg\",\"contentUrl\":\"https:\/\/digitalizeglobal.com\/wp-content\/uploads\/2024\/05\/12-monatiges-Servicepaket-fuer-Non-Domestic-LLCs-scaled.jpeg\",\"width\":1024,\"height\":638,\"caption\":\"12-monatiges Servicepaket f\u00fcr Non-Domestic-LLCs\"},{\"@type\":\"BreadcrumbList\",\"@id\":\"https:\/\/digitalizeglobal.com\/produkt\/12-monatige-servicepaket-fuer-non-domestic-llc\/#breadcrumb\",\"itemListElement\":[{\"@type\":\"ListItem\",\"position\":1,\"name\":\"Startseite\",\"item\":\"https:\/\/digitalizeglobal.com\/\"},{\"@type\":\"ListItem\",\"position\":2,\"name\":\"Shop f\u00fcr Entrepreneuere\",\"item\":\"https:\/\/digitalizeglobal.com\/shop-fuer-entrepreneuere\/\"},{\"@type\":\"ListItem\",\"position\":3,\"name\":\"Zusatzleistungen f\u00fcr LLC\",\"item\":\"https:\/\/digitalizeglobal.com\/produkt-kategorie\/zusatzleistungen-fuer-llc\/\"},{\"@type\":\"ListItem\",\"position\":4,\"name\":\"12-monatiges Servicepaket f\u00fcr Non-Domestic-LLCs\"}]},{\"@type\":\"WebSite\",\"@id\":\"https:\/\/digitalizeglobal.com\/#website\",\"url\":\"https:\/\/digitalizeglobal.com\/\",\"name\":\"Digitalize Global\",\"description\":\"Unternehmensgr\u00fcndung und Verwaltung\",\"publisher\":{\"@id\":\"https:\/\/digitalizeglobal.com\/#organization\"},\"alternateName\":\"Digitalize Global Business\",\"potentialAction\":[{\"@type\":\"SearchAction\",\"target\":{\"@type\":\"EntryPoint\",\"urlTemplate\":\"https:\/\/digitalizeglobal.com\/?s={search_term_string}\"},\"query-input\":{\"@type\":\"PropertyValueSpecification\",\"valueRequired\":true,\"valueName\":\"search_term_string\"}}],\"inLanguage\":\"en-US\"},{\"@type\":\"Organization\",\"@id\":\"https:\/\/digitalizeglobal.com\/#organization\",\"name\":\"Digitalize Global\",\"alternateName\":\"Digitalize Global, LLC.\",\"url\":\"https:\/\/digitalizeglobal.com\/\",\"logo\":{\"@type\":\"ImageObject\",\"inLanguage\":\"en-US\",\"@id\":\"https:\/\/digitalizeglobal.com\/#\/schema\/logo\/image\/\",\"url\":\"https:\/\/digitalizeglobal.com\/wp-content\/uploads\/2024\/04\/android-chrome-512x512-1.png\",\"contentUrl\":\"https:\/\/digitalizeglobal.com\/wp-content\/uploads\/2024\/04\/android-chrome-512x512-1.png\",\"width\":512,\"height\":512,\"caption\":\"Digitalize Global\"},\"image\":{\"@id\":\"https:\/\/digitalizeglobal.com\/#\/schema\/logo\/image\/\"},\"sameAs\":[\"https:\/\/www.facebook.com\/digitalizeglobal\/\",\"https:\/\/mastodon.social\/@Faierberg\",\"https:\/\/www.facebook.com\/groups\/digitalizeglobaldeu\",\"https:\/\/www.youtube.com\/@DigitalizeGlobal\",\"https:\/\/www.gutefrage.net\/nutzer\/Faierberg\",\"https:\/\/www.webwiki.de\/digitalizeglobal.com\",\"https:\/\/www.sitelike.org\/similar\/digitalizeglobal.com\/\"],\"description\":\"Wir sind Digitalize Global LLC, ein Unternehmen, das urspr\u00fcnglich im US-Bundesstaat Wyoming gegr\u00fcndet wurde \u2013 einem Ort, der f\u00fcr seine Bewohner mit einem Freiheitsdrang und einer tief verwurzelten Gleichberechtigung bekannt ist. Unser Ziel ist es, Ihnen dabei zu helfen, ihre unternehmerische Freiheit auf internationaler Ebene zu verwirklichen. Wir glauben, dass jeder Mensch das Recht und die Freiheit hat, seinen Lebensunterhalt mit dem zu verdienen, was er liebt. Legen Sie mit einer Unternehmensgr\u00fcndung den Grundstein f\u00fcr ein selbstbestimmtes Leben! Stets f\u00fcr unsere Kunden erreichbar Digitalize Global ist bekannt f\u00fcr seinen kundenfreundlichen Service und steht Ihnen als Partner vor, w\u00e4hrend und nach der Gr\u00fcndung Ihres Unternehmens pers\u00f6nlich zur Seite. Anders als viele Konkurrenten, die ihre Kunden nach der Gr\u00fcndung oft allein lassen, unterst\u00fctzen wir Sie bei allen Herausforderungen und bieten Ihnen kostenlose Beratungsgespr\u00e4che. Wir sind \u00fcberzeugt, dass internationales Gesch\u00e4ft und Mobilit\u00e4t f\u00fcr alle zug\u00e4nglich sein sollten. Klare und strukturierte Preispolitik Bei uns finden Sie keine unbezahlbaren Beratungsangebote oder versteckte Kosten. Alle unsere Angebote sind transparent und preisfest. Unser einzigartiges Alleinstellungsmerkmal gegen\u00fcber unseren Mitbewerbern sind unsere flexiblen Ratenzahlungsm\u00f6glichkeiten, die wir unseren Kunden anbieten. Priorit\u00e4t Datenschutz Mit h\u00f6chstem Datenschutz und Sorgfalt f\u00fcr Ihre Sicherheit \u00fcbernehmen wir alles rund um die Anmeldung, Verwaltung und Umsetzung Ihres Unternehmens im Ausland, sodass Sie sich um nichts k\u00fcmmern m\u00fcssen. Ihre Diskretion ist bei uns stets gew\u00e4hrleistet. Aus unserem Haus gehen niemals Meldungen an nicht involvierte Strukturen raus. Wir verf\u00fcgen \u00fcber umfangreiche Erfahrung Als Experten f\u00fcr Unternehmensgr\u00fcndungen in den USA und Europa unterst\u00fctzen wir Sie bei der Schaffung ortsunabh\u00e4ngiger Arbeitspl\u00e4tze und bieten ein breites Spektrum professioneller Dienstleistungen.\",\"email\":\"office@digitalizeglobal.com\",\"telephone\":\"+1 406 943 4473\",\"legalName\":\"Digitalize Global, LLC.\",\"foundingDate\":\"2024-05-01\",\"taxID\":\"30-1415662\",\"numberOfEmployees\":{\"@type\":\"QuantitativeValue\",\"minValue\":\"1\",\"maxValue\":\"10\"},\"publishingPrinciples\":\"https:\/\/digitalizeglobal.com\/ueber-uns\/veroeffentlichungsgrundsaetze-von-digitalize-global\/\",\"ownershipFundingInfo\":\"https:\/\/digitalizeglobal.com\/ueber-uns\/eigentums-und-finanzierungsinformationen-von-digitalize-global\/\",\"actionableFeedbackPolicy\":\"https:\/\/digitalizeglobal.com\/terms-and-conditions\/umsetzbare-feedback-richtlinie-von-digitalize-global\/\",\"correctionsPolicy\":\"https:\/\/digitalizeglobal.com\/ueber-uns\/korrekturrichtlinie-von-digitalize-global\/\",\"ethicsPolicy\":\"https:\/\/digitalizeglobal.com\/ueber-uns\/digitalize-global-addendum-unser-versprechen-fuer-freies-unternehmertum\/\",\"diversityPolicy\":\"https:\/\/digitalizeglobal.com\/datenschutzerklaerung\/\",\"diversityStaffingReport\":\"https:\/\/digitalizeglobal.com\/ueber-uns\/diversitaets-personalbericht-von-digitalize-global\/\"}]}<\/script>\n<!-- \/ Yoast SEO Premium plugin. -->","yoast_head_json":{"title":"12-month service package for non-domestic LLCs - Digitalize Global","description":"With our 12-month service package for your non-domestic LLC, we are your reliable partner. For Anonymous and Normal LLC 12 months worry-free!","robots":{"index":"index","follow":"follow","max-snippet":"max-snippet:-1","max-image-preview":"max-image-preview:large","max-video-preview":"max-video-preview:-1"},"canonical":"https:\/\/digitalizeglobal.com\/en\/product\/12-month-service-package-for-non-domestic-llc\/?wmc-currency=USD","og_locale":"en_US","og_type":"article","og_title":"12-monatiges Servicepaket f\u00fcr Non-Domestic-LLCs","og_description":"Mit unserem 12-monatigen Servicepaket f\u00fcr Ihre Non-Domestic-LLC sind wir Ihr verl\u00e4sslicher Partner. F\u00fcr Anonyme und Normale LLC 12 Monate sorgenfrei!","og_url":"https:\/\/digitalizeglobal.com\/en\/product\/12-month-service-package-for-non-domestic-llc\/?wmc-currency=USD","og_site_name":"Digitalize Global","article_publisher":"https:\/\/www.facebook.com\/digitalizeglobal\/","article_modified_time":"2024-07-28T22:39:32+00:00","og_image":[{"width":1232,"height":768,"url":"https:\/\/digitalizeglobal.com\/wp-content\/uploads\/2024\/05\/12-monatiges-Servicepaket-fuer-Non-Domestic-LLCs.jpeg","type":"image\/jpeg"}],"twitter_card":"summary_large_image","twitter_misc":{"Est. reading time":"2 minutes"},"schema":{"@context":"https:\/\/schema.org","@graph":[{"@type":"WebPage","@id":"https:\/\/digitalizeglobal.com\/produkt\/12-monatige-servicepaket-fuer-non-domestic-llc\/","url":"https:\/\/digitalizeglobal.com\/produkt\/12-monatige-servicepaket-fuer-non-domestic-llc\/","name":"12-month service package for non-domestic LLCs - Digitalize Global","isPartOf":{"@id":"https:\/\/digitalizeglobal.com\/#website"},"primaryImageOfPage":{"@id":"https:\/\/digitalizeglobal.com\/produkt\/12-monatige-servicepaket-fuer-non-domestic-llc\/#primaryimage"},"image":{"@id":"https:\/\/digitalizeglobal.com\/produkt\/12-monatige-servicepaket-fuer-non-domestic-llc\/#primaryimage"},"thumbnailUrl":"https:\/\/digitalizeglobal.com\/wp-content\/uploads\/2024\/05\/12-monatiges-Servicepaket-fuer-Non-Domestic-LLCs-scaled.jpeg","datePublished":"2024-05-22T13:35:44+00:00","dateModified":"2024-07-28T22:39:32+00:00","description":"With our 12-month service package for your non-domestic LLC, we are your reliable partner. For Anonymous and Normal LLC 12 months worry-free!","breadcrumb":{"@id":"https:\/\/digitalizeglobal.com\/produkt\/12-monatige-servicepaket-fuer-non-domestic-llc\/#breadcrumb"},"inLanguage":"en-US","potentialAction":[{"@type":"ReadAction","target":["https:\/\/digitalizeglobal.com\/produkt\/12-monatige-servicepaket-fuer-non-domestic-llc\/"]}]},{"@type":"ImageObject","inLanguage":"en-US","@id":"https:\/\/digitalizeglobal.com\/produkt\/12-monatige-servicepaket-fuer-non-domestic-llc\/#primaryimage","url":"https:\/\/digitalizeglobal.com\/wp-content\/uploads\/2024\/05\/12-monatiges-Servicepaket-fuer-Non-Domestic-LLCs-scaled.jpeg","contentUrl":"https:\/\/digitalizeglobal.com\/wp-content\/uploads\/2024\/05\/12-monatiges-Servicepaket-fuer-Non-Domestic-LLCs-scaled.jpeg","width":1024,"height":638,"caption":"12-monatiges Servicepaket f\u00fcr Non-Domestic-LLCs"},{"@type":"BreadcrumbList","@id":"https:\/\/digitalizeglobal.com\/produkt\/12-monatige-servicepaket-fuer-non-domestic-llc\/#breadcrumb","itemListElement":[{"@type":"ListItem","position":1,"name":"Startseite","item":"https:\/\/digitalizeglobal.com\/"},{"@type":"ListItem","position":2,"name":"Shop f\u00fcr Entrepreneuere","item":"https:\/\/digitalizeglobal.com\/shop-fuer-entrepreneuere\/"},{"@type":"ListItem","position":3,"name":"Zusatzleistungen f\u00fcr LLC","item":"https:\/\/digitalizeglobal.com\/produkt-kategorie\/zusatzleistungen-fuer-llc\/"},{"@type":"ListItem","position":4,"name":"12-monatiges Servicepaket f\u00fcr Non-Domestic-LLCs"}]},{"@type":"WebSite","@id":"https:\/\/digitalizeglobal.com\/#website","url":"https:\/\/digitalizeglobal.com\/","name":"Digitalize Global","description":"Company formation and administration","publisher":{"@id":"https:\/\/digitalizeglobal.com\/#organization"},"alternateName":"Digitalize Global Business","potentialAction":[{"@type":"SearchAction","target":{"@type":"EntryPoint","urlTemplate":"https:\/\/digitalizeglobal.com\/?s={search_term_string}"},"query-input":{"@type":"PropertyValueSpecification","valueRequired":true,"valueName":"search_term_string"}}],"inLanguage":"en-US"},{"@type":"Organization","@id":"https:\/\/digitalizeglobal.com\/#organization","name":"Digitalize Global","alternateName":"Digitalize Global, LLC.","url":"https:\/\/digitalizeglobal.com\/","logo":{"@type":"ImageObject","inLanguage":"en-US","@id":"https:\/\/digitalizeglobal.com\/#\/schema\/logo\/image\/","url":"https:\/\/digitalizeglobal.com\/wp-content\/uploads\/2024\/04\/android-chrome-512x512-1.png","contentUrl":"https:\/\/digitalizeglobal.com\/wp-content\/uploads\/2024\/04\/android-chrome-512x512-1.png","width":512,"height":512,"caption":"Digitalize Global"},"image":{"@id":"https:\/\/digitalizeglobal.com\/#\/schema\/logo\/image\/"},"sameAs":["https:\/\/www.facebook.com\/digitalizeglobal\/","https:\/\/mastodon.social\/@Faierberg","https:\/\/www.facebook.com\/groups\/digitalizeglobaldeu","https:\/\/www.youtube.com\/@DigitalizeGlobal","https:\/\/www.gutefrage.net\/nutzer\/Faierberg","https:\/\/www.webwiki.de\/digitalizeglobal.com","https:\/\/www.sitelike.org\/similar\/digitalizeglobal.com\/"],"description":"We are Digitalize Global LLC, a company originally founded in the US state of Wyoming - a place known for its residents with a thirst for freedom and a deep-rooted sense of equality. Our goal is to help you realize your entrepreneurial freedom on an international scale. We believe that everyone has the right and freedom to earn a living doing what they love. Lay the foundation for a self-determined life by founding a company! Always available for our customers Digitalize Global is known for its customer-friendly service and will personally support you as a partner before, during and after the foundation of your company. Unlike many of our competitors, who often leave their customers to fend for themselves after the start-up, we support you in all challenges and offer free consultations. We believe that international business and mobility should be accessible to all. Clear and structured pricing policy With us, you won't find any unaffordable consulting offers or hidden costs. All our offers are transparent and fixed priced. Our unique selling point compared to our competitors is the flexible installment payment options we offer our customers. Priority data protection With the highest level of data protection and care for your security, we take care of everything related to the registration, administration and implementation of your company abroad, so you don't have to worry about a thing. Your discretion is always guaranteed with us. Our company never sends out reports to non-involved structures. We have extensive experience As experts in setting up companies in the USA and Europe, we support you in creating location-independent workplaces and offer a wide range of professional services.","email":"office@digitalizeglobal.com","telephone":"+1 406 943 4473","legalName":"Digitalize Global, LLC.","foundingDate":"2024-05-01","taxID":"30-1415662","numberOfEmployees":{"@type":"QuantitativeValue","minValue":"1","maxValue":"10"},"publishingPrinciples":"https:\/\/digitalizeglobal.com\/ueber-uns\/veroeffentlichungsgrundsaetze-von-digitalize-global\/","ownershipFundingInfo":"https:\/\/digitalizeglobal.com\/ueber-uns\/eigentums-und-finanzierungsinformationen-von-digitalize-global\/","actionableFeedbackPolicy":"https:\/\/digitalizeglobal.com\/terms-and-conditions\/umsetzbare-feedback-richtlinie-von-digitalize-global\/","correctionsPolicy":"https:\/\/digitalizeglobal.com\/ueber-uns\/korrekturrichtlinie-von-digitalize-global\/","ethicsPolicy":"https:\/\/digitalizeglobal.com\/ueber-uns\/digitalize-global-addendum-unser-versprechen-fuer-freies-unternehmertum\/","diversityPolicy":"https:\/\/digitalizeglobal.com\/datenschutzerklaerung\/","diversityStaffingReport":"https:\/\/digitalizeglobal.com\/ueber-uns\/diversitaets-personalbericht-von-digitalize-global\/"}]}},"_links":{"self":[{"href":"https:\/\/digitalizeglobal.com\/en\/wp-json\/wp\/v2\/product\/3860","targetHints":{"allow":["GET"]}}],"collection":[{"href":"https:\/\/digitalizeglobal.com\/en\/wp-json\/wp\/v2\/product"}],"about":[{"href":"https:\/\/digitalizeglobal.com\/en\/wp-json\/wp\/v2\/types\/product"}],"replies":[{"embeddable":true,"href":"https:\/\/digitalizeglobal.com\/en\/wp-json\/wp\/v2\/comments?post=3860"}],"version-history":[{"count":0,"href":"https:\/\/digitalizeglobal.com\/en\/wp-json\/wp\/v2\/product\/3860\/revisions"}],"wp:featuredmedia":[{"embeddable":true,"href":"https:\/\/digitalizeglobal.com\/en\/wp-json\/wp\/v2\/media\/3862"}],"wp:attachment":[{"href":"https:\/\/digitalizeglobal.com\/en\/wp-json\/wp\/v2\/media?parent=3860"}],"wp:term":[{"taxonomy":"product_brand","embeddable":true,"href":"https:\/\/digitalizeglobal.com\/en\/wp-json\/wp\/v2\/product_brand?post=3860"},{"taxonomy":"product_cat","embeddable":true,"href":"https:\/\/digitalizeglobal.com\/en\/wp-json\/wp\/v2\/product_cat?post=3860"},{"taxonomy":"product_tag","embeddable":true,"href":"https:\/\/digitalizeglobal.com\/en\/wp-json\/wp\/v2\/product_tag?post=3860"}],"curies":[{"name":"wp","href":"https:\/\/api.w.org\/{rel}","templated":true}]}}