{"id":4186,"date":"2024-05-27T14:40:28","date_gmt":"2024-05-27T12:40:28","guid":{"rendered":"https:\/\/digitalizeglobal.com\/?post_type=product&#038;p=4186"},"modified":"2024-05-28T02:20:52","modified_gmt":"2024-05-28T00:20:52","slug":"nominee-shareholder-anonymisierung-des-aktienbesitzers-anteilshabers-fuer-irische-limited","status":"publish","type":"product","link":"https:\/\/digitalizeglobal.com\/en\/product\/nominee-shareholder-anonymization-of-the-shareholder-for-irish-limited\/","title":{"rendered":"Nominee Shareholder - Anonymization of the share owner (shareholder) for Irish Limited"},"content":{"rendered":"<div class=\"whitespace-pre-wrap mb-4 last:mb-0\">As part of our Irish Limited Company formation services, we offer our clients the option of a Nominee Shareholder. This service allows you to hold your shares in the Ltd. in the name of a nominee shareholder, removing your personal information from the public register.<\/div>\n<h3 class=\"whitespace-pre-wrap mb-4 last:mb-0\">Our nominee shareholder service offers you the following advantages:<\/h3>\n<ol class=\"[&amp;_li]:mb-2 leading-7 pl-6 mb-4 last:mb-0 list-decimal\" start=\"1\">\n<li class=\"pl-1 marker:text-neutral-700\">\n<div class=\"w-full\">\n<div class=\"whitespace-pre-wrap mb-4 last:mb-0\"><strong>Anonymization:<\/strong> Protect your privacy by hiding your shareholding in the Irish limited company in the name of a nominal shareholder.<\/div>\n<\/div>\n<\/li>\n<li class=\"pl-1 marker:text-neutral-700\">\n<div class=\"w-full\">\n<div class=\"whitespace-pre-wrap mb-4 last:mb-0\"><strong>Fiscal neutrality:<\/strong> The nominal shareholder only acts as a straw man and has no actual rights to the shares. This allows you to retain control of your company while enjoying the benefits of the <a class=\"wpil_keyword_link\" href=\"https:\/\/digitalizeglobal.com\/en\/product\/package-of-anonymization-for-limited-liability-company\/?wmc-currency=USD\"   title=\"Anonymization\" data-wpil-keyword-link=\"linked\"  data-wpil-monitor-id=\"801\">Anonymization<\/a> benefit.<\/div>\n<\/div>\n<\/li>\n<li class=\"pl-1 marker:text-neutral-700\">\n<div class=\"w-full\">\n<div class=\"whitespace-pre-wrap mb-4 last:mb-0\"><strong>Legal security:<\/strong> Our Nominee Shareholder service is fully legal and complies with applicable laws and regulations in Ireland.<\/div>\n<\/div>\n<\/li>\n<\/ol>\n<div class=\"whitespace-pre-wrap mb-4 last:mb-0\">Choose our Nominee Shareholder service for your Irish Ltd. to enjoy the benefits of anonymization and protection of your personal data.<\/div>","protected":false},"excerpt":{"rendered":"<p>The <a class=\"wpil_keyword_link\" href=\"https:\/\/digitalizeglobal.com\/en\/the-importance-of-nominee-shareholders-why-they-are-important\/?wmc-currency=USD\"   title=\"Nominee Shareholder\" data-wpil-keyword-link=\"linked\"  data-wpil-monitor-id=\"678\">Nominee Shareholder<\/a> offers discreet anonymization of the share owner (shareholder) for your Irish Ltd. This service is ideal for entrepreneurs who want to protect their privacy and keep sensitive information confidential. By using a nominee shareholder, the true owner of the shares is not recorded in public registers, ensuring a high level of confidentiality.<\/p>","protected":false},"featured_media":4187,"comment_status":"open","ping_status":"closed","template":"","meta":{"_acf_changed":false,"_helpful_pro_status":1},"product_brand":[],"product_cat":[188],"product_tag":[191],"class_list":{"0":"post-4186","1":"product","2":"type-product","3":"status-publish","4":"has-post-thumbnail","6":"product_cat-zusatzleistungen-fuer-ltd","7":"product_tag-nominee-shareholder","9":"first","10":"instock","11":"virtual","12":"purchasable","13":"product-type-subscription"},"acf":[],"yoast_head":"<!-- This site is optimized with the Yoast SEO Premium plugin v25.8 (Yoast SEO v25.8) - https:\/\/yoast.com\/wordpress\/plugins\/seo\/ -->\n<title>Nominee Shareholder - Anonymisierung des Aktienbesitzers (Anteilshabers) f\u00fcr Irische Limited - Digitalize Global<\/title>\n<meta name=\"robots\" content=\"index, follow, max-snippet:-1, max-image-preview:large, max-video-preview:-1\" \/>\n<link rel=\"canonical\" href=\"https:\/\/digitalizeglobal.com\/en\/product\/nominee-shareholder-anonymization-of-the-shareholder-for-irish-limited\/?wmc-currency=USD\" \/>\n<meta property=\"og:locale\" content=\"en_US\" \/>\n<meta property=\"og:type\" content=\"article\" \/>\n<meta property=\"og:title\" content=\"Nominee Shareholder - Anonymisierung des Aktienbesitzers (Anteilshabers) f\u00fcr Irische Limited\" \/>\n<meta property=\"og:description\" content=\"Der Nominee Shareholder bietet eine diskrete Anonymisierung des Aktienbesitzers (Anteilshabers) f\u00fcr Ihre irische Ltd. Diese Dienstleistung ist ideal f\u00fcr Unternehmer, die ihre Privatsph\u00e4re sch\u00fctzen und sensible Informationen vertraulich halten m\u00f6chten. Durch die Nutzung eines Nominee Shareholders wird der wahre Eigent\u00fcmer der Anteile nicht in \u00f6ffentlichen Registern eingetragen, was ein hohes Ma\u00df an Diskretion gew\u00e4hrleistet.\" \/>\n<meta property=\"og:url\" content=\"https:\/\/digitalizeglobal.com\/en\/product\/nominee-shareholder-anonymization-of-the-shareholder-for-irish-limited\/?wmc-currency=USD\" \/>\n<meta property=\"og:site_name\" content=\"Digitalize Global\" \/>\n<meta property=\"article:publisher\" content=\"https:\/\/www.facebook.com\/digitalizeglobal\/\" \/>\n<meta property=\"article:modified_time\" content=\"2024-05-28T00:20:52+00:00\" \/>\n<meta property=\"og:image\" content=\"https:\/\/digitalizeglobal.com\/wp-content\/uploads\/2024\/05\/Nominee-Shareholder-Anonymisierung-des-Aktienbesitzers-Anteilshabers-fuer-Irische-Limited-min.jpg\" \/>\n\t<meta property=\"og:image:width\" content=\"1232\" \/>\n\t<meta property=\"og:image:height\" content=\"768\" \/>\n\t<meta property=\"og:image:type\" content=\"image\/jpeg\" \/>\n<meta name=\"twitter:card\" content=\"summary_large_image\" \/>\n<meta name=\"twitter:label1\" content=\"Est. reading time\" \/>\n\t<meta name=\"twitter:data1\" content=\"1 minute\" \/>\n<script type=\"application\/ld+json\" class=\"yoast-schema-graph\">{\"@context\":\"https:\/\/schema.org\",\"@graph\":[{\"@type\":\"WebPage\",\"@id\":\"https:\/\/digitalizeglobal.com\/produkt\/nominee-shareholder-anonymisierung-des-aktienbesitzers-anteilshabers-fuer-irische-limited\/\",\"url\":\"https:\/\/digitalizeglobal.com\/produkt\/nominee-shareholder-anonymisierung-des-aktienbesitzers-anteilshabers-fuer-irische-limited\/\",\"name\":\"Nominee Shareholder - Anonymisierung des Aktienbesitzers (Anteilshabers) f\u00fcr Irische Limited - Digitalize Global\",\"isPartOf\":{\"@id\":\"https:\/\/digitalizeglobal.com\/#website\"},\"primaryImageOfPage\":{\"@id\":\"https:\/\/digitalizeglobal.com\/produkt\/nominee-shareholder-anonymisierung-des-aktienbesitzers-anteilshabers-fuer-irische-limited\/#primaryimage\"},\"image\":{\"@id\":\"https:\/\/digitalizeglobal.com\/produkt\/nominee-shareholder-anonymisierung-des-aktienbesitzers-anteilshabers-fuer-irische-limited\/#primaryimage\"},\"thumbnailUrl\":\"https:\/\/digitalizeglobal.com\/wp-content\/uploads\/2024\/05\/Nominee-Shareholder-Anonymisierung-des-Aktienbesitzers-Anteilshabers-fuer-Irische-Limited-min-scaled.jpg\",\"datePublished\":\"2024-05-27T12:40:28+00:00\",\"dateModified\":\"2024-05-28T00:20:52+00:00\",\"breadcrumb\":{\"@id\":\"https:\/\/digitalizeglobal.com\/produkt\/nominee-shareholder-anonymisierung-des-aktienbesitzers-anteilshabers-fuer-irische-limited\/#breadcrumb\"},\"inLanguage\":\"en-US\",\"potentialAction\":[{\"@type\":\"ReadAction\",\"target\":[\"https:\/\/digitalizeglobal.com\/produkt\/nominee-shareholder-anonymisierung-des-aktienbesitzers-anteilshabers-fuer-irische-limited\/\"]}]},{\"@type\":\"ImageObject\",\"inLanguage\":\"en-US\",\"@id\":\"https:\/\/digitalizeglobal.com\/produkt\/nominee-shareholder-anonymisierung-des-aktienbesitzers-anteilshabers-fuer-irische-limited\/#primaryimage\",\"url\":\"https:\/\/digitalizeglobal.com\/wp-content\/uploads\/2024\/05\/Nominee-Shareholder-Anonymisierung-des-Aktienbesitzers-Anteilshabers-fuer-Irische-Limited-min-scaled.jpg\",\"contentUrl\":\"https:\/\/digitalizeglobal.com\/wp-content\/uploads\/2024\/05\/Nominee-Shareholder-Anonymisierung-des-Aktienbesitzers-Anteilshabers-fuer-Irische-Limited-min-scaled.jpg\",\"width\":1024,\"height\":638,\"caption\":\"Nominee Shareholder - Anonymisierung des Aktienbesitzers (Anteilshabers) f\u00fcr Irische Limited\"},{\"@type\":\"BreadcrumbList\",\"@id\":\"https:\/\/digitalizeglobal.com\/produkt\/nominee-shareholder-anonymisierung-des-aktienbesitzers-anteilshabers-fuer-irische-limited\/#breadcrumb\",\"itemListElement\":[{\"@type\":\"ListItem\",\"position\":1,\"name\":\"Startseite\",\"item\":\"https:\/\/digitalizeglobal.com\/\"},{\"@type\":\"ListItem\",\"position\":2,\"name\":\"Shop f\u00fcr Entrepreneuere\",\"item\":\"https:\/\/digitalizeglobal.com\/shop-fuer-entrepreneuere\/\"},{\"@type\":\"ListItem\",\"position\":3,\"name\":\"Zusatzleistungen f\u00fcr LTD\",\"item\":\"https:\/\/digitalizeglobal.com\/produkt-kategorie\/zusatzleistungen-fuer-ltd\/\"},{\"@type\":\"ListItem\",\"position\":4,\"name\":\"Nominee Shareholder &#8211; Anonymisierung des Aktienbesitzers (Anteilshabers) f\u00fcr Irische Limited\"}]},{\"@type\":\"WebSite\",\"@id\":\"https:\/\/digitalizeglobal.com\/#website\",\"url\":\"https:\/\/digitalizeglobal.com\/\",\"name\":\"Digitalize Global\",\"description\":\"Unternehmensgr\u00fcndung und Verwaltung\",\"publisher\":{\"@id\":\"https:\/\/digitalizeglobal.com\/#organization\"},\"alternateName\":\"Digitalize Global Business\",\"potentialAction\":[{\"@type\":\"SearchAction\",\"target\":{\"@type\":\"EntryPoint\",\"urlTemplate\":\"https:\/\/digitalizeglobal.com\/?s={search_term_string}\"},\"query-input\":{\"@type\":\"PropertyValueSpecification\",\"valueRequired\":true,\"valueName\":\"search_term_string\"}}],\"inLanguage\":\"en-US\"},{\"@type\":\"Organization\",\"@id\":\"https:\/\/digitalizeglobal.com\/#organization\",\"name\":\"Digitalize Global\",\"alternateName\":\"Digitalize Global, LLC.\",\"url\":\"https:\/\/digitalizeglobal.com\/\",\"logo\":{\"@type\":\"ImageObject\",\"inLanguage\":\"en-US\",\"@id\":\"https:\/\/digitalizeglobal.com\/#\/schema\/logo\/image\/\",\"url\":\"https:\/\/digitalizeglobal.com\/wp-content\/uploads\/2024\/04\/android-chrome-512x512-1.png\",\"contentUrl\":\"https:\/\/digitalizeglobal.com\/wp-content\/uploads\/2024\/04\/android-chrome-512x512-1.png\",\"width\":512,\"height\":512,\"caption\":\"Digitalize Global\"},\"image\":{\"@id\":\"https:\/\/digitalizeglobal.com\/#\/schema\/logo\/image\/\"},\"sameAs\":[\"https:\/\/www.facebook.com\/digitalizeglobal\/\",\"https:\/\/mastodon.social\/@Faierberg\",\"https:\/\/www.facebook.com\/groups\/digitalizeglobaldeu\",\"https:\/\/www.youtube.com\/@DigitalizeGlobal\",\"https:\/\/www.gutefrage.net\/nutzer\/Faierberg\",\"https:\/\/www.webwiki.de\/digitalizeglobal.com\",\"https:\/\/www.sitelike.org\/similar\/digitalizeglobal.com\/\"],\"description\":\"Wir sind Digitalize Global LLC, ein Unternehmen, das urspr\u00fcnglich im US-Bundesstaat Wyoming gegr\u00fcndet wurde \u2013 einem Ort, der f\u00fcr seine Bewohner mit einem Freiheitsdrang und einer tief verwurzelten Gleichberechtigung bekannt ist. Unser Ziel ist es, Ihnen dabei zu helfen, ihre unternehmerische Freiheit auf internationaler Ebene zu verwirklichen. Wir glauben, dass jeder Mensch das Recht und die Freiheit hat, seinen Lebensunterhalt mit dem zu verdienen, was er liebt. Legen Sie mit einer Unternehmensgr\u00fcndung den Grundstein f\u00fcr ein selbstbestimmtes Leben! Stets f\u00fcr unsere Kunden erreichbar Digitalize Global ist bekannt f\u00fcr seinen kundenfreundlichen Service und steht Ihnen als Partner vor, w\u00e4hrend und nach der Gr\u00fcndung Ihres Unternehmens pers\u00f6nlich zur Seite. Anders als viele Konkurrenten, die ihre Kunden nach der Gr\u00fcndung oft allein lassen, unterst\u00fctzen wir Sie bei allen Herausforderungen und bieten Ihnen kostenlose Beratungsgespr\u00e4che. Wir sind \u00fcberzeugt, dass internationales Gesch\u00e4ft und Mobilit\u00e4t f\u00fcr alle zug\u00e4nglich sein sollten. Klare und strukturierte Preispolitik Bei uns finden Sie keine unbezahlbaren Beratungsangebote oder versteckte Kosten. Alle unsere Angebote sind transparent und preisfest. Unser einzigartiges Alleinstellungsmerkmal gegen\u00fcber unseren Mitbewerbern sind unsere flexiblen Ratenzahlungsm\u00f6glichkeiten, die wir unseren Kunden anbieten. Priorit\u00e4t Datenschutz Mit h\u00f6chstem Datenschutz und Sorgfalt f\u00fcr Ihre Sicherheit \u00fcbernehmen wir alles rund um die Anmeldung, Verwaltung und Umsetzung Ihres Unternehmens im Ausland, sodass Sie sich um nichts k\u00fcmmern m\u00fcssen. Ihre Diskretion ist bei uns stets gew\u00e4hrleistet. Aus unserem Haus gehen niemals Meldungen an nicht involvierte Strukturen raus. Wir verf\u00fcgen \u00fcber umfangreiche Erfahrung Als Experten f\u00fcr Unternehmensgr\u00fcndungen in den USA und Europa unterst\u00fctzen wir Sie bei der Schaffung ortsunabh\u00e4ngiger Arbeitspl\u00e4tze und bieten ein breites Spektrum professioneller Dienstleistungen.\",\"email\":\"office@digitalizeglobal.com\",\"telephone\":\"+1 406 943 4473\",\"legalName\":\"Digitalize Global, LLC.\",\"foundingDate\":\"2024-05-01\",\"taxID\":\"30-1415662\",\"numberOfEmployees\":{\"@type\":\"QuantitativeValue\",\"minValue\":\"1\",\"maxValue\":\"10\"},\"publishingPrinciples\":\"https:\/\/digitalizeglobal.com\/ueber-uns\/veroeffentlichungsgrundsaetze-von-digitalize-global\/\",\"ownershipFundingInfo\":\"https:\/\/digitalizeglobal.com\/ueber-uns\/eigentums-und-finanzierungsinformationen-von-digitalize-global\/\",\"actionableFeedbackPolicy\":\"https:\/\/digitalizeglobal.com\/terms-and-conditions\/umsetzbare-feedback-richtlinie-von-digitalize-global\/\",\"correctionsPolicy\":\"https:\/\/digitalizeglobal.com\/ueber-uns\/korrekturrichtlinie-von-digitalize-global\/\",\"ethicsPolicy\":\"https:\/\/digitalizeglobal.com\/ueber-uns\/digitalize-global-addendum-unser-versprechen-fuer-freies-unternehmertum\/\",\"diversityPolicy\":\"https:\/\/digitalizeglobal.com\/datenschutzerklaerung\/\",\"diversityStaffingReport\":\"https:\/\/digitalizeglobal.com\/ueber-uns\/diversitaets-personalbericht-von-digitalize-global\/\"}]}<\/script>\n<!-- \/ Yoast SEO Premium plugin. -->","yoast_head_json":{"title":"Nominee Shareholder - Anonymization of the share owner (shareholder) for Irish Limited - Digitalize Global","robots":{"index":"index","follow":"follow","max-snippet":"max-snippet:-1","max-image-preview":"max-image-preview:large","max-video-preview":"max-video-preview:-1"},"canonical":"https:\/\/digitalizeglobal.com\/en\/product\/nominee-shareholder-anonymization-of-the-shareholder-for-irish-limited\/?wmc-currency=USD","og_locale":"en_US","og_type":"article","og_title":"Nominee Shareholder - Anonymisierung des Aktienbesitzers (Anteilshabers) f\u00fcr Irische Limited","og_description":"Der Nominee Shareholder bietet eine diskrete Anonymisierung des Aktienbesitzers (Anteilshabers) f\u00fcr Ihre irische Ltd. Diese Dienstleistung ist ideal f\u00fcr Unternehmer, die ihre Privatsph\u00e4re sch\u00fctzen und sensible Informationen vertraulich halten m\u00f6chten. Durch die Nutzung eines Nominee Shareholders wird der wahre Eigent\u00fcmer der Anteile nicht in \u00f6ffentlichen Registern eingetragen, was ein hohes Ma\u00df an Diskretion gew\u00e4hrleistet.","og_url":"https:\/\/digitalizeglobal.com\/en\/product\/nominee-shareholder-anonymization-of-the-shareholder-for-irish-limited\/?wmc-currency=USD","og_site_name":"Digitalize Global","article_publisher":"https:\/\/www.facebook.com\/digitalizeglobal\/","article_modified_time":"2024-05-28T00:20:52+00:00","og_image":[{"width":1232,"height":768,"url":"https:\/\/digitalizeglobal.com\/wp-content\/uploads\/2024\/05\/Nominee-Shareholder-Anonymisierung-des-Aktienbesitzers-Anteilshabers-fuer-Irische-Limited-min.jpg","type":"image\/jpeg"}],"twitter_card":"summary_large_image","twitter_misc":{"Est. reading time":"1 minute"},"schema":{"@context":"https:\/\/schema.org","@graph":[{"@type":"WebPage","@id":"https:\/\/digitalizeglobal.com\/produkt\/nominee-shareholder-anonymisierung-des-aktienbesitzers-anteilshabers-fuer-irische-limited\/","url":"https:\/\/digitalizeglobal.com\/produkt\/nominee-shareholder-anonymisierung-des-aktienbesitzers-anteilshabers-fuer-irische-limited\/","name":"Nominee Shareholder - Anonymization of the share owner (shareholder) for Irish Limited - Digitalize Global","isPartOf":{"@id":"https:\/\/digitalizeglobal.com\/#website"},"primaryImageOfPage":{"@id":"https:\/\/digitalizeglobal.com\/produkt\/nominee-shareholder-anonymisierung-des-aktienbesitzers-anteilshabers-fuer-irische-limited\/#primaryimage"},"image":{"@id":"https:\/\/digitalizeglobal.com\/produkt\/nominee-shareholder-anonymisierung-des-aktienbesitzers-anteilshabers-fuer-irische-limited\/#primaryimage"},"thumbnailUrl":"https:\/\/digitalizeglobal.com\/wp-content\/uploads\/2024\/05\/Nominee-Shareholder-Anonymisierung-des-Aktienbesitzers-Anteilshabers-fuer-Irische-Limited-min-scaled.jpg","datePublished":"2024-05-27T12:40:28+00:00","dateModified":"2024-05-28T00:20:52+00:00","breadcrumb":{"@id":"https:\/\/digitalizeglobal.com\/produkt\/nominee-shareholder-anonymisierung-des-aktienbesitzers-anteilshabers-fuer-irische-limited\/#breadcrumb"},"inLanguage":"en-US","potentialAction":[{"@type":"ReadAction","target":["https:\/\/digitalizeglobal.com\/produkt\/nominee-shareholder-anonymisierung-des-aktienbesitzers-anteilshabers-fuer-irische-limited\/"]}]},{"@type":"ImageObject","inLanguage":"en-US","@id":"https:\/\/digitalizeglobal.com\/produkt\/nominee-shareholder-anonymisierung-des-aktienbesitzers-anteilshabers-fuer-irische-limited\/#primaryimage","url":"https:\/\/digitalizeglobal.com\/wp-content\/uploads\/2024\/05\/Nominee-Shareholder-Anonymisierung-des-Aktienbesitzers-Anteilshabers-fuer-Irische-Limited-min-scaled.jpg","contentUrl":"https:\/\/digitalizeglobal.com\/wp-content\/uploads\/2024\/05\/Nominee-Shareholder-Anonymisierung-des-Aktienbesitzers-Anteilshabers-fuer-Irische-Limited-min-scaled.jpg","width":1024,"height":638,"caption":"Nominee Shareholder - Anonymisierung des Aktienbesitzers (Anteilshabers) f\u00fcr Irische Limited"},{"@type":"BreadcrumbList","@id":"https:\/\/digitalizeglobal.com\/produkt\/nominee-shareholder-anonymisierung-des-aktienbesitzers-anteilshabers-fuer-irische-limited\/#breadcrumb","itemListElement":[{"@type":"ListItem","position":1,"name":"Startseite","item":"https:\/\/digitalizeglobal.com\/"},{"@type":"ListItem","position":2,"name":"Shop f\u00fcr Entrepreneuere","item":"https:\/\/digitalizeglobal.com\/shop-fuer-entrepreneuere\/"},{"@type":"ListItem","position":3,"name":"Zusatzleistungen f\u00fcr LTD","item":"https:\/\/digitalizeglobal.com\/produkt-kategorie\/zusatzleistungen-fuer-ltd\/"},{"@type":"ListItem","position":4,"name":"Nominee Shareholder &#8211; Anonymisierung des Aktienbesitzers (Anteilshabers) f\u00fcr Irische Limited"}]},{"@type":"WebSite","@id":"https:\/\/digitalizeglobal.com\/#website","url":"https:\/\/digitalizeglobal.com\/","name":"Digitalize Global","description":"Company formation and administration","publisher":{"@id":"https:\/\/digitalizeglobal.com\/#organization"},"alternateName":"Digitalize Global Business","potentialAction":[{"@type":"SearchAction","target":{"@type":"EntryPoint","urlTemplate":"https:\/\/digitalizeglobal.com\/?s={search_term_string}"},"query-input":{"@type":"PropertyValueSpecification","valueRequired":true,"valueName":"search_term_string"}}],"inLanguage":"en-US"},{"@type":"Organization","@id":"https:\/\/digitalizeglobal.com\/#organization","name":"Digitalize Global","alternateName":"Digitalize Global, LLC.","url":"https:\/\/digitalizeglobal.com\/","logo":{"@type":"ImageObject","inLanguage":"en-US","@id":"https:\/\/digitalizeglobal.com\/#\/schema\/logo\/image\/","url":"https:\/\/digitalizeglobal.com\/wp-content\/uploads\/2024\/04\/android-chrome-512x512-1.png","contentUrl":"https:\/\/digitalizeglobal.com\/wp-content\/uploads\/2024\/04\/android-chrome-512x512-1.png","width":512,"height":512,"caption":"Digitalize Global"},"image":{"@id":"https:\/\/digitalizeglobal.com\/#\/schema\/logo\/image\/"},"sameAs":["https:\/\/www.facebook.com\/digitalizeglobal\/","https:\/\/mastodon.social\/@Faierberg","https:\/\/www.facebook.com\/groups\/digitalizeglobaldeu","https:\/\/www.youtube.com\/@DigitalizeGlobal","https:\/\/www.gutefrage.net\/nutzer\/Faierberg","https:\/\/www.webwiki.de\/digitalizeglobal.com","https:\/\/www.sitelike.org\/similar\/digitalizeglobal.com\/"],"description":"We are Digitalize Global LLC, a company originally founded in the US state of Wyoming - a place known for its residents with a thirst for freedom and a deep-rooted sense of equality. Our goal is to help you realize your entrepreneurial freedom on an international scale. We believe that everyone has the right and freedom to earn a living doing what they love. Lay the foundation for a self-determined life by founding a company! Always available for our customers Digitalize Global is known for its customer-friendly service and will personally support you as a partner before, during and after the foundation of your company. Unlike many of our competitors, who often leave their customers to fend for themselves after the start-up, we support you in all challenges and offer free consultations. We believe that international business and mobility should be accessible to all. Clear and structured pricing policy With us, you won't find any unaffordable consulting offers or hidden costs. All our offers are transparent and fixed priced. Our unique selling point compared to our competitors is the flexible installment payment options we offer our customers. Priority data protection With the highest level of data protection and care for your security, we take care of everything related to the registration, administration and implementation of your company abroad, so you don't have to worry about a thing. Your discretion is always guaranteed with us. Our company never sends out reports to non-involved structures. We have extensive experience As experts in setting up companies in the USA and Europe, we support you in creating location-independent workplaces and offer a wide range of professional services.","email":"office@digitalizeglobal.com","telephone":"+1 406 943 4473","legalName":"Digitalize Global, LLC.","foundingDate":"2024-05-01","taxID":"30-1415662","numberOfEmployees":{"@type":"QuantitativeValue","minValue":"1","maxValue":"10"},"publishingPrinciples":"https:\/\/digitalizeglobal.com\/ueber-uns\/veroeffentlichungsgrundsaetze-von-digitalize-global\/","ownershipFundingInfo":"https:\/\/digitalizeglobal.com\/ueber-uns\/eigentums-und-finanzierungsinformationen-von-digitalize-global\/","actionableFeedbackPolicy":"https:\/\/digitalizeglobal.com\/terms-and-conditions\/umsetzbare-feedback-richtlinie-von-digitalize-global\/","correctionsPolicy":"https:\/\/digitalizeglobal.com\/ueber-uns\/korrekturrichtlinie-von-digitalize-global\/","ethicsPolicy":"https:\/\/digitalizeglobal.com\/ueber-uns\/digitalize-global-addendum-unser-versprechen-fuer-freies-unternehmertum\/","diversityPolicy":"https:\/\/digitalizeglobal.com\/datenschutzerklaerung\/","diversityStaffingReport":"https:\/\/digitalizeglobal.com\/ueber-uns\/diversitaets-personalbericht-von-digitalize-global\/"}]}},"_links":{"self":[{"href":"https:\/\/digitalizeglobal.com\/en\/wp-json\/wp\/v2\/product\/4186","targetHints":{"allow":["GET"]}}],"collection":[{"href":"https:\/\/digitalizeglobal.com\/en\/wp-json\/wp\/v2\/product"}],"about":[{"href":"https:\/\/digitalizeglobal.com\/en\/wp-json\/wp\/v2\/types\/product"}],"replies":[{"embeddable":true,"href":"https:\/\/digitalizeglobal.com\/en\/wp-json\/wp\/v2\/comments?post=4186"}],"version-history":[{"count":0,"href":"https:\/\/digitalizeglobal.com\/en\/wp-json\/wp\/v2\/product\/4186\/revisions"}],"wp:featuredmedia":[{"embeddable":true,"href":"https:\/\/digitalizeglobal.com\/en\/wp-json\/wp\/v2\/media\/4187"}],"wp:attachment":[{"href":"https:\/\/digitalizeglobal.com\/en\/wp-json\/wp\/v2\/media?parent=4186"}],"wp:term":[{"taxonomy":"product_brand","embeddable":true,"href":"https:\/\/digitalizeglobal.com\/en\/wp-json\/wp\/v2\/product_brand?post=4186"},{"taxonomy":"product_cat","embeddable":true,"href":"https:\/\/digitalizeglobal.com\/en\/wp-json\/wp\/v2\/product_cat?post=4186"},{"taxonomy":"product_tag","embeddable":true,"href":"https:\/\/digitalizeglobal.com\/en\/wp-json\/wp\/v2\/product_tag?post=4186"}],"curies":[{"name":"wp","href":"https:\/\/api.w.org\/{rel}","templated":true}]}}