{"id":4213,"date":"2024-05-27T20:07:17","date_gmt":"2024-05-27T18:07:17","guid":{"rendered":"https:\/\/digitalizeglobal.com\/?post_type=product&#038;p=4213"},"modified":"2024-08-11T23:05:57","modified_gmt":"2024-08-11T21:05:57","slug":"company-secretary-fuer-irish-limited-ltd","status":"publish","type":"product","link":"https:\/\/digitalizeglobal.com\/en\/product\/company-secretary-for-irish-limited-ltd\/","title":{"rendered":"Company Secretary Service for Irish Limited (LTD)"},"content":{"rendered":"<h3 class=\"font-600 text-xl font-bold\">Overview<\/h3>\n<p class=\"whitespace-pre-wrap break-words\">Our professional company secretary service ensures that your LTD company in Ireland meets all legal requirements. With our service, you can appoint an experienced secretary to act in place of a second director and add flexibility to your company structure.<\/p>\n<h3 class=\"font-600 text-xl font-bold\">Scope of our services<\/h3>\n<p class=\"whitespace-pre-wrap break-words\">We offer you the following services:<\/p>\n<ol class=\"-mt-1 list-decimal space-y-2 pl-8\">\n<li class=\"whitespace-normal break-words\">Takeover of administrative management<\/li>\n<li class=\"whitespace-normal break-words\">Ensuring adherence to all compliance requirements<\/li>\n<li class=\"whitespace-normal break-words\">Continuous support for smooth business processes<\/li>\n<li class=\"whitespace-normal break-words\">Processing of necessary documentation<\/li>\n<li class=\"whitespace-normal break-words\">Professional communication with Irish authorities<\/li>\n<\/ol>\n<h3 class=\"font-600 text-xl font-bold\">Detailed service description<\/h3>\n<p><img fetchpriority=\"high\" decoding=\"async\" crossorigin=\"anonymous\" class=\"alignnone size-medium wp-image-7230\" src=\"https:\/\/digitalizeglobal.com\/wp-content\/uploads\/2024\/05\/Company-Secretary-bestellen-min-300x300.jpg\" alt=\"Order Company Secretary\" width=\"300\" height=\"300\" srcset=\"https:\/\/digitalizeglobal.com\/wp-content\/uploads\/2024\/05\/Company-Secretary-bestellen-min-300x300.jpg 300w, https:\/\/digitalizeglobal.com\/wp-content\/uploads\/2024\/05\/Company-Secretary-bestellen-min-150x150.jpg 150w, https:\/\/digitalizeglobal.com\/wp-content\/uploads\/2024\/05\/Company-Secretary-bestellen-min-768x768.jpg 768w, https:\/\/digitalizeglobal.com\/wp-content\/uploads\/2024\/05\/Company-Secretary-bestellen-min-12x12.jpg 12w, https:\/\/digitalizeglobal.com\/wp-content\/uploads\/2024\/05\/Company-Secretary-bestellen-min-600x600.jpg 600w, https:\/\/digitalizeglobal.com\/wp-content\/uploads\/2024\/05\/Company-Secretary-bestellen-min-100x100.jpg 100w, https:\/\/digitalizeglobal.com\/wp-content\/uploads\/2024\/05\/Company-Secretary-bestellen-min.jpg 1024w\" sizes=\"(max-width: 300px) 100vw, 300px\" \/><\/p>\n<p class=\"whitespace-pre-wrap break-words\">Our service includes:<\/p>\n<ul class=\"-mt-1 list-disc space-y-2 pl-8\">\n<li class=\"whitespace-normal break-words\">Provision of an official contact person at the Companies Registration Office<\/li>\n<li class=\"whitespace-normal break-words\">Submission of the annual accounts\/financial statements to the CRO<\/li>\n<li class=\"whitespace-normal break-words\">Preparation and submission of the annual report (Confirmation Statement\/Annual Return)<\/li>\n<li class=\"whitespace-normal break-words\">Support with exemption from the tax declaration obligation<\/li>\n<li class=\"whitespace-normal break-words\">Processing other correspondence with Irish authorities<\/li>\n<\/ul>\n<p class=\"whitespace-pre-wrap break-words\"><strong>Not included in Secretary Service<\/strong> are changes to owners, company names, share capital or deletions as well as the preparation\/transfer of annual financial statements.<\/p>\n<h3 class=\"font-600 text-xl font-bold\">Your advantages<\/h3>\n<p class=\"whitespace-pre-wrap break-words\">With our service, you can ensure that your company meets all legal requirements in <a href=\"https:\/\/digitalizeglobal.com\/en\/withholding-tax-for-irish-ltd-and-us-american-llcs-what-you-need-to-know\/?wmc-currency=USD\" title=\"Withholding tax for Irish Ltd. and US LLCs - What you need to know\"  data-wpil-monitor-id=\"854\">Ireland<\/a> fulfilled. Our experienced team takes care of the details so that you can concentrate on your core business.<\/p>\n<h3 class=\"font-600 text-xl font-bold\">Important note<\/h3>\n<p class=\"whitespace-pre-wrap break-words\">Please note: A <a href=\"https:\/\/digitalizeglobal.com\/en\/the-importance-of-an-irish-company-secretary-for-tax-residency-and-corporation-tax-purposes\/?wmc-currency=USD\" title=\"The importance of an Irish company secretary, tax residency and corporation tax\"  data-wpil-monitor-id=\"85\">Company Secretary alone is not sufficient proof of Irish management<\/a> from. Effective management and control must be ensured by at least one director domiciled in the EU in order to guarantee tax compliance. <a href=\"https:\/\/digitalizeglobal.com\/en\/the-advantages-of-setting-up-a-company-in-ireland\/?wmc-currency=USD\" title=\"The advantages of setting up a company in Ireland\"  data-wpil-monitor-id=\"33\">Advantages in Ireland<\/a> to use.<\/p>\n<h3 class=\"font-600 text-xl font-bold\">Contact us<\/h3>\n<p class=\"whitespace-pre-wrap break-words\">Contact us for more information on our secretarial services and how you can use them for your business in Ireland.<br \/>\n<strong>Order Secretary Service<\/strong>You can also order the Company Secretary directly here.<\/p>","protected":false},"excerpt":{"rendered":"<p>This service provides a qualified company secretary for your company to professionally fulfill all legal requirements and formalities. The company secretary officially represents the company in dealings with the authorities, organizes shareholders' meetings, keeps statutory accounts and submits due documents on time. With this service, you can concentrate on your core tasks while the administrative duties are taken over by experts. The benefits are legal certainty, time savings and avoidance of penalties for non-compliance. The service runs for 12 months and is automatically extended unless canceled.<\/p>","protected":false},"featured_media":4228,"comment_status":"open","ping_status":"closed","template":"","meta":{"_acf_changed":false,"_helpful_pro_status":1},"product_brand":[],"product_cat":[188],"product_tag":[192,345,343,346],"class_list":{"0":"post-4213","1":"product","2":"type-product","3":"status-publish","4":"has-post-thumbnail","6":"product_cat-zusatzleistungen-fuer-ltd","7":"product_tag-company-secretary","8":"product_tag-firmensekraeter","9":"product_tag-ltd-secretary-service","10":"product_tag-sekretariatsservice","12":"first","13":"instock","14":"virtual","15":"purchasable","16":"product-type-subscription"},"acf":[],"yoast_head":"<!-- This site is optimized with the Yoast SEO Premium plugin v25.8 (Yoast SEO v25.8) - https:\/\/yoast.com\/wordpress\/plugins\/seo\/ -->\n<title>Company Secretary Service f\u00fcr Irish Limited (LTD) - Digitalize Global<\/title>\n<meta name=\"description\" content=\"Unser professioneller Company Secretary Service sorgt daf\u00fcr, dass Ihr LTD-Unternehmen in Irland alle gesetzlichen Anforderungen erf\u00fcllt.\" \/>\n<meta name=\"robots\" content=\"index, follow, max-snippet:-1, max-image-preview:large, max-video-preview:-1\" \/>\n<link rel=\"canonical\" href=\"https:\/\/digitalizeglobal.com\/en\/product\/company-secretary-for-irish-limited-ltd\/?wmc-currency=USD\" \/>\n<meta property=\"og:locale\" content=\"en_US\" \/>\n<meta property=\"og:type\" content=\"article\" \/>\n<meta property=\"og:title\" content=\"Company Secretary Service f\u00fcr Irish Limited (LTD)\" \/>\n<meta property=\"og:description\" content=\"Unser professioneller Company Secretary Service sorgt daf\u00fcr, dass Ihr LTD-Unternehmen in Irland alle gesetzlichen Anforderungen erf\u00fcllt.\" \/>\n<meta property=\"og:url\" content=\"https:\/\/digitalizeglobal.com\/en\/product\/company-secretary-for-irish-limited-ltd\/?wmc-currency=USD\" \/>\n<meta property=\"og:site_name\" content=\"Digitalize Global\" \/>\n<meta property=\"article:publisher\" content=\"https:\/\/www.facebook.com\/digitalizeglobal\/\" \/>\n<meta property=\"article:modified_time\" content=\"2024-08-11T21:05:57+00:00\" \/>\n<meta property=\"og:image\" content=\"https:\/\/digitalizeglobal.com\/wp-content\/uploads\/2024\/05\/Company-Secretary-fuer-Irish-Limited-Ltd.-min.jpg\" \/>\n\t<meta property=\"og:image:width\" content=\"1232\" \/>\n\t<meta property=\"og:image:height\" content=\"768\" \/>\n\t<meta property=\"og:image:type\" content=\"image\/jpeg\" \/>\n<meta name=\"twitter:card\" content=\"summary_large_image\" \/>\n<meta name=\"twitter:label1\" content=\"Est. reading time\" \/>\n\t<meta name=\"twitter:data1\" content=\"3 minutes\" \/>\n<script type=\"application\/ld+json\" class=\"yoast-schema-graph\">{\"@context\":\"https:\/\/schema.org\",\"@graph\":[{\"@type\":\"WebPage\",\"@id\":\"https:\/\/digitalizeglobal.com\/produkt\/company-secretary-fuer-irish-limited-ltd\/\",\"url\":\"https:\/\/digitalizeglobal.com\/produkt\/company-secretary-fuer-irish-limited-ltd\/\",\"name\":\"Company Secretary Service f\u00fcr Irish Limited (LTD) - Digitalize Global\",\"isPartOf\":{\"@id\":\"https:\/\/digitalizeglobal.com\/#website\"},\"primaryImageOfPage\":{\"@id\":\"https:\/\/digitalizeglobal.com\/produkt\/company-secretary-fuer-irish-limited-ltd\/#primaryimage\"},\"image\":{\"@id\":\"https:\/\/digitalizeglobal.com\/produkt\/company-secretary-fuer-irish-limited-ltd\/#primaryimage\"},\"thumbnailUrl\":\"https:\/\/digitalizeglobal.com\/wp-content\/uploads\/2024\/05\/Company-Secretary-fuer-Irish-Limited-Ltd.-min-scaled.jpg\",\"datePublished\":\"2024-05-27T18:07:17+00:00\",\"dateModified\":\"2024-08-11T21:05:57+00:00\",\"description\":\"Unser professioneller Company Secretary Service sorgt daf\u00fcr, dass Ihr LTD-Unternehmen in Irland alle gesetzlichen Anforderungen erf\u00fcllt.\",\"breadcrumb\":{\"@id\":\"https:\/\/digitalizeglobal.com\/produkt\/company-secretary-fuer-irish-limited-ltd\/#breadcrumb\"},\"inLanguage\":\"en-US\",\"potentialAction\":[{\"@type\":\"ReadAction\",\"target\":[\"https:\/\/digitalizeglobal.com\/produkt\/company-secretary-fuer-irish-limited-ltd\/\"]}]},{\"@type\":\"ImageObject\",\"inLanguage\":\"en-US\",\"@id\":\"https:\/\/digitalizeglobal.com\/produkt\/company-secretary-fuer-irish-limited-ltd\/#primaryimage\",\"url\":\"https:\/\/digitalizeglobal.com\/wp-content\/uploads\/2024\/05\/Company-Secretary-fuer-Irish-Limited-Ltd.-min-scaled.jpg\",\"contentUrl\":\"https:\/\/digitalizeglobal.com\/wp-content\/uploads\/2024\/05\/Company-Secretary-fuer-Irish-Limited-Ltd.-min-scaled.jpg\",\"width\":1024,\"height\":638,\"caption\":\"Company Secretary Service f\u00fcr Irish Limited (LTD)\"},{\"@type\":\"BreadcrumbList\",\"@id\":\"https:\/\/digitalizeglobal.com\/produkt\/company-secretary-fuer-irish-limited-ltd\/#breadcrumb\",\"itemListElement\":[{\"@type\":\"ListItem\",\"position\":1,\"name\":\"Startseite\",\"item\":\"https:\/\/digitalizeglobal.com\/\"},{\"@type\":\"ListItem\",\"position\":2,\"name\":\"Shop f\u00fcr Entrepreneuere\",\"item\":\"https:\/\/digitalizeglobal.com\/shop-fuer-entrepreneuere\/\"},{\"@type\":\"ListItem\",\"position\":3,\"name\":\"Zusatzleistungen f\u00fcr LTD\",\"item\":\"https:\/\/digitalizeglobal.com\/produkt-kategorie\/zusatzleistungen-fuer-ltd\/\"},{\"@type\":\"ListItem\",\"position\":4,\"name\":\"Company Secretary Service f\u00fcr Irish Limited (LTD)\"}]},{\"@type\":\"WebSite\",\"@id\":\"https:\/\/digitalizeglobal.com\/#website\",\"url\":\"https:\/\/digitalizeglobal.com\/\",\"name\":\"Digitalize Global\",\"description\":\"Unternehmensgr\u00fcndung und Verwaltung\",\"publisher\":{\"@id\":\"https:\/\/digitalizeglobal.com\/#organization\"},\"alternateName\":\"Digitalize Global Business\",\"potentialAction\":[{\"@type\":\"SearchAction\",\"target\":{\"@type\":\"EntryPoint\",\"urlTemplate\":\"https:\/\/digitalizeglobal.com\/?s={search_term_string}\"},\"query-input\":{\"@type\":\"PropertyValueSpecification\",\"valueRequired\":true,\"valueName\":\"search_term_string\"}}],\"inLanguage\":\"en-US\"},{\"@type\":\"Organization\",\"@id\":\"https:\/\/digitalizeglobal.com\/#organization\",\"name\":\"Digitalize Global\",\"alternateName\":\"Digitalize Global, LLC.\",\"url\":\"https:\/\/digitalizeglobal.com\/\",\"logo\":{\"@type\":\"ImageObject\",\"inLanguage\":\"en-US\",\"@id\":\"https:\/\/digitalizeglobal.com\/#\/schema\/logo\/image\/\",\"url\":\"https:\/\/digitalizeglobal.com\/wp-content\/uploads\/2024\/04\/android-chrome-512x512-1.png\",\"contentUrl\":\"https:\/\/digitalizeglobal.com\/wp-content\/uploads\/2024\/04\/android-chrome-512x512-1.png\",\"width\":512,\"height\":512,\"caption\":\"Digitalize Global\"},\"image\":{\"@id\":\"https:\/\/digitalizeglobal.com\/#\/schema\/logo\/image\/\"},\"sameAs\":[\"https:\/\/www.facebook.com\/digitalizeglobal\/\",\"https:\/\/mastodon.social\/@Faierberg\",\"https:\/\/www.facebook.com\/groups\/digitalizeglobaldeu\",\"https:\/\/www.youtube.com\/@DigitalizeGlobal\",\"https:\/\/www.gutefrage.net\/nutzer\/Faierberg\",\"https:\/\/www.webwiki.de\/digitalizeglobal.com\",\"https:\/\/www.sitelike.org\/similar\/digitalizeglobal.com\/\"],\"description\":\"Wir sind Digitalize Global LLC, ein Unternehmen, das urspr\u00fcnglich im US-Bundesstaat Wyoming gegr\u00fcndet wurde \u2013 einem Ort, der f\u00fcr seine Bewohner mit einem Freiheitsdrang und einer tief verwurzelten Gleichberechtigung bekannt ist. Unser Ziel ist es, Ihnen dabei zu helfen, ihre unternehmerische Freiheit auf internationaler Ebene zu verwirklichen. Wir glauben, dass jeder Mensch das Recht und die Freiheit hat, seinen Lebensunterhalt mit dem zu verdienen, was er liebt. Legen Sie mit einer Unternehmensgr\u00fcndung den Grundstein f\u00fcr ein selbstbestimmtes Leben! Stets f\u00fcr unsere Kunden erreichbar Digitalize Global ist bekannt f\u00fcr seinen kundenfreundlichen Service und steht Ihnen als Partner vor, w\u00e4hrend und nach der Gr\u00fcndung Ihres Unternehmens pers\u00f6nlich zur Seite. Anders als viele Konkurrenten, die ihre Kunden nach der Gr\u00fcndung oft allein lassen, unterst\u00fctzen wir Sie bei allen Herausforderungen und bieten Ihnen kostenlose Beratungsgespr\u00e4che. Wir sind \u00fcberzeugt, dass internationales Gesch\u00e4ft und Mobilit\u00e4t f\u00fcr alle zug\u00e4nglich sein sollten. Klare und strukturierte Preispolitik Bei uns finden Sie keine unbezahlbaren Beratungsangebote oder versteckte Kosten. Alle unsere Angebote sind transparent und preisfest. Unser einzigartiges Alleinstellungsmerkmal gegen\u00fcber unseren Mitbewerbern sind unsere flexiblen Ratenzahlungsm\u00f6glichkeiten, die wir unseren Kunden anbieten. Priorit\u00e4t Datenschutz Mit h\u00f6chstem Datenschutz und Sorgfalt f\u00fcr Ihre Sicherheit \u00fcbernehmen wir alles rund um die Anmeldung, Verwaltung und Umsetzung Ihres Unternehmens im Ausland, sodass Sie sich um nichts k\u00fcmmern m\u00fcssen. Ihre Diskretion ist bei uns stets gew\u00e4hrleistet. Aus unserem Haus gehen niemals Meldungen an nicht involvierte Strukturen raus. Wir verf\u00fcgen \u00fcber umfangreiche Erfahrung Als Experten f\u00fcr Unternehmensgr\u00fcndungen in den USA und Europa unterst\u00fctzen wir Sie bei der Schaffung ortsunabh\u00e4ngiger Arbeitspl\u00e4tze und bieten ein breites Spektrum professioneller Dienstleistungen.\",\"email\":\"office@digitalizeglobal.com\",\"telephone\":\"+1 406 943 4473\",\"legalName\":\"Digitalize Global, LLC.\",\"foundingDate\":\"2024-05-01\",\"taxID\":\"30-1415662\",\"numberOfEmployees\":{\"@type\":\"QuantitativeValue\",\"minValue\":\"1\",\"maxValue\":\"10\"},\"publishingPrinciples\":\"https:\/\/digitalizeglobal.com\/ueber-uns\/veroeffentlichungsgrundsaetze-von-digitalize-global\/\",\"ownershipFundingInfo\":\"https:\/\/digitalizeglobal.com\/ueber-uns\/eigentums-und-finanzierungsinformationen-von-digitalize-global\/\",\"actionableFeedbackPolicy\":\"https:\/\/digitalizeglobal.com\/terms-and-conditions\/umsetzbare-feedback-richtlinie-von-digitalize-global\/\",\"correctionsPolicy\":\"https:\/\/digitalizeglobal.com\/ueber-uns\/korrekturrichtlinie-von-digitalize-global\/\",\"ethicsPolicy\":\"https:\/\/digitalizeglobal.com\/ueber-uns\/digitalize-global-addendum-unser-versprechen-fuer-freies-unternehmertum\/\",\"diversityPolicy\":\"https:\/\/digitalizeglobal.com\/datenschutzerklaerung\/\",\"diversityStaffingReport\":\"https:\/\/digitalizeglobal.com\/ueber-uns\/diversitaets-personalbericht-von-digitalize-global\/\"}]}<\/script>\n<!-- \/ Yoast SEO Premium plugin. -->","yoast_head_json":{"title":"Company Secretary Service for Irish Limited (LTD) - Digitalize Global","description":"Our professional company secretary service ensures that your LTD company in Ireland meets all legal requirements.","robots":{"index":"index","follow":"follow","max-snippet":"max-snippet:-1","max-image-preview":"max-image-preview:large","max-video-preview":"max-video-preview:-1"},"canonical":"https:\/\/digitalizeglobal.com\/en\/product\/company-secretary-for-irish-limited-ltd\/?wmc-currency=USD","og_locale":"en_US","og_type":"article","og_title":"Company Secretary Service f\u00fcr Irish Limited (LTD)","og_description":"Unser professioneller Company Secretary Service sorgt daf\u00fcr, dass Ihr LTD-Unternehmen in Irland alle gesetzlichen Anforderungen erf\u00fcllt.","og_url":"https:\/\/digitalizeglobal.com\/en\/product\/company-secretary-for-irish-limited-ltd\/?wmc-currency=USD","og_site_name":"Digitalize Global","article_publisher":"https:\/\/www.facebook.com\/digitalizeglobal\/","article_modified_time":"2024-08-11T21:05:57+00:00","og_image":[{"width":1232,"height":768,"url":"https:\/\/digitalizeglobal.com\/wp-content\/uploads\/2024\/05\/Company-Secretary-fuer-Irish-Limited-Ltd.-min.jpg","type":"image\/jpeg"}],"twitter_card":"summary_large_image","twitter_misc":{"Est. reading time":"3 minutes"},"schema":{"@context":"https:\/\/schema.org","@graph":[{"@type":"WebPage","@id":"https:\/\/digitalizeglobal.com\/produkt\/company-secretary-fuer-irish-limited-ltd\/","url":"https:\/\/digitalizeglobal.com\/produkt\/company-secretary-fuer-irish-limited-ltd\/","name":"Company Secretary Service for Irish Limited (LTD) - Digitalize Global","isPartOf":{"@id":"https:\/\/digitalizeglobal.com\/#website"},"primaryImageOfPage":{"@id":"https:\/\/digitalizeglobal.com\/produkt\/company-secretary-fuer-irish-limited-ltd\/#primaryimage"},"image":{"@id":"https:\/\/digitalizeglobal.com\/produkt\/company-secretary-fuer-irish-limited-ltd\/#primaryimage"},"thumbnailUrl":"https:\/\/digitalizeglobal.com\/wp-content\/uploads\/2024\/05\/Company-Secretary-fuer-Irish-Limited-Ltd.-min-scaled.jpg","datePublished":"2024-05-27T18:07:17+00:00","dateModified":"2024-08-11T21:05:57+00:00","description":"Our professional company secretary service ensures that your LTD company in Ireland meets all legal requirements.","breadcrumb":{"@id":"https:\/\/digitalizeglobal.com\/produkt\/company-secretary-fuer-irish-limited-ltd\/#breadcrumb"},"inLanguage":"en-US","potentialAction":[{"@type":"ReadAction","target":["https:\/\/digitalizeglobal.com\/produkt\/company-secretary-fuer-irish-limited-ltd\/"]}]},{"@type":"ImageObject","inLanguage":"en-US","@id":"https:\/\/digitalizeglobal.com\/produkt\/company-secretary-fuer-irish-limited-ltd\/#primaryimage","url":"https:\/\/digitalizeglobal.com\/wp-content\/uploads\/2024\/05\/Company-Secretary-fuer-Irish-Limited-Ltd.-min-scaled.jpg","contentUrl":"https:\/\/digitalizeglobal.com\/wp-content\/uploads\/2024\/05\/Company-Secretary-fuer-Irish-Limited-Ltd.-min-scaled.jpg","width":1024,"height":638,"caption":"Company Secretary Service f\u00fcr Irish Limited (LTD)"},{"@type":"BreadcrumbList","@id":"https:\/\/digitalizeglobal.com\/produkt\/company-secretary-fuer-irish-limited-ltd\/#breadcrumb","itemListElement":[{"@type":"ListItem","position":1,"name":"Startseite","item":"https:\/\/digitalizeglobal.com\/"},{"@type":"ListItem","position":2,"name":"Shop f\u00fcr Entrepreneuere","item":"https:\/\/digitalizeglobal.com\/shop-fuer-entrepreneuere\/"},{"@type":"ListItem","position":3,"name":"Zusatzleistungen f\u00fcr LTD","item":"https:\/\/digitalizeglobal.com\/produkt-kategorie\/zusatzleistungen-fuer-ltd\/"},{"@type":"ListItem","position":4,"name":"Company Secretary Service f\u00fcr Irish Limited (LTD)"}]},{"@type":"WebSite","@id":"https:\/\/digitalizeglobal.com\/#website","url":"https:\/\/digitalizeglobal.com\/","name":"Digitalize Global","description":"Company formation and administration","publisher":{"@id":"https:\/\/digitalizeglobal.com\/#organization"},"alternateName":"Digitalize Global Business","potentialAction":[{"@type":"SearchAction","target":{"@type":"EntryPoint","urlTemplate":"https:\/\/digitalizeglobal.com\/?s={search_term_string}"},"query-input":{"@type":"PropertyValueSpecification","valueRequired":true,"valueName":"search_term_string"}}],"inLanguage":"en-US"},{"@type":"Organization","@id":"https:\/\/digitalizeglobal.com\/#organization","name":"Digitalize Global","alternateName":"Digitalize Global, LLC.","url":"https:\/\/digitalizeglobal.com\/","logo":{"@type":"ImageObject","inLanguage":"en-US","@id":"https:\/\/digitalizeglobal.com\/#\/schema\/logo\/image\/","url":"https:\/\/digitalizeglobal.com\/wp-content\/uploads\/2024\/04\/android-chrome-512x512-1.png","contentUrl":"https:\/\/digitalizeglobal.com\/wp-content\/uploads\/2024\/04\/android-chrome-512x512-1.png","width":512,"height":512,"caption":"Digitalize Global"},"image":{"@id":"https:\/\/digitalizeglobal.com\/#\/schema\/logo\/image\/"},"sameAs":["https:\/\/www.facebook.com\/digitalizeglobal\/","https:\/\/mastodon.social\/@Faierberg","https:\/\/www.facebook.com\/groups\/digitalizeglobaldeu","https:\/\/www.youtube.com\/@DigitalizeGlobal","https:\/\/www.gutefrage.net\/nutzer\/Faierberg","https:\/\/www.webwiki.de\/digitalizeglobal.com","https:\/\/www.sitelike.org\/similar\/digitalizeglobal.com\/"],"description":"We are Digitalize Global LLC, a company originally founded in the US state of Wyoming - a place known for its residents with a thirst for freedom and a deep-rooted sense of equality. Our goal is to help you realize your entrepreneurial freedom on an international scale. We believe that everyone has the right and freedom to earn a living doing what they love. Lay the foundation for a self-determined life by founding a company! Always available for our customers Digitalize Global is known for its customer-friendly service and will personally support you as a partner before, during and after the foundation of your company. Unlike many of our competitors, who often leave their customers to fend for themselves after the start-up, we support you in all challenges and offer free consultations. We believe that international business and mobility should be accessible to all. Clear and structured pricing policy With us, you won't find any unaffordable consulting offers or hidden costs. All our offers are transparent and fixed priced. Our unique selling point compared to our competitors is the flexible installment payment options we offer our customers. Priority data protection With the highest level of data protection and care for your security, we take care of everything related to the registration, administration and implementation of your company abroad, so you don't have to worry about a thing. Your discretion is always guaranteed with us. Our company never sends out reports to non-involved structures. We have extensive experience As experts in setting up companies in the USA and Europe, we support you in creating location-independent workplaces and offer a wide range of professional services.","email":"office@digitalizeglobal.com","telephone":"+1 406 943 4473","legalName":"Digitalize Global, LLC.","foundingDate":"2024-05-01","taxID":"30-1415662","numberOfEmployees":{"@type":"QuantitativeValue","minValue":"1","maxValue":"10"},"publishingPrinciples":"https:\/\/digitalizeglobal.com\/ueber-uns\/veroeffentlichungsgrundsaetze-von-digitalize-global\/","ownershipFundingInfo":"https:\/\/digitalizeglobal.com\/ueber-uns\/eigentums-und-finanzierungsinformationen-von-digitalize-global\/","actionableFeedbackPolicy":"https:\/\/digitalizeglobal.com\/terms-and-conditions\/umsetzbare-feedback-richtlinie-von-digitalize-global\/","correctionsPolicy":"https:\/\/digitalizeglobal.com\/ueber-uns\/korrekturrichtlinie-von-digitalize-global\/","ethicsPolicy":"https:\/\/digitalizeglobal.com\/ueber-uns\/digitalize-global-addendum-unser-versprechen-fuer-freies-unternehmertum\/","diversityPolicy":"https:\/\/digitalizeglobal.com\/datenschutzerklaerung\/","diversityStaffingReport":"https:\/\/digitalizeglobal.com\/ueber-uns\/diversitaets-personalbericht-von-digitalize-global\/"}]}},"_links":{"self":[{"href":"https:\/\/digitalizeglobal.com\/en\/wp-json\/wp\/v2\/product\/4213","targetHints":{"allow":["GET"]}}],"collection":[{"href":"https:\/\/digitalizeglobal.com\/en\/wp-json\/wp\/v2\/product"}],"about":[{"href":"https:\/\/digitalizeglobal.com\/en\/wp-json\/wp\/v2\/types\/product"}],"replies":[{"embeddable":true,"href":"https:\/\/digitalizeglobal.com\/en\/wp-json\/wp\/v2\/comments?post=4213"}],"version-history":[{"count":0,"href":"https:\/\/digitalizeglobal.com\/en\/wp-json\/wp\/v2\/product\/4213\/revisions"}],"wp:featuredmedia":[{"embeddable":true,"href":"https:\/\/digitalizeglobal.com\/en\/wp-json\/wp\/v2\/media\/4228"}],"wp:attachment":[{"href":"https:\/\/digitalizeglobal.com\/en\/wp-json\/wp\/v2\/media?parent=4213"}],"wp:term":[{"taxonomy":"product_brand","embeddable":true,"href":"https:\/\/digitalizeglobal.com\/en\/wp-json\/wp\/v2\/product_brand?post=4213"},{"taxonomy":"product_cat","embeddable":true,"href":"https:\/\/digitalizeglobal.com\/en\/wp-json\/wp\/v2\/product_cat?post=4213"},{"taxonomy":"product_tag","embeddable":true,"href":"https:\/\/digitalizeglobal.com\/en\/wp-json\/wp\/v2\/product_tag?post=4213"}],"curies":[{"name":"wp","href":"https:\/\/api.w.org\/{rel}","templated":true}]}}