{"id":11,"date":"2024-07-18T03:38:54","date_gmt":"2024-07-18T01:38:54","guid":{"rendered":"https:\/\/digitalizeglobal.com\/?page_id=11"},"modified":"2024-08-10T23:57:19","modified_gmt":"2024-08-10T21:57:19","slug":"rueckerstattung","status":"publish","type":"page","link":"https:\/\/digitalizeglobal.com\/fr\/termes-et-conditions\/remboursement-rue\/","title":{"rendered":"Directive sur les remboursements"},"content":{"rendered":"<div data-elementor-type=\"wp-page\" data-elementor-id=\"11\" class=\"elementor elementor-11\" data-elementor-post-type=\"page\">\n\t\t\t\t<div class=\"elementor-element elementor-element-9609abf e-flex e-con-boxed e-con e-parent\" data-id=\"9609abf\" data-element_type=\"container\" data-settings=\"{&quot;_ob_use_container_extras&quot;:&quot;no&quot;,&quot;_ob_column_hoveranimator&quot;:&quot;no&quot;,&quot;_ob_glider_is_slider&quot;:&quot;no&quot;,&quot;_ob_column_has_pseudo&quot;:&quot;no&quot;}\">\n\t\t\t\t\t<div class=\"e-con-inner\">\n\t\t\t\t<div class=\"elementor-element elementor-element-851cc03 ob-harakiri-inherit ob-has-background-overlay elementor-widget elementor-widget-text-editor\" data-id=\"851cc03\" data-element_type=\"widget\" data-settings=\"{&quot;_ob_use_harakiri&quot;:&quot;yes&quot;,&quot;_ob_harakiri_writing_mode&quot;:&quot;inherit&quot;,&quot;_ob_postman_use&quot;:&quot;no&quot;,&quot;_ob_widget_stalker_use&quot;:&quot;no&quot;,&quot;_ob_poopart_use&quot;:&quot;yes&quot;,&quot;_ob_shadough_use&quot;:&quot;no&quot;,&quot;_ob_allow_hoveranimator&quot;:&quot;no&quot;}\" data-widget_type=\"text-editor.default\">\n\t\t\t\t\t\t\t\t\t<p><\/p>\n<h1 class=\"font-600 text-lg font-bold\">Politique de remboursement de Digitalize Global, LLC<\/h1>\n<h2 class=\"font-bold\">1. dispositions g\u00e9n\u00e9rales<\/h2>\n<p class=\"whitespace-pre-wrap break-words\">Digitalize Global, LLC propose des services de cr\u00e9ation d'entreprise, d'agent enregistr\u00e9, de bureau enregistr\u00e9 ainsi que de gestion et d'assistance aux entreprises pendant 12 mois. Cette politique r\u00e9git les conditions de remboursement dans diff\u00e9rents sc\u00e9narios.<\/p>\n<h2 class=\"font-bold\">2. remboursement en cas d'\u00e9chec de la cr\u00e9ation d'entreprise<\/h2>\n<h3 class=\"font-bold\">2.1 En cas de paiement int\u00e9gral<\/h3>\n<ul class=\"-mt-1 list-disc space-y-2 pl-8\">\n<li class=\"whitespace-normal break-words\">En cas d'\u00e9chec de la cr\u00e9ation d'entreprise, le montant total est rembours\u00e9.<\/li>\n<li class=\"whitespace-normal break-words\">Les taxes administratives sont exclues pour les cr\u00e9ations simples et non anonymes.<\/li>\n<\/ul>\n<h3 class=\"font-bold\">2.2 En cas de paiement \u00e9chelonn\u00e9<\/h3>\n<ul class=\"-mt-1 list-disc space-y-2 pl-8\">\n<li class=\"whitespace-normal break-words\">Si la cr\u00e9ation de l'entreprise n'est pas autoris\u00e9e par les autorit\u00e9s (par exemple apr\u00e8s 2 mois), tout sera rembours\u00e9.<\/li>\n<li class=\"whitespace-normal break-words\">A l'exception du premier versement que le client a pay\u00e9 lors de la commande.<\/li>\n<\/ul>\n<h2 class=\"font-bold\">3. remboursement pour des services sp\u00e9cifiques<\/h2>\n<h3 class=\"font-bold\">3.1 Agent enregistr\u00e9 ou bureau enregistr\u00e9<\/h3>\n<ul class=\"-mt-1 list-disc space-y-2 pl-8\">\n<li class=\"whitespace-normal break-words\">Remboursement du montant total moins 100 dollars.<\/li>\n<\/ul>\n<h3 class=\"font-bold\">3.2 Service du secr\u00e9taire d'entreprise<\/h3>\n<ul class=\"-mt-1 list-disc space-y-2 pl-8\">\n<li class=\"whitespace-normal break-words\">Les frais ne sont en principe pas rembours\u00e9s.<\/li>\n<\/ul>\n<h3 class=\"font-bold\">3.3 Cr\u00e9ation anonyme<\/h3>\n<ul class=\"-mt-1 list-disc space-y-2 pl-8\">\n<li class=\"whitespace-normal break-words\">Remboursement de la totalit\u00e9 du montant, sauf\n<ul class=\"-mt-1 list-disc space-y-2 pl-8\">\n<li class=\"whitespace-normal break-words\">En cas de paiement \u00e9chelonn\u00e9 : le premier versement<\/li>\n<li class=\"whitespace-normal break-words\">En cas de paiement imm\u00e9diat et complet : 450 dollars<\/li>\n<\/ul>\n<\/li>\n<\/ul>\n<h3 class=\"font-bold\">3.4 Actionnaire d\u00e9sign\u00e9<\/h3>\n<ul class=\"-mt-1 list-disc space-y-2 pl-8\">\n<li class=\"whitespace-normal break-words\">Aucun remboursement possible.<\/li>\n<\/ul>\n<h3 class=\"font-bold\">3.5 Pack de services de 12 mois<\/h3>\n<ul class=\"-mt-1 list-disc space-y-2 pl-8\">\n<li class=\"whitespace-normal break-words\">Remboursement possible, sauf\n<ul class=\"-mt-1 list-disc space-y-2 pl-8\">\n<li class=\"whitespace-normal break-words\">En cas de paiement \u00e9chelonn\u00e9 : pas de remboursement possible<\/li>\n<li class=\"whitespace-normal break-words\">En cas de paiement imm\u00e9diat et complet : 100 dollars<\/li>\n<\/ul>\n<\/li>\n<\/ul>\n<h3 class=\"font-bold\">3.6 Paquet d'anonymisation pour les Limited Liability Company<\/h3>\n<ul class=\"-mt-1 list-disc space-y-2 pl-8\">\n<li class=\"whitespace-normal break-words\">Aucun remboursement possible.<\/li>\n<\/ul>\n<h3 class=\"font-bold\">3.7 Enregistrement d'un nom commercial aux \u00c9tats-Unis<\/h3>\n<ul class=\"-mt-1 list-disc space-y-2 pl-8\">\n<li class=\"whitespace-normal break-words\">Aucun remboursement possible.<\/li>\n<\/ul>\n<h2 class=\"font-bold\">4. offres sans possibilit\u00e9 de remboursement<\/h2>\n<p class=\"whitespace-pre-wrap break-words\">Les services suivants sont exclus de tout remboursement :<\/p>\n<ul class=\"-mt-1 list-disc space-y-2 pl-8\">\n<li class=\"whitespace-normal break-words\"><a href=\"https:\/\/digitalizeglobal.com\/fr\/produit\/company-secretary-service-pour-irish-limited-ltd\/?wmc-currency=EUR\" title=\"Company Secretary Service pour Irish Limited (LTD)\"  rel=\"noopener\"  data-wpil-monitor-id=\"4\">Service de secr\u00e9tariat d'entreprise<\/a><\/li>\n<li class=\"whitespace-normal break-words\">Nominee Actionnaire<\/li>\n<li class=\"whitespace-normal break-words\">Paquet d'anonymisation pour les Limited Liability Company<\/li>\n<li class=\"whitespace-normal break-words\"><a href=\"https:\/\/digitalizeglobal.com\/fr\/enregistrement-dun-nom-de-marque-aux-usa-trade-name-vs-trade-mark\/?wmc-currency=EUR\" title=\"Enregistrement d&#039;un nom de marque aux \u00c9tats-Unis : Trade Name vs Trade Mark\"  data-wpil-monitor-id=\"744\">Enregistrement d'un nom commercial aux \u00c9tats-Unis<\/a><\/li>\n<\/ul>\n<h2 class=\"font-bold\">5. dispositions finales<\/h2>\n<p class=\"whitespace-pre-wrap break-words\">Cette politique s'applique \u00e0 tous les services propos\u00e9s par Digitalize Global, LLC. En cas de doute ou de cas particulier, la soci\u00e9t\u00e9 se r\u00e9serve le droit de prendre des d\u00e9cisions individuelles.<\/p>\n<p>\u00a0<\/p>\t\t\t\t\t\t\t\t<\/div>\n\t\t\t\t\t<\/div>\n\t\t\t\t<\/div>\n\t\t\t\t<\/div>","protected":false},"excerpt":{"rendered":"<p>Politique de remboursement de Digitalize Global, LLC 1. Dispositions g\u00e9n\u00e9rales Digitalize Global, LLC fournit des services de cr\u00e9ation d'entreprise, d'agent enregistr\u00e9, de bureau enregistr\u00e9 et d'administration et de support d'entreprise de 12 mois. Cette politique r\u00e9git les conditions de remboursement dans diff\u00e9rents sc\u00e9narios. 2 Remboursement en cas d'\u00e9chec de la cr\u00e9ation d'entreprise 2.1 En cas de paiement int\u00e9gral En cas d'\u00e9chec de la cr\u00e9ation d'entreprise, le montant total sera rembours\u00e9. [...]<\/p>","protected":false},"author":1,"featured_media":0,"parent":4755,"menu_order":0,"comment_status":"closed","ping_status":"closed","template":"","meta":{"_acf_changed":false,"_helpful_pro_status":1,"footnotes":""},"class_list":["post-11","page","type-page","status-publish","hentry"],"acf":[],"yoast_head":"<!-- This site is optimized with the Yoast SEO Premium plugin v25.8 (Yoast SEO v25.8) - https:\/\/yoast.com\/wordpress\/plugins\/seo\/ -->\n<title>Richtlinie f\u00fcr R\u00fcckerstattungen - Digitalize Global<\/title>\n<meta name=\"robots\" content=\"index, follow, max-snippet:-1, max-image-preview:large, max-video-preview:-1\" \/>\n<link rel=\"canonical\" href=\"https:\/\/digitalizeglobal.com\/fr\/termes-et-conditions\/remboursement-rue\/?wmc-currency=EUR\" \/>\n<meta property=\"og:locale\" content=\"fr_FR\" \/>\n<meta property=\"og:type\" content=\"article\" \/>\n<meta property=\"og:title\" content=\"Richtlinie f\u00fcr R\u00fcckerstattungen\" \/>\n<meta property=\"og:description\" content=\"R&uuml;ckerstattungsrichtlinie f&uuml;r Digitalize Global, LLC 1. Allgemeine Bestimmungen Digitalize Global, LLC bietet Dienstleistungen in den Bereichen Firmengr&uuml;ndungen, Registered Agent, Registered Office sowie 12-monatige Firmenverwaltung und Support an. Diese Richtlinie regelt die Bedingungen f&uuml;r R&uuml;ckerstattungen in verschiedenen Szenarien. 2. R&uuml;ckerstattung bei gescheiterter Firmengr&uuml;ndung 2.1 Bei vollst&auml;ndiger Zahlung Im Falle einer gescheiterten Firmengr&uuml;ndung wird der Gesamtbetrag zur&uuml;ckerstattet. [&hellip;]\" \/>\n<meta property=\"og:url\" content=\"https:\/\/digitalizeglobal.com\/fr\/termes-et-conditions\/remboursement-rue\/?wmc-currency=EUR\" \/>\n<meta property=\"og:site_name\" content=\"Digitalize Global\" \/>\n<meta property=\"article:publisher\" content=\"https:\/\/www.facebook.com\/digitalizeglobal\/\" \/>\n<meta property=\"article:modified_time\" content=\"2024-08-10T21:57:19+00:00\" \/>\n<meta property=\"og:image\" content=\"https:\/\/digitalizeglobal.com\/wp-content\/uploads\/2024\/06\/digitalize-global-business-scaled.jpeg\" \/>\n\t<meta property=\"og:image:width\" content=\"1024\" \/>\n\t<meta property=\"og:image:height\" content=\"638\" \/>\n\t<meta property=\"og:image:type\" content=\"image\/jpeg\" \/>\n<meta name=\"twitter:card\" content=\"summary_large_image\" \/>\n<meta name=\"twitter:label1\" content=\"Dur\u00e9e de lecture estim\u00e9e\" \/>\n\t<meta name=\"twitter:data1\" content=\"2 minutes\" \/>\n<script type=\"application\/ld+json\" class=\"yoast-schema-graph\">{\"@context\":\"https:\/\/schema.org\",\"@graph\":[{\"@type\":\"WebPage\",\"@id\":\"https:\/\/digitalizeglobal.com\/terms-and-conditions\/rueckerstattung\/\",\"url\":\"https:\/\/digitalizeglobal.com\/terms-and-conditions\/rueckerstattung\/\",\"name\":\"Richtlinie f\u00fcr R\u00fcckerstattungen - Digitalize Global\",\"isPartOf\":{\"@id\":\"https:\/\/digitalizeglobal.com\/#website\"},\"datePublished\":\"2024-07-18T01:38:54+00:00\",\"dateModified\":\"2024-08-10T21:57:19+00:00\",\"breadcrumb\":{\"@id\":\"https:\/\/digitalizeglobal.com\/terms-and-conditions\/rueckerstattung\/#breadcrumb\"},\"inLanguage\":\"fr-FR\",\"potentialAction\":[{\"@type\":\"ReadAction\",\"target\":[\"https:\/\/digitalizeglobal.com\/terms-and-conditions\/rueckerstattung\/\"]}]},{\"@type\":\"BreadcrumbList\",\"@id\":\"https:\/\/digitalizeglobal.com\/terms-and-conditions\/rueckerstattung\/#breadcrumb\",\"itemListElement\":[{\"@type\":\"ListItem\",\"position\":1,\"name\":\"Startseite\",\"item\":\"https:\/\/digitalizeglobal.com\/\"},{\"@type\":\"ListItem\",\"position\":2,\"name\":\"Allgemeinen Gesch\u00e4ftsbedingungen\",\"item\":\"https:\/\/digitalizeglobal.com\/terms-and-conditions\/\"},{\"@type\":\"ListItem\",\"position\":3,\"name\":\"Richtlinie f\u00fcr R\u00fcckerstattungen\"}]},{\"@type\":\"WebSite\",\"@id\":\"https:\/\/digitalizeglobal.com\/#website\",\"url\":\"https:\/\/digitalizeglobal.com\/\",\"name\":\"Digitalize Global\",\"description\":\"Unternehmensgr\u00fcndung und Verwaltung\",\"publisher\":{\"@id\":\"https:\/\/digitalizeglobal.com\/#organization\"},\"alternateName\":\"Digitalize Global Business\",\"potentialAction\":[{\"@type\":\"SearchAction\",\"target\":{\"@type\":\"EntryPoint\",\"urlTemplate\":\"https:\/\/digitalizeglobal.com\/?s={search_term_string}\"},\"query-input\":{\"@type\":\"PropertyValueSpecification\",\"valueRequired\":true,\"valueName\":\"search_term_string\"}}],\"inLanguage\":\"fr-FR\"},{\"@type\":\"Organization\",\"@id\":\"https:\/\/digitalizeglobal.com\/#organization\",\"name\":\"Digitalize Global\",\"alternateName\":\"Digitalize Global, LLC.\",\"url\":\"https:\/\/digitalizeglobal.com\/\",\"logo\":{\"@type\":\"ImageObject\",\"inLanguage\":\"fr-FR\",\"@id\":\"https:\/\/digitalizeglobal.com\/#\/schema\/logo\/image\/\",\"url\":\"https:\/\/digitalizeglobal.com\/wp-content\/uploads\/2024\/04\/android-chrome-512x512-1.png\",\"contentUrl\":\"https:\/\/digitalizeglobal.com\/wp-content\/uploads\/2024\/04\/android-chrome-512x512-1.png\",\"width\":512,\"height\":512,\"caption\":\"Digitalize Global\"},\"image\":{\"@id\":\"https:\/\/digitalizeglobal.com\/#\/schema\/logo\/image\/\"},\"sameAs\":[\"https:\/\/www.facebook.com\/digitalizeglobal\/\",\"https:\/\/mastodon.social\/@Faierberg\",\"https:\/\/www.facebook.com\/groups\/digitalizeglobaldeu\",\"https:\/\/www.youtube.com\/@DigitalizeGlobal\",\"https:\/\/www.gutefrage.net\/nutzer\/Faierberg\",\"https:\/\/www.webwiki.de\/digitalizeglobal.com\",\"https:\/\/www.sitelike.org\/similar\/digitalizeglobal.com\/\"],\"description\":\"Wir sind Digitalize Global LLC, ein Unternehmen, das urspr\u00fcnglich im US-Bundesstaat Wyoming gegr\u00fcndet wurde \u2013 einem Ort, der f\u00fcr seine Bewohner mit einem Freiheitsdrang und einer tief verwurzelten Gleichberechtigung bekannt ist. Unser Ziel ist es, Ihnen dabei zu helfen, ihre unternehmerische Freiheit auf internationaler Ebene zu verwirklichen. Wir glauben, dass jeder Mensch das Recht und die Freiheit hat, seinen Lebensunterhalt mit dem zu verdienen, was er liebt. Legen Sie mit einer Unternehmensgr\u00fcndung den Grundstein f\u00fcr ein selbstbestimmtes Leben! Stets f\u00fcr unsere Kunden erreichbar Digitalize Global ist bekannt f\u00fcr seinen kundenfreundlichen Service und steht Ihnen als Partner vor, w\u00e4hrend und nach der Gr\u00fcndung Ihres Unternehmens pers\u00f6nlich zur Seite. Anders als viele Konkurrenten, die ihre Kunden nach der Gr\u00fcndung oft allein lassen, unterst\u00fctzen wir Sie bei allen Herausforderungen und bieten Ihnen kostenlose Beratungsgespr\u00e4che. Wir sind \u00fcberzeugt, dass internationales Gesch\u00e4ft und Mobilit\u00e4t f\u00fcr alle zug\u00e4nglich sein sollten. Klare und strukturierte Preispolitik Bei uns finden Sie keine unbezahlbaren Beratungsangebote oder versteckte Kosten. Alle unsere Angebote sind transparent und preisfest. Unser einzigartiges Alleinstellungsmerkmal gegen\u00fcber unseren Mitbewerbern sind unsere flexiblen Ratenzahlungsm\u00f6glichkeiten, die wir unseren Kunden anbieten. Priorit\u00e4t Datenschutz Mit h\u00f6chstem Datenschutz und Sorgfalt f\u00fcr Ihre Sicherheit \u00fcbernehmen wir alles rund um die Anmeldung, Verwaltung und Umsetzung Ihres Unternehmens im Ausland, sodass Sie sich um nichts k\u00fcmmern m\u00fcssen. Ihre Diskretion ist bei uns stets gew\u00e4hrleistet. Aus unserem Haus gehen niemals Meldungen an nicht involvierte Strukturen raus. Wir verf\u00fcgen \u00fcber umfangreiche Erfahrung Als Experten f\u00fcr Unternehmensgr\u00fcndungen in den USA und Europa unterst\u00fctzen wir Sie bei der Schaffung ortsunabh\u00e4ngiger Arbeitspl\u00e4tze und bieten ein breites Spektrum professioneller Dienstleistungen.\",\"email\":\"office@digitalizeglobal.com\",\"telephone\":\"+1 406 943 4473\",\"legalName\":\"Digitalize Global, LLC.\",\"foundingDate\":\"2024-05-01\",\"taxID\":\"30-1415662\",\"numberOfEmployees\":{\"@type\":\"QuantitativeValue\",\"minValue\":\"1\",\"maxValue\":\"10\"},\"publishingPrinciples\":\"https:\/\/digitalizeglobal.com\/ueber-uns\/veroeffentlichungsgrundsaetze-von-digitalize-global\/\",\"ownershipFundingInfo\":\"https:\/\/digitalizeglobal.com\/ueber-uns\/eigentums-und-finanzierungsinformationen-von-digitalize-global\/\",\"actionableFeedbackPolicy\":\"https:\/\/digitalizeglobal.com\/terms-and-conditions\/umsetzbare-feedback-richtlinie-von-digitalize-global\/\",\"correctionsPolicy\":\"https:\/\/digitalizeglobal.com\/ueber-uns\/korrekturrichtlinie-von-digitalize-global\/\",\"ethicsPolicy\":\"https:\/\/digitalizeglobal.com\/ueber-uns\/digitalize-global-addendum-unser-versprechen-fuer-freies-unternehmertum\/\",\"diversityPolicy\":\"https:\/\/digitalizeglobal.com\/datenschutzerklaerung\/\",\"diversityStaffingReport\":\"https:\/\/digitalizeglobal.com\/ueber-uns\/diversitaets-personalbericht-von-digitalize-global\/\"}]}<\/script>\n<!-- \/ Yoast SEO Premium plugin. -->","yoast_head_json":{"title":"Politique de remboursement - Digitalize Global","robots":{"index":"index","follow":"follow","max-snippet":"max-snippet:-1","max-image-preview":"max-image-preview:large","max-video-preview":"max-video-preview:-1"},"canonical":"https:\/\/digitalizeglobal.com\/fr\/termes-et-conditions\/remboursement-rue\/?wmc-currency=EUR","og_locale":"fr_FR","og_type":"article","og_title":"Richtlinie f\u00fcr R\u00fcckerstattungen","og_description":"R&uuml;ckerstattungsrichtlinie f&uuml;r Digitalize Global, LLC 1. Allgemeine Bestimmungen Digitalize Global, LLC bietet Dienstleistungen in den Bereichen Firmengr&uuml;ndungen, Registered Agent, Registered Office sowie 12-monatige Firmenverwaltung und Support an. Diese Richtlinie regelt die Bedingungen f&uuml;r R&uuml;ckerstattungen in verschiedenen Szenarien. 2. R&uuml;ckerstattung bei gescheiterter Firmengr&uuml;ndung 2.1 Bei vollst&auml;ndiger Zahlung Im Falle einer gescheiterten Firmengr&uuml;ndung wird der Gesamtbetrag zur&uuml;ckerstattet. [&hellip;]","og_url":"https:\/\/digitalizeglobal.com\/fr\/termes-et-conditions\/remboursement-rue\/?wmc-currency=EUR","og_site_name":"Digitalize Global","article_publisher":"https:\/\/www.facebook.com\/digitalizeglobal\/","article_modified_time":"2024-08-10T21:57:19+00:00","og_image":[{"width":1024,"height":638,"url":"https:\/\/digitalizeglobal.com\/wp-content\/uploads\/2024\/06\/digitalize-global-business-scaled.jpeg","type":"image\/jpeg"}],"twitter_card":"summary_large_image","twitter_misc":{"Dur\u00e9e de lecture estim\u00e9e":"2 minutes"},"schema":{"@context":"https:\/\/schema.org","@graph":[{"@type":"WebPage","@id":"https:\/\/digitalizeglobal.com\/terms-and-conditions\/rueckerstattung\/","url":"https:\/\/digitalizeglobal.com\/terms-and-conditions\/rueckerstattung\/","name":"Politique de remboursement - Digitalize Global","isPartOf":{"@id":"https:\/\/digitalizeglobal.com\/#website"},"datePublished":"2024-07-18T01:38:54+00:00","dateModified":"2024-08-10T21:57:19+00:00","breadcrumb":{"@id":"https:\/\/digitalizeglobal.com\/terms-and-conditions\/rueckerstattung\/#breadcrumb"},"inLanguage":"fr-FR","potentialAction":[{"@type":"ReadAction","target":["https:\/\/digitalizeglobal.com\/terms-and-conditions\/rueckerstattung\/"]}]},{"@type":"BreadcrumbList","@id":"https:\/\/digitalizeglobal.com\/terms-and-conditions\/rueckerstattung\/#breadcrumb","itemListElement":[{"@type":"ListItem","position":1,"name":"Startseite","item":"https:\/\/digitalizeglobal.com\/"},{"@type":"ListItem","position":2,"name":"Allgemeinen Gesch\u00e4ftsbedingungen","item":"https:\/\/digitalizeglobal.com\/terms-and-conditions\/"},{"@type":"ListItem","position":3,"name":"Richtlinie f\u00fcr R\u00fcckerstattungen"}]},{"@type":"WebSite","@id":"https:\/\/digitalizeglobal.com\/#website","url":"https:\/\/digitalizeglobal.com\/","name":"Digitalize Global","description":"Cr\u00e9ation et gestion d'entreprise","publisher":{"@id":"https:\/\/digitalizeglobal.com\/#organization"},"alternateName":"Digitalize Global Business","potentialAction":[{"@type":"SearchAction","target":{"@type":"EntryPoint","urlTemplate":"https:\/\/digitalizeglobal.com\/?s={search_term_string}"},"query-input":{"@type":"PropertyValueSpecification","valueRequired":true,"valueName":"search_term_string"}}],"inLanguage":"fr-FR"},{"@type":"Organization","@id":"https:\/\/digitalizeglobal.com\/#organization","name":"Digitalize Global","alternateName":"Digitalize Global, LLC.","url":"https:\/\/digitalizeglobal.com\/","logo":{"@type":"ImageObject","inLanguage":"fr-FR","@id":"https:\/\/digitalizeglobal.com\/#\/schema\/logo\/image\/","url":"https:\/\/digitalizeglobal.com\/wp-content\/uploads\/2024\/04\/android-chrome-512x512-1.png","contentUrl":"https:\/\/digitalizeglobal.com\/wp-content\/uploads\/2024\/04\/android-chrome-512x512-1.png","width":512,"height":512,"caption":"Digitalize Global"},"image":{"@id":"https:\/\/digitalizeglobal.com\/#\/schema\/logo\/image\/"},"sameAs":["https:\/\/www.facebook.com\/digitalizeglobal\/","https:\/\/mastodon.social\/@Faierberg","https:\/\/www.facebook.com\/groups\/digitalizeglobaldeu","https:\/\/www.youtube.com\/@DigitalizeGlobal","https:\/\/www.gutefrage.net\/nutzer\/Faierberg","https:\/\/www.webwiki.de\/digitalizeglobal.com","https:\/\/www.sitelike.org\/similar\/digitalizeglobal.com\/"],"description":"Nous sommes Digitalize Global LLC, une entreprise fond\u00e9e \u00e0 l'origine dans l'\u00c9tat am\u00e9ricain du Wyoming, un endroit connu pour ses habitants anim\u00e9s d'une soif de libert\u00e9 et d'\u00e9galit\u00e9 profond\u00e9ment ancr\u00e9e. Notre objectif est de vous aider \u00e0 concr\u00e9tiser votre libert\u00e9 d'entreprendre \u00e0 l'\u00e9chelle internationale. Nous pensons que chacun a le droit et la libert\u00e9 de gagner sa vie en faisant ce qu'il aime. Posez la premi\u00e8re pierre d'une vie autod\u00e9termin\u00e9e en cr\u00e9ant votre entreprise ! Toujours disponible pour nos clients Digitalize Global est r\u00e9put\u00e9e pour son service convivial et se tient personnellement \u00e0 vos c\u00f4t\u00e9s en tant que partenaire avant, pendant et apr\u00e8s la cr\u00e9ation de votre entreprise. Contrairement \u00e0 de nombreux concurrents qui laissent souvent leurs clients seuls apr\u00e8s la cr\u00e9ation de leur entreprise, nous vous aidons \u00e0 relever tous les d\u00e9fis et vous proposons des consultations gratuites. Nous sommes convaincus que le commerce international et la mobilit\u00e9 doivent \u00eatre accessibles \u00e0 tous. Une politique de prix claire et structur\u00e9e Chez nous, vous ne trouverez pas d'offres de conseil hors de prix ou de co\u00fbts cach\u00e9s. Toutes nos offres sont transparentes et \u00e0 prix fixe. Notre caract\u00e9ristique unique par rapport \u00e0 nos concurrents est la flexibilit\u00e9 des possibilit\u00e9s de paiement \u00e9chelonn\u00e9 que nous proposons \u00e0 nos clients. Priorit\u00e9 \u00e0 la protection des donn\u00e9es Avec la plus grande protection des donn\u00e9es et le soin apport\u00e9 \u00e0 votre s\u00e9curit\u00e9, nous nous chargeons de tout ce qui concerne l'enregistrement, la gestion et la mise en \u0153uvre de votre entreprise \u00e0 l'\u00e9tranger, de sorte que vous n'ayez \u00e0 vous occuper de rien. Votre discr\u00e9tion est toujours garantie chez nous. Nous n'envoyons jamais de messages \u00e0 des structures non impliqu\u00e9es. Nous disposons d'une vaste exp\u00e9rience En tant qu'experts en cr\u00e9ation d'entreprises aux \u00c9tats-Unis et en Europe, nous vous aidons \u00e0 cr\u00e9er des emplois ind\u00e9pendants et vous proposons une large gamme de services professionnels.","email":"office@digitalizeglobal.com","telephone":"+1 406 943 4473","legalName":"Digitalize Global, LLC.","foundingDate":"2024-05-01","taxID":"30-1415662","numberOfEmployees":{"@type":"QuantitativeValue","minValue":"1","maxValue":"10"},"publishingPrinciples":"https:\/\/digitalizeglobal.com\/ueber-uns\/veroeffentlichungsgrundsaetze-von-digitalize-global\/","ownershipFundingInfo":"https:\/\/digitalizeglobal.com\/ueber-uns\/eigentums-und-finanzierungsinformationen-von-digitalize-global\/","actionableFeedbackPolicy":"https:\/\/digitalizeglobal.com\/terms-and-conditions\/umsetzbare-feedback-richtlinie-von-digitalize-global\/","correctionsPolicy":"https:\/\/digitalizeglobal.com\/ueber-uns\/korrekturrichtlinie-von-digitalize-global\/","ethicsPolicy":"https:\/\/digitalizeglobal.com\/ueber-uns\/digitalize-global-addendum-unser-versprechen-fuer-freies-unternehmertum\/","diversityPolicy":"https:\/\/digitalizeglobal.com\/datenschutzerklaerung\/","diversityStaffingReport":"https:\/\/digitalizeglobal.com\/ueber-uns\/diversitaets-personalbericht-von-digitalize-global\/"}]}},"_links":{"self":[{"href":"https:\/\/digitalizeglobal.com\/fr\/wp-json\/wp\/v2\/pages\/11","targetHints":{"allow":["GET"]}}],"collection":[{"href":"https:\/\/digitalizeglobal.com\/fr\/wp-json\/wp\/v2\/pages"}],"about":[{"href":"https:\/\/digitalizeglobal.com\/fr\/wp-json\/wp\/v2\/types\/page"}],"author":[{"embeddable":true,"href":"https:\/\/digitalizeglobal.com\/fr\/wp-json\/wp\/v2\/users\/1"}],"replies":[{"embeddable":true,"href":"https:\/\/digitalizeglobal.com\/fr\/wp-json\/wp\/v2\/comments?post=11"}],"version-history":[{"count":0,"href":"https:\/\/digitalizeglobal.com\/fr\/wp-json\/wp\/v2\/pages\/11\/revisions"}],"up":[{"embeddable":true,"href":"https:\/\/digitalizeglobal.com\/fr\/wp-json\/wp\/v2\/pages\/4755"}],"wp:attachment":[{"href":"https:\/\/digitalizeglobal.com\/fr\/wp-json\/wp\/v2\/media?parent=11"}],"curies":[{"name":"wp","href":"https:\/\/api.w.org\/{rel}","templated":true}]}}