{"id":4918,"date":"2024-06-01T23:02:56","date_gmt":"2024-06-01T21:02:56","guid":{"rendered":"https:\/\/digitalizeglobal.com\/?page_id=4918"},"modified":"2025-01-07T21:27:20","modified_gmt":"2025-01-07T20:27:20","slug":"eigentums-und-finanzierungsinformationen-von-digitalize-global","status":"publish","type":"page","link":"https:\/\/digitalizeglobal.com\/fr\/a-propos-de-nous\/informations-sur-la-propriete-et-le-financement-de-digitalize-global\/","title":{"rendered":"Informations sur la propri\u00e9t\u00e9 et le financement de Digitalize Global"},"content":{"rendered":"<div data-elementor-type=\"wp-page\" data-elementor-id=\"4918\" class=\"elementor elementor-4918\" data-elementor-post-type=\"page\">\n\t\t\t\t<div class=\"elementor-element elementor-element-7b5a1f15 e-flex e-con-boxed e-con e-parent\" data-id=\"7b5a1f15\" data-element_type=\"container\" data-settings=\"{&quot;_ob_use_container_extras&quot;:&quot;no&quot;,&quot;_ob_column_hoveranimator&quot;:&quot;no&quot;,&quot;_ob_glider_is_slider&quot;:&quot;no&quot;,&quot;_ob_column_has_pseudo&quot;:&quot;no&quot;}\">\n\t\t\t\t\t<div class=\"e-con-inner\">\n\t\t\t\t<div class=\"elementor-element elementor-element-6120e926 ob-harakiri-inherit ob-has-background-overlay elementor-widget elementor-widget-text-editor\" data-id=\"6120e926\" data-element_type=\"widget\" data-settings=\"{&quot;_ob_use_harakiri&quot;:&quot;yes&quot;,&quot;_ob_harakiri_writing_mode&quot;:&quot;inherit&quot;,&quot;_ob_postman_use&quot;:&quot;no&quot;,&quot;_ob_widget_stalker_use&quot;:&quot;no&quot;,&quot;_ob_poopart_use&quot;:&quot;yes&quot;,&quot;_ob_shadough_use&quot;:&quot;no&quot;,&quot;_ob_allow_hoveranimator&quot;:&quot;no&quot;}\" data-widget_type=\"text-editor.default\">\n\t\t\t\t\t\t\t\t\t<h2>Propri\u00e9t\u00e9<\/h2><p>Chez Digitalize Global, la transparence est tr\u00e8s importante pour nous. C'est pourquoi nous souhaitons vous donner un aper\u00e7u de la structure de notre entreprise : Digitalize Global est une soci\u00e9t\u00e9 \u00e0 responsabilit\u00e9 limit\u00e9e (LLC) cr\u00e9\u00e9e \u00e0 Sheridan, Wyoming (\u00c9tats-Unis) en 2024.<\/p><p>Digitalize Global est une entreprise priv\u00e9e fond\u00e9e par des experts dans le domaine de la cr\u00e9ation et du conseil aux entreprises. Les propri\u00e9taires disposent d'une vaste exp\u00e9rience et de r\u00e9seaux sur diff\u00e9rents march\u00e9s internationaux.<\/p><h2 class=\"mb-2 mt-6 text-lg first:mt-3\">Structure de l'entreprise<\/h2><p>Digitalize Global est organis\u00e9e en LLC, une forme juridique avec une structure d'actionnaires flexible et une fiscalit\u00e9 avantageuse aux \u00c9tats-Unis. La direction op\u00e9rationnelle est assur\u00e9e par les fondateurs en tant que Managing Members.<\/p><h2>Structure de financement<\/h2><p>Notre financement est assur\u00e9 par des investisseurs priv\u00e9s et des fonds propres des fondateurs. Cela nous permet de r\u00e9pondre de mani\u00e8re ind\u00e9pendante et flexible aux besoins de nos clients, tout en visant une croissance durable et une stabilit\u00e9 financi\u00e8re.<\/p><h2 class=\"mb-2 mt-6 text-lg first:mt-3\">Perspectives d'avenir et plans de croissance<\/h2><p>Digitalize Global se trouve dans une phase de croissance dynamique. Pour les prochaines ann\u00e9es, nous pr\u00e9voyons de nous d\u00e9velopper sur d'autres march\u00e9s en Europe et en Asie. En \u00e9largissant notre portefeuille de produits et en d\u00e9veloppant la distribution, nous voulons augmenter consid\u00e9rablement nos parts de march\u00e9.<\/p>\t\t\t\t\t\t\t\t<\/div>\n\t\t\t\t\t<\/div>\n\t\t\t\t<\/div>\n\t\t\t\t<\/div>","protected":false},"excerpt":{"rendered":"<p>Propri\u00e9t\u00e9 La transparence est tr\u00e8s importante pour nous chez Digitalize Global. C'est pourquoi nous souhaitons vous donner un aper\u00e7u de la structure de notre entreprise : Digitalize Global est une soci\u00e9t\u00e9 \u00e0 responsabilit\u00e9 limit\u00e9e (LLC) fond\u00e9e \u00e0 Sheridan, Wyoming (\u00c9tats-Unis), en 2024. Digitalize Global est une soci\u00e9t\u00e9 priv\u00e9e fond\u00e9e par des experts en mati\u00e8re de cr\u00e9ation d'entreprise et de conseil. Les [...]<\/p>","protected":false},"author":1,"featured_media":0,"parent":2120,"menu_order":0,"comment_status":"closed","ping_status":"closed","template":"","meta":{"_acf_changed":false,"_helpful_pro_status":1,"footnotes":""},"class_list":["post-4918","page","type-page","status-publish","hentry"],"acf":[],"yoast_head":"<!-- This site is optimized with the Yoast SEO Premium plugin v25.8 (Yoast SEO v25.8) - https:\/\/yoast.com\/wordpress\/plugins\/seo\/ -->\n<title>Eigentums- und Finanzierungsinformationen von Digitalize Global - Digitalize Global<\/title>\n<meta name=\"robots\" content=\"index, follow, max-snippet:-1, max-image-preview:large, max-video-preview:-1\" \/>\n<link rel=\"canonical\" href=\"https:\/\/digitalizeglobal.com\/fr\/a-propos-de-nous\/informations-sur-la-propriete-et-le-financement-de-digitalize-global\/?wmc-currency=EUR\" \/>\n<meta property=\"og:locale\" content=\"fr_FR\" \/>\n<meta property=\"og:type\" content=\"article\" \/>\n<meta property=\"og:title\" content=\"Eigentums- und Finanzierungsinformationen von Digitalize Global\" \/>\n<meta property=\"og:description\" content=\"Eigentum Transparenz ist uns bei Digitalize Global sehr wichtig. Deshalb m\u00f6chten wir Ihnen einen Einblick in unsere Unternehmensstruktur geben: Digitalize Global ist eine Limited Liability Company (LLC), die in Sheridan, Wyoming (USA), im Jahr 2024 gegr\u00fcndet wurde. Digitalize Global ist ein privat gef\u00fchrtes Unternehmen, das von Experten im Bereich Unternehmensgr\u00fcndung und -beratung gegr\u00fcndet wurde. Die [&hellip;]\" \/>\n<meta property=\"og:url\" content=\"https:\/\/digitalizeglobal.com\/fr\/a-propos-de-nous\/informations-sur-la-propriete-et-le-financement-de-digitalize-global\/?wmc-currency=EUR\" \/>\n<meta property=\"og:site_name\" content=\"Digitalize Global\" \/>\n<meta property=\"article:publisher\" content=\"https:\/\/www.facebook.com\/digitalizeglobal\/\" \/>\n<meta property=\"article:modified_time\" content=\"2025-01-07T20:27:20+00:00\" \/>\n<meta property=\"og:image\" content=\"https:\/\/digitalizeglobal.com\/wp-content\/uploads\/2024\/06\/digitalize-global-business-scaled.jpeg\" \/>\n\t<meta property=\"og:image:width\" content=\"1024\" \/>\n\t<meta property=\"og:image:height\" content=\"638\" \/>\n\t<meta property=\"og:image:type\" content=\"image\/jpeg\" \/>\n<meta name=\"twitter:card\" content=\"summary_large_image\" \/>\n<meta name=\"twitter:label1\" content=\"Dur\u00e9e de lecture estim\u00e9e\" \/>\n\t<meta name=\"twitter:data1\" content=\"1 minute\" \/>\n<script type=\"application\/ld+json\" class=\"yoast-schema-graph\">{\"@context\":\"https:\/\/schema.org\",\"@graph\":[{\"@type\":\"WebPage\",\"@id\":\"https:\/\/digitalizeglobal.com\/ueber-uns\/eigentums-und-finanzierungsinformationen-von-digitalize-global\/\",\"url\":\"https:\/\/digitalizeglobal.com\/ueber-uns\/eigentums-und-finanzierungsinformationen-von-digitalize-global\/\",\"name\":\"Eigentums- und Finanzierungsinformationen von Digitalize Global - Digitalize Global\",\"isPartOf\":{\"@id\":\"https:\/\/digitalizeglobal.com\/#website\"},\"datePublished\":\"2024-06-01T21:02:56+00:00\",\"dateModified\":\"2025-01-07T20:27:20+00:00\",\"breadcrumb\":{\"@id\":\"https:\/\/digitalizeglobal.com\/ueber-uns\/eigentums-und-finanzierungsinformationen-von-digitalize-global\/#breadcrumb\"},\"inLanguage\":\"fr-FR\",\"potentialAction\":[{\"@type\":\"ReadAction\",\"target\":[\"https:\/\/digitalizeglobal.com\/ueber-uns\/eigentums-und-finanzierungsinformationen-von-digitalize-global\/\"]}]},{\"@type\":\"BreadcrumbList\",\"@id\":\"https:\/\/digitalizeglobal.com\/ueber-uns\/eigentums-und-finanzierungsinformationen-von-digitalize-global\/#breadcrumb\",\"itemListElement\":[{\"@type\":\"ListItem\",\"position\":1,\"name\":\"Startseite\",\"item\":\"https:\/\/digitalizeglobal.com\/\"},{\"@type\":\"ListItem\",\"position\":2,\"name\":\"\u00dcber uns\",\"item\":\"https:\/\/digitalizeglobal.com\/ueber-uns\/\"},{\"@type\":\"ListItem\",\"position\":3,\"name\":\"Eigentums- und Finanzierungsinformationen von Digitalize Global\"}]},{\"@type\":\"WebSite\",\"@id\":\"https:\/\/digitalizeglobal.com\/#website\",\"url\":\"https:\/\/digitalizeglobal.com\/\",\"name\":\"Digitalize Global\",\"description\":\"Unternehmensgr\u00fcndung und Verwaltung\",\"publisher\":{\"@id\":\"https:\/\/digitalizeglobal.com\/#organization\"},\"alternateName\":\"Digitalize Global Business\",\"potentialAction\":[{\"@type\":\"SearchAction\",\"target\":{\"@type\":\"EntryPoint\",\"urlTemplate\":\"https:\/\/digitalizeglobal.com\/?s={search_term_string}\"},\"query-input\":{\"@type\":\"PropertyValueSpecification\",\"valueRequired\":true,\"valueName\":\"search_term_string\"}}],\"inLanguage\":\"fr-FR\"},{\"@type\":\"Organization\",\"@id\":\"https:\/\/digitalizeglobal.com\/#organization\",\"name\":\"Digitalize Global\",\"alternateName\":\"Digitalize Global, LLC.\",\"url\":\"https:\/\/digitalizeglobal.com\/\",\"logo\":{\"@type\":\"ImageObject\",\"inLanguage\":\"fr-FR\",\"@id\":\"https:\/\/digitalizeglobal.com\/#\/schema\/logo\/image\/\",\"url\":\"https:\/\/digitalizeglobal.com\/wp-content\/uploads\/2024\/04\/android-chrome-512x512-1.png\",\"contentUrl\":\"https:\/\/digitalizeglobal.com\/wp-content\/uploads\/2024\/04\/android-chrome-512x512-1.png\",\"width\":512,\"height\":512,\"caption\":\"Digitalize Global\"},\"image\":{\"@id\":\"https:\/\/digitalizeglobal.com\/#\/schema\/logo\/image\/\"},\"sameAs\":[\"https:\/\/www.facebook.com\/digitalizeglobal\/\",\"https:\/\/mastodon.social\/@Faierberg\",\"https:\/\/www.facebook.com\/groups\/digitalizeglobaldeu\",\"https:\/\/www.youtube.com\/@DigitalizeGlobal\",\"https:\/\/www.gutefrage.net\/nutzer\/Faierberg\",\"https:\/\/www.webwiki.de\/digitalizeglobal.com\",\"https:\/\/www.sitelike.org\/similar\/digitalizeglobal.com\/\"],\"description\":\"Wir sind Digitalize Global LLC, ein Unternehmen, das urspr\u00fcnglich im US-Bundesstaat Wyoming gegr\u00fcndet wurde \u2013 einem Ort, der f\u00fcr seine Bewohner mit einem Freiheitsdrang und einer tief verwurzelten Gleichberechtigung bekannt ist. Unser Ziel ist es, Ihnen dabei zu helfen, ihre unternehmerische Freiheit auf internationaler Ebene zu verwirklichen. Wir glauben, dass jeder Mensch das Recht und die Freiheit hat, seinen Lebensunterhalt mit dem zu verdienen, was er liebt. Legen Sie mit einer Unternehmensgr\u00fcndung den Grundstein f\u00fcr ein selbstbestimmtes Leben! Stets f\u00fcr unsere Kunden erreichbar Digitalize Global ist bekannt f\u00fcr seinen kundenfreundlichen Service und steht Ihnen als Partner vor, w\u00e4hrend und nach der Gr\u00fcndung Ihres Unternehmens pers\u00f6nlich zur Seite. Anders als viele Konkurrenten, die ihre Kunden nach der Gr\u00fcndung oft allein lassen, unterst\u00fctzen wir Sie bei allen Herausforderungen und bieten Ihnen kostenlose Beratungsgespr\u00e4che. Wir sind \u00fcberzeugt, dass internationales Gesch\u00e4ft und Mobilit\u00e4t f\u00fcr alle zug\u00e4nglich sein sollten. Klare und strukturierte Preispolitik Bei uns finden Sie keine unbezahlbaren Beratungsangebote oder versteckte Kosten. Alle unsere Angebote sind transparent und preisfest. Unser einzigartiges Alleinstellungsmerkmal gegen\u00fcber unseren Mitbewerbern sind unsere flexiblen Ratenzahlungsm\u00f6glichkeiten, die wir unseren Kunden anbieten. Priorit\u00e4t Datenschutz Mit h\u00f6chstem Datenschutz und Sorgfalt f\u00fcr Ihre Sicherheit \u00fcbernehmen wir alles rund um die Anmeldung, Verwaltung und Umsetzung Ihres Unternehmens im Ausland, sodass Sie sich um nichts k\u00fcmmern m\u00fcssen. Ihre Diskretion ist bei uns stets gew\u00e4hrleistet. Aus unserem Haus gehen niemals Meldungen an nicht involvierte Strukturen raus. Wir verf\u00fcgen \u00fcber umfangreiche Erfahrung Als Experten f\u00fcr Unternehmensgr\u00fcndungen in den USA und Europa unterst\u00fctzen wir Sie bei der Schaffung ortsunabh\u00e4ngiger Arbeitspl\u00e4tze und bieten ein breites Spektrum professioneller Dienstleistungen.\",\"email\":\"office@digitalizeglobal.com\",\"telephone\":\"+1 406 943 4473\",\"legalName\":\"Digitalize Global, LLC.\",\"foundingDate\":\"2024-05-01\",\"taxID\":\"30-1415662\",\"numberOfEmployees\":{\"@type\":\"QuantitativeValue\",\"minValue\":\"1\",\"maxValue\":\"10\"},\"publishingPrinciples\":\"https:\/\/digitalizeglobal.com\/ueber-uns\/veroeffentlichungsgrundsaetze-von-digitalize-global\/\",\"ownershipFundingInfo\":\"https:\/\/digitalizeglobal.com\/ueber-uns\/eigentums-und-finanzierungsinformationen-von-digitalize-global\/\",\"actionableFeedbackPolicy\":\"https:\/\/digitalizeglobal.com\/terms-and-conditions\/umsetzbare-feedback-richtlinie-von-digitalize-global\/\",\"correctionsPolicy\":\"https:\/\/digitalizeglobal.com\/ueber-uns\/korrekturrichtlinie-von-digitalize-global\/\",\"ethicsPolicy\":\"https:\/\/digitalizeglobal.com\/ueber-uns\/digitalize-global-addendum-unser-versprechen-fuer-freies-unternehmertum\/\",\"diversityPolicy\":\"https:\/\/digitalizeglobal.com\/datenschutzerklaerung\/\",\"diversityStaffingReport\":\"https:\/\/digitalizeglobal.com\/ueber-uns\/diversitaets-personalbericht-von-digitalize-global\/\"}]}<\/script>\n<!-- \/ Yoast SEO Premium plugin. -->","yoast_head_json":{"title":"Informations sur la propri\u00e9t\u00e9 et le financement de Digitalize Global - Digitalize Global","robots":{"index":"index","follow":"follow","max-snippet":"max-snippet:-1","max-image-preview":"max-image-preview:large","max-video-preview":"max-video-preview:-1"},"canonical":"https:\/\/digitalizeglobal.com\/fr\/a-propos-de-nous\/informations-sur-la-propriete-et-le-financement-de-digitalize-global\/?wmc-currency=EUR","og_locale":"fr_FR","og_type":"article","og_title":"Eigentums- und Finanzierungsinformationen von Digitalize Global","og_description":"Eigentum Transparenz ist uns bei Digitalize Global sehr wichtig. Deshalb m\u00f6chten wir Ihnen einen Einblick in unsere Unternehmensstruktur geben: Digitalize Global ist eine Limited Liability Company (LLC), die in Sheridan, Wyoming (USA), im Jahr 2024 gegr\u00fcndet wurde. Digitalize Global ist ein privat gef\u00fchrtes Unternehmen, das von Experten im Bereich Unternehmensgr\u00fcndung und -beratung gegr\u00fcndet wurde. Die [&hellip;]","og_url":"https:\/\/digitalizeglobal.com\/fr\/a-propos-de-nous\/informations-sur-la-propriete-et-le-financement-de-digitalize-global\/?wmc-currency=EUR","og_site_name":"Digitalize Global","article_publisher":"https:\/\/www.facebook.com\/digitalizeglobal\/","article_modified_time":"2025-01-07T20:27:20+00:00","og_image":[{"width":1024,"height":638,"url":"https:\/\/digitalizeglobal.com\/wp-content\/uploads\/2024\/06\/digitalize-global-business-scaled.jpeg","type":"image\/jpeg"}],"twitter_card":"summary_large_image","twitter_misc":{"Dur\u00e9e de lecture estim\u00e9e":"1 minute"},"schema":{"@context":"https:\/\/schema.org","@graph":[{"@type":"WebPage","@id":"https:\/\/digitalizeglobal.com\/ueber-uns\/eigentums-und-finanzierungsinformationen-von-digitalize-global\/","url":"https:\/\/digitalizeglobal.com\/ueber-uns\/eigentums-und-finanzierungsinformationen-von-digitalize-global\/","name":"Informations sur la propri\u00e9t\u00e9 et le financement de Digitalize Global - Digitalize Global","isPartOf":{"@id":"https:\/\/digitalizeglobal.com\/#website"},"datePublished":"2024-06-01T21:02:56+00:00","dateModified":"2025-01-07T20:27:20+00:00","breadcrumb":{"@id":"https:\/\/digitalizeglobal.com\/ueber-uns\/eigentums-und-finanzierungsinformationen-von-digitalize-global\/#breadcrumb"},"inLanguage":"fr-FR","potentialAction":[{"@type":"ReadAction","target":["https:\/\/digitalizeglobal.com\/ueber-uns\/eigentums-und-finanzierungsinformationen-von-digitalize-global\/"]}]},{"@type":"BreadcrumbList","@id":"https:\/\/digitalizeglobal.com\/ueber-uns\/eigentums-und-finanzierungsinformationen-von-digitalize-global\/#breadcrumb","itemListElement":[{"@type":"ListItem","position":1,"name":"Startseite","item":"https:\/\/digitalizeglobal.com\/"},{"@type":"ListItem","position":2,"name":"\u00dcber uns","item":"https:\/\/digitalizeglobal.com\/ueber-uns\/"},{"@type":"ListItem","position":3,"name":"Eigentums- und Finanzierungsinformationen von Digitalize Global"}]},{"@type":"WebSite","@id":"https:\/\/digitalizeglobal.com\/#website","url":"https:\/\/digitalizeglobal.com\/","name":"Digitalize Global","description":"Cr\u00e9ation et gestion d'entreprise","publisher":{"@id":"https:\/\/digitalizeglobal.com\/#organization"},"alternateName":"Digitalize Global Business","potentialAction":[{"@type":"SearchAction","target":{"@type":"EntryPoint","urlTemplate":"https:\/\/digitalizeglobal.com\/?s={search_term_string}"},"query-input":{"@type":"PropertyValueSpecification","valueRequired":true,"valueName":"search_term_string"}}],"inLanguage":"fr-FR"},{"@type":"Organization","@id":"https:\/\/digitalizeglobal.com\/#organization","name":"Digitalize Global","alternateName":"Digitalize Global, LLC.","url":"https:\/\/digitalizeglobal.com\/","logo":{"@type":"ImageObject","inLanguage":"fr-FR","@id":"https:\/\/digitalizeglobal.com\/#\/schema\/logo\/image\/","url":"https:\/\/digitalizeglobal.com\/wp-content\/uploads\/2024\/04\/android-chrome-512x512-1.png","contentUrl":"https:\/\/digitalizeglobal.com\/wp-content\/uploads\/2024\/04\/android-chrome-512x512-1.png","width":512,"height":512,"caption":"Digitalize Global"},"image":{"@id":"https:\/\/digitalizeglobal.com\/#\/schema\/logo\/image\/"},"sameAs":["https:\/\/www.facebook.com\/digitalizeglobal\/","https:\/\/mastodon.social\/@Faierberg","https:\/\/www.facebook.com\/groups\/digitalizeglobaldeu","https:\/\/www.youtube.com\/@DigitalizeGlobal","https:\/\/www.gutefrage.net\/nutzer\/Faierberg","https:\/\/www.webwiki.de\/digitalizeglobal.com","https:\/\/www.sitelike.org\/similar\/digitalizeglobal.com\/"],"description":"Nous sommes Digitalize Global LLC, une entreprise fond\u00e9e \u00e0 l'origine dans l'\u00c9tat am\u00e9ricain du Wyoming, un endroit connu pour ses habitants anim\u00e9s d'une soif de libert\u00e9 et d'\u00e9galit\u00e9 profond\u00e9ment ancr\u00e9e. Notre objectif est de vous aider \u00e0 concr\u00e9tiser votre libert\u00e9 d'entreprendre \u00e0 l'\u00e9chelle internationale. Nous pensons que chacun a le droit et la libert\u00e9 de gagner sa vie en faisant ce qu'il aime. Posez la premi\u00e8re pierre d'une vie autod\u00e9termin\u00e9e en cr\u00e9ant votre entreprise ! Toujours disponible pour nos clients Digitalize Global est r\u00e9put\u00e9e pour son service convivial et se tient personnellement \u00e0 vos c\u00f4t\u00e9s en tant que partenaire avant, pendant et apr\u00e8s la cr\u00e9ation de votre entreprise. Contrairement \u00e0 de nombreux concurrents qui laissent souvent leurs clients seuls apr\u00e8s la cr\u00e9ation de leur entreprise, nous vous aidons \u00e0 relever tous les d\u00e9fis et vous proposons des consultations gratuites. Nous sommes convaincus que le commerce international et la mobilit\u00e9 doivent \u00eatre accessibles \u00e0 tous. Une politique de prix claire et structur\u00e9e Chez nous, vous ne trouverez pas d'offres de conseil hors de prix ou de co\u00fbts cach\u00e9s. Toutes nos offres sont transparentes et \u00e0 prix fixe. Notre caract\u00e9ristique unique par rapport \u00e0 nos concurrents est la flexibilit\u00e9 des possibilit\u00e9s de paiement \u00e9chelonn\u00e9 que nous proposons \u00e0 nos clients. Priorit\u00e9 \u00e0 la protection des donn\u00e9es Avec la plus grande protection des donn\u00e9es et le soin apport\u00e9 \u00e0 votre s\u00e9curit\u00e9, nous nous chargeons de tout ce qui concerne l'enregistrement, la gestion et la mise en \u0153uvre de votre entreprise \u00e0 l'\u00e9tranger, de sorte que vous n'ayez \u00e0 vous occuper de rien. Votre discr\u00e9tion est toujours garantie chez nous. Nous n'envoyons jamais de messages \u00e0 des structures non impliqu\u00e9es. Nous disposons d'une vaste exp\u00e9rience En tant qu'experts en cr\u00e9ation d'entreprises aux \u00c9tats-Unis et en Europe, nous vous aidons \u00e0 cr\u00e9er des emplois ind\u00e9pendants et vous proposons une large gamme de services professionnels.","email":"office@digitalizeglobal.com","telephone":"+1 406 943 4473","legalName":"Digitalize Global, LLC.","foundingDate":"2024-05-01","taxID":"30-1415662","numberOfEmployees":{"@type":"QuantitativeValue","minValue":"1","maxValue":"10"},"publishingPrinciples":"https:\/\/digitalizeglobal.com\/ueber-uns\/veroeffentlichungsgrundsaetze-von-digitalize-global\/","ownershipFundingInfo":"https:\/\/digitalizeglobal.com\/ueber-uns\/eigentums-und-finanzierungsinformationen-von-digitalize-global\/","actionableFeedbackPolicy":"https:\/\/digitalizeglobal.com\/terms-and-conditions\/umsetzbare-feedback-richtlinie-von-digitalize-global\/","correctionsPolicy":"https:\/\/digitalizeglobal.com\/ueber-uns\/korrekturrichtlinie-von-digitalize-global\/","ethicsPolicy":"https:\/\/digitalizeglobal.com\/ueber-uns\/digitalize-global-addendum-unser-versprechen-fuer-freies-unternehmertum\/","diversityPolicy":"https:\/\/digitalizeglobal.com\/datenschutzerklaerung\/","diversityStaffingReport":"https:\/\/digitalizeglobal.com\/ueber-uns\/diversitaets-personalbericht-von-digitalize-global\/"}]}},"_links":{"self":[{"href":"https:\/\/digitalizeglobal.com\/fr\/wp-json\/wp\/v2\/pages\/4918","targetHints":{"allow":["GET"]}}],"collection":[{"href":"https:\/\/digitalizeglobal.com\/fr\/wp-json\/wp\/v2\/pages"}],"about":[{"href":"https:\/\/digitalizeglobal.com\/fr\/wp-json\/wp\/v2\/types\/page"}],"author":[{"embeddable":true,"href":"https:\/\/digitalizeglobal.com\/fr\/wp-json\/wp\/v2\/users\/1"}],"replies":[{"embeddable":true,"href":"https:\/\/digitalizeglobal.com\/fr\/wp-json\/wp\/v2\/comments?post=4918"}],"version-history":[{"count":0,"href":"https:\/\/digitalizeglobal.com\/fr\/wp-json\/wp\/v2\/pages\/4918\/revisions"}],"up":[{"embeddable":true,"href":"https:\/\/digitalizeglobal.com\/fr\/wp-json\/wp\/v2\/pages\/2120"}],"wp:attachment":[{"href":"https:\/\/digitalizeglobal.com\/fr\/wp-json\/wp\/v2\/media?parent=4918"}],"curies":[{"name":"wp","href":"https:\/\/api.w.org\/{rel}","templated":true}]}}