{"id":4944,"date":"2024-06-01T23:20:32","date_gmt":"2024-06-01T21:20:32","guid":{"rendered":"https:\/\/digitalizeglobal.com\/?page_id=4944"},"modified":"2024-07-31T18:26:03","modified_gmt":"2024-07-31T16:26:03","slug":"korrekturrichtlinie-von-digitalize-global","status":"publish","type":"page","link":"https:\/\/digitalizeglobal.com\/fr\/a-propos-de-nous\/politique-de-correction-de-digitalize-global\/","title":{"rendered":"Politique de correction de Digitalize Global"},"content":{"rendered":"<div data-elementor-type=\"wp-page\" data-elementor-id=\"4944\" class=\"elementor elementor-4944\" data-elementor-post-type=\"page\">\n\t\t\t\t<div class=\"elementor-element elementor-element-70750d89 e-flex e-con-boxed e-con e-parent\" data-id=\"70750d89\" data-element_type=\"container\" data-settings=\"{&quot;_ob_use_container_extras&quot;:&quot;no&quot;,&quot;_ob_column_hoveranimator&quot;:&quot;no&quot;,&quot;_ob_glider_is_slider&quot;:&quot;no&quot;,&quot;_ob_column_has_pseudo&quot;:&quot;no&quot;}\">\n\t\t\t\t\t<div class=\"e-con-inner\">\n\t\t\t\t<div class=\"elementor-element elementor-element-46a0a2bf ob-harakiri-inherit ob-has-background-overlay elementor-widget elementor-widget-text-editor\" data-id=\"46a0a2bf\" data-element_type=\"widget\" data-settings=\"{&quot;_ob_use_harakiri&quot;:&quot;yes&quot;,&quot;_ob_harakiri_writing_mode&quot;:&quot;inherit&quot;,&quot;_ob_postman_use&quot;:&quot;no&quot;,&quot;_ob_widget_stalker_use&quot;:&quot;no&quot;,&quot;_ob_poopart_use&quot;:&quot;yes&quot;,&quot;_ob_shadough_use&quot;:&quot;no&quot;,&quot;_ob_allow_hoveranimator&quot;:&quot;no&quot;}\" data-widget_type=\"text-editor.default\">\n\t\t\t\t\t\t\t\t\t<h2 class=\"mb-2 mt-6 text-lg first:mt-3\">1. les responsabilit\u00e9s<\/h2>\r\n<ul class=\"list-disc pl-8\">\r\n \t<li>Le contenu du site est r\u00e9guli\u00e8rement v\u00e9rifi\u00e9 par un correcteur professionnel en ce qui concerne l'orthographe, la grammaire et la ponctuation.<\/li>\r\n<\/ul>\r\n<ul class=\"list-disc pl-8\">\r\n \t<li>L'exploitant du site web\/le gestionnaire de contenu est responsable de l'ex\u00e9cution de la correction.<\/li>\r\n<\/ul>\r\n<h2 class=\"mb-2 mt-6 text-lg first:mt-3\">2. corrections<\/h2>\r\n<ul class=\"list-disc pl-8\">\r\n \t<li>Tous les contenus tels que les articles de blog, les descriptions de produits, les commentaires des clients, etc. sont inclus dans la relecture<\/li>\r\n \t<li>Les erreurs d'orthographe, de grammaire, de ponctuation et de formulation sont corrig\u00e9es.<\/li>\r\n \t<li>Il est possible d'optimiser le style et la compr\u00e9hension.<\/li>\r\n<\/ul>\r\n<h2 class=\"mb-2 mt-6 text-lg first:mt-3\">3) Prestataires de services externes<\/h2>\r\n<ul class=\"list-disc pl-8\">\r\n \t<li>Un prestataire de services externe et qualifi\u00e9 est charg\u00e9 de la relecture professionnelle<\/li>\r\n \t<li>Celui-ci a la distance n\u00e9cessaire par rapport \u00e0 l'entreprise pour identifier objectivement les erreurs et les corriger.<\/li>\r\n<\/ul>\r\n<h2 class=\"mb-2 mt-6 text-lg first:mt-3\">4. m\u00e9thode d'essai<\/h2>\r\n<ul class=\"list-disc pl-8\">\r\n \t<li>Les corrections sont effectu\u00e9es directement dans le syst\u00e8me de gestion de contenu du site web<\/li>\r\n \t<li>Il est \u00e9galement possible d'extraire les textes pour les corriger et de les mettre \u00e0 disposition sous forme de documents Word\/PDF.<\/li>\r\n<\/ul>\r\n<h2 class=\"mb-2 mt-6 text-lg first:mt-3\">5. fr\u00e9quence<\/h2>\r\n<ul class=\"list-disc pl-8\">\r\n \t<li>Les corrections ont lieu \u00e0 intervalles r\u00e9guliers (p. ex. tous les mois).<\/li>\r\n \t<li>En cas de nouveau contenu ou de contenu modifi\u00e9, une correction est imm\u00e9diatement effectu\u00e9e avant la publication.<\/li>\r\n<\/ul>\r\n<h2 class=\"mb-2 mt-6 text-lg first:mt-3\">6. documentation<\/h2>\r\n<ul class=\"list-disc pl-8\">\r\n \t<li>Toutes les corrections sont document\u00e9es de mani\u00e8re compr\u00e9hensible (p. ex. protocole de modification).<\/li>\r\n \t<li>Les versions pr\u00e9c\u00e9dentes des textes sont archiv\u00e9es pendant une certaine p\u00e9riode.<\/li>\r\n<\/ul>\r\n<h2 class=\"mb-2 mt-6 text-lg first:mt-3\">7. optimisation des moteurs de recherche<\/h2>\r\n<ul class=\"list-disc pl-8\">\r\n \t<li>Les corrections visent \u00e0 am\u00e9liorer la qualit\u00e9 du contenu, pas \u00e0 optimiser le r\u00e9f\u00e9rencement.<\/li>\r\n<\/ul>\r\n<ul class=\"list-disc pl-8\">\r\n \t<li>Pour les besoins du r\u00e9f\u00e9rencement, des mesures s\u00e9par\u00e9es doivent \u00e9ventuellement \u00eatre prises par un expert en r\u00e9f\u00e9rencement.<\/li>\r\n<\/ul>\r\nCette politique garantit que les contenus de digitalizeglobal.com sont r\u00e9guli\u00e8rement contr\u00f4l\u00e9s et corrig\u00e9s de mani\u00e8re professionnelle. Parall\u00e8lement, les responsabilit\u00e9s, les processus et les conditions g\u00e9n\u00e9rales sont clairement d\u00e9finis.\t\t\t\t\t\t\t\t<\/div>\n\t\t\t\t\t<\/div>\n\t\t\t\t<\/div>\n\t\t\t\t<\/div>","protected":false},"excerpt":{"rendered":"<p>1. responsabilit\u00e9s Le contenu du site web est r\u00e9guli\u00e8rement v\u00e9rifi\u00e9 par un correcteur professionnel au niveau de l'orthographe, de la grammaire et de la ponctuation Le responsable de l'ex\u00e9cution du correcteur est l'exploitant du site web\/le gestionnaire de contenu. 2. corrections Tous les contenus tels que les articles de blog, les descriptions de produits, les commentaires des clients, etc. sont inclus dans la relecture Les erreurs d'orthographe, de grammaire, de ponctuation et de formulation sont corrig\u00e9es. Optimisations du style et [...]<\/p>","protected":false},"author":1,"featured_media":0,"parent":2120,"menu_order":0,"comment_status":"closed","ping_status":"closed","template":"","meta":{"_acf_changed":false,"_helpful_pro_status":1,"footnotes":""},"class_list":["post-4944","page","type-page","status-publish","hentry"],"acf":[],"yoast_head":"<!-- This site is optimized with the Yoast SEO Premium plugin v25.8 (Yoast SEO v25.8) - https:\/\/yoast.com\/wordpress\/plugins\/seo\/ -->\n<title>Korrekturrichtlinie von Digitalize Global - Digitalize Global<\/title>\n<meta name=\"robots\" content=\"index, follow, max-snippet:-1, max-image-preview:large, max-video-preview:-1\" \/>\n<link rel=\"canonical\" href=\"https:\/\/digitalizeglobal.com\/fr\/a-propos-de-nous\/politique-de-correction-de-digitalize-global\/?wmc-currency=EUR\" \/>\n<meta property=\"og:locale\" content=\"fr_FR\" \/>\n<meta property=\"og:type\" content=\"article\" \/>\n<meta property=\"og:title\" content=\"Korrekturrichtlinie von Digitalize Global\" \/>\n<meta property=\"og:description\" content=\"1. Verantwortlichkeiten Der Inhalt der Website wird regelm\u00e4\u00dfig von einem professionellen Korrektorat auf Rechtschreibung, Grammatik und Zeichensetzung \u00fcberpr\u00fcft Verantwortlich f\u00fcr die Durchf\u00fchrung des Korrektorats ist der Websitebetreiber\/Content Manager. 2. Korrekturen Alle Inhalte wie Blogbeitr\u00e4ge, Produktbeschreibungen, Kundenkommentare etc. werden in das Korrektorat einbezogen Fehler in Rechtschreibung, Grammatik, Zeichensetzung und Formulierungen werden korrigiert. Optimierungen des Stils und [&hellip;]\" \/>\n<meta property=\"og:url\" content=\"https:\/\/digitalizeglobal.com\/fr\/a-propos-de-nous\/politique-de-correction-de-digitalize-global\/?wmc-currency=EUR\" \/>\n<meta property=\"og:site_name\" content=\"Digitalize Global\" \/>\n<meta property=\"article:publisher\" content=\"https:\/\/www.facebook.com\/digitalizeglobal\/\" \/>\n<meta property=\"article:modified_time\" content=\"2024-07-31T16:26:03+00:00\" \/>\n<meta property=\"og:image\" content=\"https:\/\/digitalizeglobal.com\/wp-content\/uploads\/2024\/06\/digitalize-global-business-scaled.jpeg\" \/>\n\t<meta property=\"og:image:width\" content=\"1024\" \/>\n\t<meta property=\"og:image:height\" content=\"638\" \/>\n\t<meta property=\"og:image:type\" content=\"image\/jpeg\" \/>\n<meta name=\"twitter:card\" content=\"summary_large_image\" \/>\n<meta name=\"twitter:label1\" content=\"Dur\u00e9e de lecture estim\u00e9e\" \/>\n\t<meta name=\"twitter:data1\" content=\"2 minutes\" \/>\n<script type=\"application\/ld+json\" class=\"yoast-schema-graph\">{\"@context\":\"https:\/\/schema.org\",\"@graph\":[{\"@type\":\"WebPage\",\"@id\":\"https:\/\/digitalizeglobal.com\/ueber-uns\/korrekturrichtlinie-von-digitalize-global\/\",\"url\":\"https:\/\/digitalizeglobal.com\/ueber-uns\/korrekturrichtlinie-von-digitalize-global\/\",\"name\":\"Korrekturrichtlinie von Digitalize Global - Digitalize Global\",\"isPartOf\":{\"@id\":\"https:\/\/digitalizeglobal.com\/#website\"},\"datePublished\":\"2024-06-01T21:20:32+00:00\",\"dateModified\":\"2024-07-31T16:26:03+00:00\",\"breadcrumb\":{\"@id\":\"https:\/\/digitalizeglobal.com\/ueber-uns\/korrekturrichtlinie-von-digitalize-global\/#breadcrumb\"},\"inLanguage\":\"fr-FR\",\"potentialAction\":[{\"@type\":\"ReadAction\",\"target\":[\"https:\/\/digitalizeglobal.com\/ueber-uns\/korrekturrichtlinie-von-digitalize-global\/\"]}]},{\"@type\":\"BreadcrumbList\",\"@id\":\"https:\/\/digitalizeglobal.com\/ueber-uns\/korrekturrichtlinie-von-digitalize-global\/#breadcrumb\",\"itemListElement\":[{\"@type\":\"ListItem\",\"position\":1,\"name\":\"Startseite\",\"item\":\"https:\/\/digitalizeglobal.com\/\"},{\"@type\":\"ListItem\",\"position\":2,\"name\":\"\u00dcber uns\",\"item\":\"https:\/\/digitalizeglobal.com\/ueber-uns\/\"},{\"@type\":\"ListItem\",\"position\":3,\"name\":\"Korrekturrichtlinie von Digitalize Global\"}]},{\"@type\":\"WebSite\",\"@id\":\"https:\/\/digitalizeglobal.com\/#website\",\"url\":\"https:\/\/digitalizeglobal.com\/\",\"name\":\"Digitalize Global\",\"description\":\"Unternehmensgr\u00fcndung und Verwaltung\",\"publisher\":{\"@id\":\"https:\/\/digitalizeglobal.com\/#organization\"},\"alternateName\":\"Digitalize Global Business\",\"potentialAction\":[{\"@type\":\"SearchAction\",\"target\":{\"@type\":\"EntryPoint\",\"urlTemplate\":\"https:\/\/digitalizeglobal.com\/?s={search_term_string}\"},\"query-input\":{\"@type\":\"PropertyValueSpecification\",\"valueRequired\":true,\"valueName\":\"search_term_string\"}}],\"inLanguage\":\"fr-FR\"},{\"@type\":\"Organization\",\"@id\":\"https:\/\/digitalizeglobal.com\/#organization\",\"name\":\"Digitalize Global\",\"alternateName\":\"Digitalize Global, LLC.\",\"url\":\"https:\/\/digitalizeglobal.com\/\",\"logo\":{\"@type\":\"ImageObject\",\"inLanguage\":\"fr-FR\",\"@id\":\"https:\/\/digitalizeglobal.com\/#\/schema\/logo\/image\/\",\"url\":\"https:\/\/digitalizeglobal.com\/wp-content\/uploads\/2024\/04\/android-chrome-512x512-1.png\",\"contentUrl\":\"https:\/\/digitalizeglobal.com\/wp-content\/uploads\/2024\/04\/android-chrome-512x512-1.png\",\"width\":512,\"height\":512,\"caption\":\"Digitalize Global\"},\"image\":{\"@id\":\"https:\/\/digitalizeglobal.com\/#\/schema\/logo\/image\/\"},\"sameAs\":[\"https:\/\/www.facebook.com\/digitalizeglobal\/\",\"https:\/\/mastodon.social\/@Faierberg\",\"https:\/\/www.facebook.com\/groups\/digitalizeglobaldeu\",\"https:\/\/www.youtube.com\/@DigitalizeGlobal\",\"https:\/\/www.gutefrage.net\/nutzer\/Faierberg\",\"https:\/\/www.webwiki.de\/digitalizeglobal.com\",\"https:\/\/www.sitelike.org\/similar\/digitalizeglobal.com\/\"],\"description\":\"Wir sind Digitalize Global LLC, ein Unternehmen, das urspr\u00fcnglich im US-Bundesstaat Wyoming gegr\u00fcndet wurde \u2013 einem Ort, der f\u00fcr seine Bewohner mit einem Freiheitsdrang und einer tief verwurzelten Gleichberechtigung bekannt ist. Unser Ziel ist es, Ihnen dabei zu helfen, ihre unternehmerische Freiheit auf internationaler Ebene zu verwirklichen. Wir glauben, dass jeder Mensch das Recht und die Freiheit hat, seinen Lebensunterhalt mit dem zu verdienen, was er liebt. Legen Sie mit einer Unternehmensgr\u00fcndung den Grundstein f\u00fcr ein selbstbestimmtes Leben! Stets f\u00fcr unsere Kunden erreichbar Digitalize Global ist bekannt f\u00fcr seinen kundenfreundlichen Service und steht Ihnen als Partner vor, w\u00e4hrend und nach der Gr\u00fcndung Ihres Unternehmens pers\u00f6nlich zur Seite. Anders als viele Konkurrenten, die ihre Kunden nach der Gr\u00fcndung oft allein lassen, unterst\u00fctzen wir Sie bei allen Herausforderungen und bieten Ihnen kostenlose Beratungsgespr\u00e4che. Wir sind \u00fcberzeugt, dass internationales Gesch\u00e4ft und Mobilit\u00e4t f\u00fcr alle zug\u00e4nglich sein sollten. Klare und strukturierte Preispolitik Bei uns finden Sie keine unbezahlbaren Beratungsangebote oder versteckte Kosten. Alle unsere Angebote sind transparent und preisfest. Unser einzigartiges Alleinstellungsmerkmal gegen\u00fcber unseren Mitbewerbern sind unsere flexiblen Ratenzahlungsm\u00f6glichkeiten, die wir unseren Kunden anbieten. Priorit\u00e4t Datenschutz Mit h\u00f6chstem Datenschutz und Sorgfalt f\u00fcr Ihre Sicherheit \u00fcbernehmen wir alles rund um die Anmeldung, Verwaltung und Umsetzung Ihres Unternehmens im Ausland, sodass Sie sich um nichts k\u00fcmmern m\u00fcssen. Ihre Diskretion ist bei uns stets gew\u00e4hrleistet. Aus unserem Haus gehen niemals Meldungen an nicht involvierte Strukturen raus. Wir verf\u00fcgen \u00fcber umfangreiche Erfahrung Als Experten f\u00fcr Unternehmensgr\u00fcndungen in den USA und Europa unterst\u00fctzen wir Sie bei der Schaffung ortsunabh\u00e4ngiger Arbeitspl\u00e4tze und bieten ein breites Spektrum professioneller Dienstleistungen.\",\"email\":\"office@digitalizeglobal.com\",\"telephone\":\"+1 406 943 4473\",\"legalName\":\"Digitalize Global, LLC.\",\"foundingDate\":\"2024-05-01\",\"taxID\":\"30-1415662\",\"numberOfEmployees\":{\"@type\":\"QuantitativeValue\",\"minValue\":\"1\",\"maxValue\":\"10\"},\"publishingPrinciples\":\"https:\/\/digitalizeglobal.com\/ueber-uns\/veroeffentlichungsgrundsaetze-von-digitalize-global\/\",\"ownershipFundingInfo\":\"https:\/\/digitalizeglobal.com\/ueber-uns\/eigentums-und-finanzierungsinformationen-von-digitalize-global\/\",\"actionableFeedbackPolicy\":\"https:\/\/digitalizeglobal.com\/terms-and-conditions\/umsetzbare-feedback-richtlinie-von-digitalize-global\/\",\"correctionsPolicy\":\"https:\/\/digitalizeglobal.com\/ueber-uns\/korrekturrichtlinie-von-digitalize-global\/\",\"ethicsPolicy\":\"https:\/\/digitalizeglobal.com\/ueber-uns\/digitalize-global-addendum-unser-versprechen-fuer-freies-unternehmertum\/\",\"diversityPolicy\":\"https:\/\/digitalizeglobal.com\/datenschutzerklaerung\/\",\"diversityStaffingReport\":\"https:\/\/digitalizeglobal.com\/ueber-uns\/diversitaets-personalbericht-von-digitalize-global\/\"}]}<\/script>\n<!-- \/ Yoast SEO Premium plugin. -->","yoast_head_json":{"title":"Politique de correction de Digitalize Global - Digitalize Global","robots":{"index":"index","follow":"follow","max-snippet":"max-snippet:-1","max-image-preview":"max-image-preview:large","max-video-preview":"max-video-preview:-1"},"canonical":"https:\/\/digitalizeglobal.com\/fr\/a-propos-de-nous\/politique-de-correction-de-digitalize-global\/?wmc-currency=EUR","og_locale":"fr_FR","og_type":"article","og_title":"Korrekturrichtlinie von Digitalize Global","og_description":"1. Verantwortlichkeiten Der Inhalt der Website wird regelm\u00e4\u00dfig von einem professionellen Korrektorat auf Rechtschreibung, Grammatik und Zeichensetzung \u00fcberpr\u00fcft Verantwortlich f\u00fcr die Durchf\u00fchrung des Korrektorats ist der Websitebetreiber\/Content Manager. 2. Korrekturen Alle Inhalte wie Blogbeitr\u00e4ge, Produktbeschreibungen, Kundenkommentare etc. werden in das Korrektorat einbezogen Fehler in Rechtschreibung, Grammatik, Zeichensetzung und Formulierungen werden korrigiert. Optimierungen des Stils und [&hellip;]","og_url":"https:\/\/digitalizeglobal.com\/fr\/a-propos-de-nous\/politique-de-correction-de-digitalize-global\/?wmc-currency=EUR","og_site_name":"Digitalize Global","article_publisher":"https:\/\/www.facebook.com\/digitalizeglobal\/","article_modified_time":"2024-07-31T16:26:03+00:00","og_image":[{"width":1024,"height":638,"url":"https:\/\/digitalizeglobal.com\/wp-content\/uploads\/2024\/06\/digitalize-global-business-scaled.jpeg","type":"image\/jpeg"}],"twitter_card":"summary_large_image","twitter_misc":{"Dur\u00e9e de lecture estim\u00e9e":"2 minutes"},"schema":{"@context":"https:\/\/schema.org","@graph":[{"@type":"WebPage","@id":"https:\/\/digitalizeglobal.com\/ueber-uns\/korrekturrichtlinie-von-digitalize-global\/","url":"https:\/\/digitalizeglobal.com\/ueber-uns\/korrekturrichtlinie-von-digitalize-global\/","name":"Politique de correction de Digitalize Global - Digitalize Global","isPartOf":{"@id":"https:\/\/digitalizeglobal.com\/#website"},"datePublished":"2024-06-01T21:20:32+00:00","dateModified":"2024-07-31T16:26:03+00:00","breadcrumb":{"@id":"https:\/\/digitalizeglobal.com\/ueber-uns\/korrekturrichtlinie-von-digitalize-global\/#breadcrumb"},"inLanguage":"fr-FR","potentialAction":[{"@type":"ReadAction","target":["https:\/\/digitalizeglobal.com\/ueber-uns\/korrekturrichtlinie-von-digitalize-global\/"]}]},{"@type":"BreadcrumbList","@id":"https:\/\/digitalizeglobal.com\/ueber-uns\/korrekturrichtlinie-von-digitalize-global\/#breadcrumb","itemListElement":[{"@type":"ListItem","position":1,"name":"Startseite","item":"https:\/\/digitalizeglobal.com\/"},{"@type":"ListItem","position":2,"name":"\u00dcber uns","item":"https:\/\/digitalizeglobal.com\/ueber-uns\/"},{"@type":"ListItem","position":3,"name":"Korrekturrichtlinie von Digitalize Global"}]},{"@type":"WebSite","@id":"https:\/\/digitalizeglobal.com\/#website","url":"https:\/\/digitalizeglobal.com\/","name":"Digitalize Global","description":"Cr\u00e9ation et gestion d'entreprise","publisher":{"@id":"https:\/\/digitalizeglobal.com\/#organization"},"alternateName":"Digitalize Global Business","potentialAction":[{"@type":"SearchAction","target":{"@type":"EntryPoint","urlTemplate":"https:\/\/digitalizeglobal.com\/?s={search_term_string}"},"query-input":{"@type":"PropertyValueSpecification","valueRequired":true,"valueName":"search_term_string"}}],"inLanguage":"fr-FR"},{"@type":"Organization","@id":"https:\/\/digitalizeglobal.com\/#organization","name":"Digitalize Global","alternateName":"Digitalize Global, LLC.","url":"https:\/\/digitalizeglobal.com\/","logo":{"@type":"ImageObject","inLanguage":"fr-FR","@id":"https:\/\/digitalizeglobal.com\/#\/schema\/logo\/image\/","url":"https:\/\/digitalizeglobal.com\/wp-content\/uploads\/2024\/04\/android-chrome-512x512-1.png","contentUrl":"https:\/\/digitalizeglobal.com\/wp-content\/uploads\/2024\/04\/android-chrome-512x512-1.png","width":512,"height":512,"caption":"Digitalize Global"},"image":{"@id":"https:\/\/digitalizeglobal.com\/#\/schema\/logo\/image\/"},"sameAs":["https:\/\/www.facebook.com\/digitalizeglobal\/","https:\/\/mastodon.social\/@Faierberg","https:\/\/www.facebook.com\/groups\/digitalizeglobaldeu","https:\/\/www.youtube.com\/@DigitalizeGlobal","https:\/\/www.gutefrage.net\/nutzer\/Faierberg","https:\/\/www.webwiki.de\/digitalizeglobal.com","https:\/\/www.sitelike.org\/similar\/digitalizeglobal.com\/"],"description":"Nous sommes Digitalize Global LLC, une entreprise fond\u00e9e \u00e0 l'origine dans l'\u00c9tat am\u00e9ricain du Wyoming, un endroit connu pour ses habitants anim\u00e9s d'une soif de libert\u00e9 et d'\u00e9galit\u00e9 profond\u00e9ment ancr\u00e9e. Notre objectif est de vous aider \u00e0 concr\u00e9tiser votre libert\u00e9 d'entreprendre \u00e0 l'\u00e9chelle internationale. Nous pensons que chacun a le droit et la libert\u00e9 de gagner sa vie en faisant ce qu'il aime. Posez la premi\u00e8re pierre d'une vie autod\u00e9termin\u00e9e en cr\u00e9ant votre entreprise ! Toujours disponible pour nos clients Digitalize Global est r\u00e9put\u00e9e pour son service convivial et se tient personnellement \u00e0 vos c\u00f4t\u00e9s en tant que partenaire avant, pendant et apr\u00e8s la cr\u00e9ation de votre entreprise. Contrairement \u00e0 de nombreux concurrents qui laissent souvent leurs clients seuls apr\u00e8s la cr\u00e9ation de leur entreprise, nous vous aidons \u00e0 relever tous les d\u00e9fis et vous proposons des consultations gratuites. Nous sommes convaincus que le commerce international et la mobilit\u00e9 doivent \u00eatre accessibles \u00e0 tous. Une politique de prix claire et structur\u00e9e Chez nous, vous ne trouverez pas d'offres de conseil hors de prix ou de co\u00fbts cach\u00e9s. Toutes nos offres sont transparentes et \u00e0 prix fixe. Notre caract\u00e9ristique unique par rapport \u00e0 nos concurrents est la flexibilit\u00e9 des possibilit\u00e9s de paiement \u00e9chelonn\u00e9 que nous proposons \u00e0 nos clients. Priorit\u00e9 \u00e0 la protection des donn\u00e9es Avec la plus grande protection des donn\u00e9es et le soin apport\u00e9 \u00e0 votre s\u00e9curit\u00e9, nous nous chargeons de tout ce qui concerne l'enregistrement, la gestion et la mise en \u0153uvre de votre entreprise \u00e0 l'\u00e9tranger, de sorte que vous n'ayez \u00e0 vous occuper de rien. Votre discr\u00e9tion est toujours garantie chez nous. Nous n'envoyons jamais de messages \u00e0 des structures non impliqu\u00e9es. Nous disposons d'une vaste exp\u00e9rience En tant qu'experts en cr\u00e9ation d'entreprises aux \u00c9tats-Unis et en Europe, nous vous aidons \u00e0 cr\u00e9er des emplois ind\u00e9pendants et vous proposons une large gamme de services professionnels.","email":"office@digitalizeglobal.com","telephone":"+1 406 943 4473","legalName":"Digitalize Global, LLC.","foundingDate":"2024-05-01","taxID":"30-1415662","numberOfEmployees":{"@type":"QuantitativeValue","minValue":"1","maxValue":"10"},"publishingPrinciples":"https:\/\/digitalizeglobal.com\/ueber-uns\/veroeffentlichungsgrundsaetze-von-digitalize-global\/","ownershipFundingInfo":"https:\/\/digitalizeglobal.com\/ueber-uns\/eigentums-und-finanzierungsinformationen-von-digitalize-global\/","actionableFeedbackPolicy":"https:\/\/digitalizeglobal.com\/terms-and-conditions\/umsetzbare-feedback-richtlinie-von-digitalize-global\/","correctionsPolicy":"https:\/\/digitalizeglobal.com\/ueber-uns\/korrekturrichtlinie-von-digitalize-global\/","ethicsPolicy":"https:\/\/digitalizeglobal.com\/ueber-uns\/digitalize-global-addendum-unser-versprechen-fuer-freies-unternehmertum\/","diversityPolicy":"https:\/\/digitalizeglobal.com\/datenschutzerklaerung\/","diversityStaffingReport":"https:\/\/digitalizeglobal.com\/ueber-uns\/diversitaets-personalbericht-von-digitalize-global\/"}]}},"_links":{"self":[{"href":"https:\/\/digitalizeglobal.com\/fr\/wp-json\/wp\/v2\/pages\/4944","targetHints":{"allow":["GET"]}}],"collection":[{"href":"https:\/\/digitalizeglobal.com\/fr\/wp-json\/wp\/v2\/pages"}],"about":[{"href":"https:\/\/digitalizeglobal.com\/fr\/wp-json\/wp\/v2\/types\/page"}],"author":[{"embeddable":true,"href":"https:\/\/digitalizeglobal.com\/fr\/wp-json\/wp\/v2\/users\/1"}],"replies":[{"embeddable":true,"href":"https:\/\/digitalizeglobal.com\/fr\/wp-json\/wp\/v2\/comments?post=4944"}],"version-history":[{"count":0,"href":"https:\/\/digitalizeglobal.com\/fr\/wp-json\/wp\/v2\/pages\/4944\/revisions"}],"up":[{"embeddable":true,"href":"https:\/\/digitalizeglobal.com\/fr\/wp-json\/wp\/v2\/pages\/2120"}],"wp:attachment":[{"href":"https:\/\/digitalizeglobal.com\/fr\/wp-json\/wp\/v2\/media?parent=4944"}],"curies":[{"name":"wp","href":"https:\/\/api.w.org\/{rel}","templated":true}]}}