{"id":3860,"date":"2024-05-22T15:35:44","date_gmt":"2024-05-22T13:35:44","guid":{"rendered":"https:\/\/digitalizeglobal.com\/?post_type=product&#038;p=3860"},"modified":"2024-07-29T00:39:32","modified_gmt":"2024-07-28T22:39:32","slug":"12-monatige-servicepaket-fuer-non-domestic-llc","status":"publish","type":"product","link":"https:\/\/digitalizeglobal.com\/fr\/produit\/pack-de-services-de-12-mois-pour-non-domestic-llc\/","title":{"rendered":"Pack de services de 12 mois pour les LLC non domestiques"},"content":{"rendered":"<p>Avec notre package de services de 12 mois pour votre LLC non domestique, nous sommes votre partenaire de confiance. Nous offrons une protection compl\u00e8te contre la bureaucratie, un coaching pour la gestion de la soci\u00e9t\u00e9 et prenons en charge les t\u00e2ches administratives.<\/p>\n<h3>Notre service comprend<\/h3>\n<ul>\n<li>Mise \u00e0 disposition d'un service d'agent enregistr\u00e9<\/li>\n<li>D\u00e9p\u00f4t ponctuel de vos comptes annuels aupr\u00e8s de l'Internal Revenue Service (IRS)<\/li>\n<li>Soumission ponctuelle des <strong>Forme 1120 et forme 5472<\/strong><\/li>\n<li>Versement de vos taxes annuelles d'\u00c9tat<\/li>\n<li>Assurer le bon fonctionnement de votre entreprise dans le respect de la loi<\/li>\n<\/ul>\n<p>Comptez sur nous et concentrez-vous sur l'essentiel : votre activit\u00e9.<\/p>\n<h3>Graphique : Taxes annuelles de l'\u00c9tat couvertes par le paquet de services (en dollars am\u00e9ricains) :<\/h3>\n<div class=\"ninja-charts-google-container\"\n     data-id=\"3\"\n     data-uniqid=\"_2937073435_3\"\n>\n    <div id= \"ninja_charts_instance_2937073435_3\"\n         class=\"ninja_charts_instance_2937073435_3\"\n         style='             height: 400px;             width: auto;             '\n    ><\/div>\n<\/div>","protected":false},"excerpt":{"rendered":"<p>En r\u00e9servant le package de services de 12 mois pour votre LLC am\u00e9ricaine, vous nous consid\u00e9rez comme un partenaire solide \u00e0 vos c\u00f4t\u00e9s. Qu'il s'agisse d'une protection contre la bureaucratie, d'un coaching pour la gestion de l'entreprise ou d'un pilote automatique, vous pouvez compter sur nous. Nous mettons \u00e0 votre disposition un service d'agent enregistr\u00e9 et envoyons vos comptes annuels dans les d\u00e9lais \u00e0 l'Internal Revenue Service (IRS). De plus, nous prenons en charge vos taxes gouvernementales annuelles et veillons \u00e0 ce que votre entreprise fonctionne sans probl\u00e8me et conform\u00e9ment \u00e0 la loi.<\/p>","protected":false},"featured_media":3862,"comment_status":"open","ping_status":"closed","template":"","meta":{"_acf_changed":false,"_helpful_pro_status":1},"product_brand":[],"product_cat":[118],"product_tag":[179],"class_list":{"0":"post-3860","1":"product","2":"type-product","3":"status-publish","4":"has-post-thumbnail","6":"product_cat-zusatzleistungen-fuer-llc","7":"product_tag-service-package-llc","9":"first","10":"instock","11":"virtual","12":"purchasable","13":"product-type-simple"},"acf":[],"yoast_head":"<!-- This site is optimized with the Yoast SEO Premium plugin v25.8 (Yoast SEO v25.8) - https:\/\/yoast.com\/wordpress\/plugins\/seo\/ -->\n<title>12-monatiges Servicepaket f\u00fcr Non-Domestic-LLCs - Digitalize Global<\/title>\n<meta name=\"description\" content=\"Mit unserem 12-monatigen Servicepaket f\u00fcr Ihre Non-Domestic-LLC sind wir Ihr verl\u00e4sslicher Partner. F\u00fcr Anonyme und Normale LLC 12 Monate sorgenfrei!\" \/>\n<meta name=\"robots\" content=\"index, follow, max-snippet:-1, max-image-preview:large, max-video-preview:-1\" \/>\n<link rel=\"canonical\" href=\"https:\/\/digitalizeglobal.com\/fr\/produit\/pack-de-services-de-12-mois-pour-non-domestic-llc\/?wmc-currency=EUR\" \/>\n<meta property=\"og:locale\" content=\"fr_FR\" \/>\n<meta property=\"og:type\" content=\"article\" \/>\n<meta property=\"og:title\" content=\"12-monatiges Servicepaket f\u00fcr Non-Domestic-LLCs\" \/>\n<meta property=\"og:description\" content=\"Mit unserem 12-monatigen Servicepaket f\u00fcr Ihre Non-Domestic-LLC sind wir Ihr verl\u00e4sslicher Partner. F\u00fcr Anonyme und Normale LLC 12 Monate sorgenfrei!\" \/>\n<meta property=\"og:url\" content=\"https:\/\/digitalizeglobal.com\/fr\/produit\/pack-de-services-de-12-mois-pour-non-domestic-llc\/?wmc-currency=EUR\" \/>\n<meta property=\"og:site_name\" content=\"Digitalize Global\" \/>\n<meta property=\"article:publisher\" content=\"https:\/\/www.facebook.com\/digitalizeglobal\/\" \/>\n<meta property=\"article:modified_time\" content=\"2024-07-28T22:39:32+00:00\" \/>\n<meta property=\"og:image\" content=\"https:\/\/digitalizeglobal.com\/wp-content\/uploads\/2024\/05\/12-monatiges-Servicepaket-fuer-Non-Domestic-LLCs.jpeg\" \/>\n\t<meta property=\"og:image:width\" content=\"1232\" \/>\n\t<meta property=\"og:image:height\" content=\"768\" \/>\n\t<meta property=\"og:image:type\" content=\"image\/jpeg\" \/>\n<meta name=\"twitter:card\" content=\"summary_large_image\" \/>\n<meta name=\"twitter:label1\" content=\"Dur\u00e9e de lecture estim\u00e9e\" \/>\n\t<meta name=\"twitter:data1\" content=\"2 minutes\" \/>\n<script type=\"application\/ld+json\" class=\"yoast-schema-graph\">{\"@context\":\"https:\/\/schema.org\",\"@graph\":[{\"@type\":\"WebPage\",\"@id\":\"https:\/\/digitalizeglobal.com\/produkt\/12-monatige-servicepaket-fuer-non-domestic-llc\/\",\"url\":\"https:\/\/digitalizeglobal.com\/produkt\/12-monatige-servicepaket-fuer-non-domestic-llc\/\",\"name\":\"12-monatiges Servicepaket f\u00fcr Non-Domestic-LLCs - Digitalize Global\",\"isPartOf\":{\"@id\":\"https:\/\/digitalizeglobal.com\/#website\"},\"primaryImageOfPage\":{\"@id\":\"https:\/\/digitalizeglobal.com\/produkt\/12-monatige-servicepaket-fuer-non-domestic-llc\/#primaryimage\"},\"image\":{\"@id\":\"https:\/\/digitalizeglobal.com\/produkt\/12-monatige-servicepaket-fuer-non-domestic-llc\/#primaryimage\"},\"thumbnailUrl\":\"https:\/\/digitalizeglobal.com\/wp-content\/uploads\/2024\/05\/12-monatiges-Servicepaket-fuer-Non-Domestic-LLCs-scaled.jpeg\",\"datePublished\":\"2024-05-22T13:35:44+00:00\",\"dateModified\":\"2024-07-28T22:39:32+00:00\",\"description\":\"Mit unserem 12-monatigen Servicepaket f\u00fcr Ihre Non-Domestic-LLC sind wir Ihr verl\u00e4sslicher Partner. F\u00fcr Anonyme und Normale LLC 12 Monate sorgenfrei!\",\"breadcrumb\":{\"@id\":\"https:\/\/digitalizeglobal.com\/produkt\/12-monatige-servicepaket-fuer-non-domestic-llc\/#breadcrumb\"},\"inLanguage\":\"fr-FR\",\"potentialAction\":[{\"@type\":\"ReadAction\",\"target\":[\"https:\/\/digitalizeglobal.com\/produkt\/12-monatige-servicepaket-fuer-non-domestic-llc\/\"]}]},{\"@type\":\"ImageObject\",\"inLanguage\":\"fr-FR\",\"@id\":\"https:\/\/digitalizeglobal.com\/produkt\/12-monatige-servicepaket-fuer-non-domestic-llc\/#primaryimage\",\"url\":\"https:\/\/digitalizeglobal.com\/wp-content\/uploads\/2024\/05\/12-monatiges-Servicepaket-fuer-Non-Domestic-LLCs-scaled.jpeg\",\"contentUrl\":\"https:\/\/digitalizeglobal.com\/wp-content\/uploads\/2024\/05\/12-monatiges-Servicepaket-fuer-Non-Domestic-LLCs-scaled.jpeg\",\"width\":1024,\"height\":638,\"caption\":\"12-monatiges Servicepaket f\u00fcr Non-Domestic-LLCs\"},{\"@type\":\"BreadcrumbList\",\"@id\":\"https:\/\/digitalizeglobal.com\/produkt\/12-monatige-servicepaket-fuer-non-domestic-llc\/#breadcrumb\",\"itemListElement\":[{\"@type\":\"ListItem\",\"position\":1,\"name\":\"Startseite\",\"item\":\"https:\/\/digitalizeglobal.com\/\"},{\"@type\":\"ListItem\",\"position\":2,\"name\":\"Shop f\u00fcr Entrepreneuere\",\"item\":\"https:\/\/digitalizeglobal.com\/shop-fuer-entrepreneuere\/\"},{\"@type\":\"ListItem\",\"position\":3,\"name\":\"Zusatzleistungen f\u00fcr LLC\",\"item\":\"https:\/\/digitalizeglobal.com\/produkt-kategorie\/zusatzleistungen-fuer-llc\/\"},{\"@type\":\"ListItem\",\"position\":4,\"name\":\"12-monatiges Servicepaket f\u00fcr Non-Domestic-LLCs\"}]},{\"@type\":\"WebSite\",\"@id\":\"https:\/\/digitalizeglobal.com\/#website\",\"url\":\"https:\/\/digitalizeglobal.com\/\",\"name\":\"Digitalize Global\",\"description\":\"Unternehmensgr\u00fcndung und Verwaltung\",\"publisher\":{\"@id\":\"https:\/\/digitalizeglobal.com\/#organization\"},\"alternateName\":\"Digitalize Global Business\",\"potentialAction\":[{\"@type\":\"SearchAction\",\"target\":{\"@type\":\"EntryPoint\",\"urlTemplate\":\"https:\/\/digitalizeglobal.com\/?s={search_term_string}\"},\"query-input\":{\"@type\":\"PropertyValueSpecification\",\"valueRequired\":true,\"valueName\":\"search_term_string\"}}],\"inLanguage\":\"fr-FR\"},{\"@type\":\"Organization\",\"@id\":\"https:\/\/digitalizeglobal.com\/#organization\",\"name\":\"Digitalize Global\",\"alternateName\":\"Digitalize Global, LLC.\",\"url\":\"https:\/\/digitalizeglobal.com\/\",\"logo\":{\"@type\":\"ImageObject\",\"inLanguage\":\"fr-FR\",\"@id\":\"https:\/\/digitalizeglobal.com\/#\/schema\/logo\/image\/\",\"url\":\"https:\/\/digitalizeglobal.com\/wp-content\/uploads\/2024\/04\/android-chrome-512x512-1.png\",\"contentUrl\":\"https:\/\/digitalizeglobal.com\/wp-content\/uploads\/2024\/04\/android-chrome-512x512-1.png\",\"width\":512,\"height\":512,\"caption\":\"Digitalize Global\"},\"image\":{\"@id\":\"https:\/\/digitalizeglobal.com\/#\/schema\/logo\/image\/\"},\"sameAs\":[\"https:\/\/www.facebook.com\/digitalizeglobal\/\",\"https:\/\/mastodon.social\/@Faierberg\",\"https:\/\/www.facebook.com\/groups\/digitalizeglobaldeu\",\"https:\/\/www.youtube.com\/@DigitalizeGlobal\",\"https:\/\/www.gutefrage.net\/nutzer\/Faierberg\",\"https:\/\/www.webwiki.de\/digitalizeglobal.com\",\"https:\/\/www.sitelike.org\/similar\/digitalizeglobal.com\/\"],\"description\":\"Wir sind Digitalize Global LLC, ein Unternehmen, das urspr\u00fcnglich im US-Bundesstaat Wyoming gegr\u00fcndet wurde \u2013 einem Ort, der f\u00fcr seine Bewohner mit einem Freiheitsdrang und einer tief verwurzelten Gleichberechtigung bekannt ist. Unser Ziel ist es, Ihnen dabei zu helfen, ihre unternehmerische Freiheit auf internationaler Ebene zu verwirklichen. Wir glauben, dass jeder Mensch das Recht und die Freiheit hat, seinen Lebensunterhalt mit dem zu verdienen, was er liebt. Legen Sie mit einer Unternehmensgr\u00fcndung den Grundstein f\u00fcr ein selbstbestimmtes Leben! Stets f\u00fcr unsere Kunden erreichbar Digitalize Global ist bekannt f\u00fcr seinen kundenfreundlichen Service und steht Ihnen als Partner vor, w\u00e4hrend und nach der Gr\u00fcndung Ihres Unternehmens pers\u00f6nlich zur Seite. Anders als viele Konkurrenten, die ihre Kunden nach der Gr\u00fcndung oft allein lassen, unterst\u00fctzen wir Sie bei allen Herausforderungen und bieten Ihnen kostenlose Beratungsgespr\u00e4che. Wir sind \u00fcberzeugt, dass internationales Gesch\u00e4ft und Mobilit\u00e4t f\u00fcr alle zug\u00e4nglich sein sollten. Klare und strukturierte Preispolitik Bei uns finden Sie keine unbezahlbaren Beratungsangebote oder versteckte Kosten. Alle unsere Angebote sind transparent und preisfest. Unser einzigartiges Alleinstellungsmerkmal gegen\u00fcber unseren Mitbewerbern sind unsere flexiblen Ratenzahlungsm\u00f6glichkeiten, die wir unseren Kunden anbieten. Priorit\u00e4t Datenschutz Mit h\u00f6chstem Datenschutz und Sorgfalt f\u00fcr Ihre Sicherheit \u00fcbernehmen wir alles rund um die Anmeldung, Verwaltung und Umsetzung Ihres Unternehmens im Ausland, sodass Sie sich um nichts k\u00fcmmern m\u00fcssen. Ihre Diskretion ist bei uns stets gew\u00e4hrleistet. Aus unserem Haus gehen niemals Meldungen an nicht involvierte Strukturen raus. Wir verf\u00fcgen \u00fcber umfangreiche Erfahrung Als Experten f\u00fcr Unternehmensgr\u00fcndungen in den USA und Europa unterst\u00fctzen wir Sie bei der Schaffung ortsunabh\u00e4ngiger Arbeitspl\u00e4tze und bieten ein breites Spektrum professioneller Dienstleistungen.\",\"email\":\"office@digitalizeglobal.com\",\"telephone\":\"+1 406 943 4473\",\"legalName\":\"Digitalize Global, LLC.\",\"foundingDate\":\"2024-05-01\",\"taxID\":\"30-1415662\",\"numberOfEmployees\":{\"@type\":\"QuantitativeValue\",\"minValue\":\"1\",\"maxValue\":\"10\"},\"publishingPrinciples\":\"https:\/\/digitalizeglobal.com\/ueber-uns\/veroeffentlichungsgrundsaetze-von-digitalize-global\/\",\"ownershipFundingInfo\":\"https:\/\/digitalizeglobal.com\/ueber-uns\/eigentums-und-finanzierungsinformationen-von-digitalize-global\/\",\"actionableFeedbackPolicy\":\"https:\/\/digitalizeglobal.com\/terms-and-conditions\/umsetzbare-feedback-richtlinie-von-digitalize-global\/\",\"correctionsPolicy\":\"https:\/\/digitalizeglobal.com\/ueber-uns\/korrekturrichtlinie-von-digitalize-global\/\",\"ethicsPolicy\":\"https:\/\/digitalizeglobal.com\/ueber-uns\/digitalize-global-addendum-unser-versprechen-fuer-freies-unternehmertum\/\",\"diversityPolicy\":\"https:\/\/digitalizeglobal.com\/datenschutzerklaerung\/\",\"diversityStaffingReport\":\"https:\/\/digitalizeglobal.com\/ueber-uns\/diversitaets-personalbericht-von-digitalize-global\/\"}]}<\/script>\n<!-- \/ Yoast SEO Premium plugin. -->","yoast_head_json":{"title":"Pack de services de 12 mois pour les LLC non domestiques - Digitalize Global","description":"Avec notre paquet de services de 12 mois pour votre LLC non domestique, nous sommes votre partenaire de confiance. Pour les LLC anonymes et normales, 12 mois sans soucis !","robots":{"index":"index","follow":"follow","max-snippet":"max-snippet:-1","max-image-preview":"max-image-preview:large","max-video-preview":"max-video-preview:-1"},"canonical":"https:\/\/digitalizeglobal.com\/fr\/produit\/pack-de-services-de-12-mois-pour-non-domestic-llc\/?wmc-currency=EUR","og_locale":"fr_FR","og_type":"article","og_title":"12-monatiges Servicepaket f\u00fcr Non-Domestic-LLCs","og_description":"Mit unserem 12-monatigen Servicepaket f\u00fcr Ihre Non-Domestic-LLC sind wir Ihr verl\u00e4sslicher Partner. F\u00fcr Anonyme und Normale LLC 12 Monate sorgenfrei!","og_url":"https:\/\/digitalizeglobal.com\/fr\/produit\/pack-de-services-de-12-mois-pour-non-domestic-llc\/?wmc-currency=EUR","og_site_name":"Digitalize Global","article_publisher":"https:\/\/www.facebook.com\/digitalizeglobal\/","article_modified_time":"2024-07-28T22:39:32+00:00","og_image":[{"width":1232,"height":768,"url":"https:\/\/digitalizeglobal.com\/wp-content\/uploads\/2024\/05\/12-monatiges-Servicepaket-fuer-Non-Domestic-LLCs.jpeg","type":"image\/jpeg"}],"twitter_card":"summary_large_image","twitter_misc":{"Dur\u00e9e de lecture estim\u00e9e":"2 minutes"},"schema":{"@context":"https:\/\/schema.org","@graph":[{"@type":"WebPage","@id":"https:\/\/digitalizeglobal.com\/produkt\/12-monatige-servicepaket-fuer-non-domestic-llc\/","url":"https:\/\/digitalizeglobal.com\/produkt\/12-monatige-servicepaket-fuer-non-domestic-llc\/","name":"Pack de services de 12 mois pour les LLC non domestiques - Digitalize Global","isPartOf":{"@id":"https:\/\/digitalizeglobal.com\/#website"},"primaryImageOfPage":{"@id":"https:\/\/digitalizeglobal.com\/produkt\/12-monatige-servicepaket-fuer-non-domestic-llc\/#primaryimage"},"image":{"@id":"https:\/\/digitalizeglobal.com\/produkt\/12-monatige-servicepaket-fuer-non-domestic-llc\/#primaryimage"},"thumbnailUrl":"https:\/\/digitalizeglobal.com\/wp-content\/uploads\/2024\/05\/12-monatiges-Servicepaket-fuer-Non-Domestic-LLCs-scaled.jpeg","datePublished":"2024-05-22T13:35:44+00:00","dateModified":"2024-07-28T22:39:32+00:00","description":"Avec notre paquet de services de 12 mois pour votre LLC non domestique, nous sommes votre partenaire de confiance. Pour les LLC anonymes et normales, 12 mois sans soucis !","breadcrumb":{"@id":"https:\/\/digitalizeglobal.com\/produkt\/12-monatige-servicepaket-fuer-non-domestic-llc\/#breadcrumb"},"inLanguage":"fr-FR","potentialAction":[{"@type":"ReadAction","target":["https:\/\/digitalizeglobal.com\/produkt\/12-monatige-servicepaket-fuer-non-domestic-llc\/"]}]},{"@type":"ImageObject","inLanguage":"fr-FR","@id":"https:\/\/digitalizeglobal.com\/produkt\/12-monatige-servicepaket-fuer-non-domestic-llc\/#primaryimage","url":"https:\/\/digitalizeglobal.com\/wp-content\/uploads\/2024\/05\/12-monatiges-Servicepaket-fuer-Non-Domestic-LLCs-scaled.jpeg","contentUrl":"https:\/\/digitalizeglobal.com\/wp-content\/uploads\/2024\/05\/12-monatiges-Servicepaket-fuer-Non-Domestic-LLCs-scaled.jpeg","width":1024,"height":638,"caption":"12-monatiges Servicepaket f\u00fcr Non-Domestic-LLCs"},{"@type":"BreadcrumbList","@id":"https:\/\/digitalizeglobal.com\/produkt\/12-monatige-servicepaket-fuer-non-domestic-llc\/#breadcrumb","itemListElement":[{"@type":"ListItem","position":1,"name":"Startseite","item":"https:\/\/digitalizeglobal.com\/"},{"@type":"ListItem","position":2,"name":"Shop f\u00fcr Entrepreneuere","item":"https:\/\/digitalizeglobal.com\/shop-fuer-entrepreneuere\/"},{"@type":"ListItem","position":3,"name":"Zusatzleistungen f\u00fcr LLC","item":"https:\/\/digitalizeglobal.com\/produkt-kategorie\/zusatzleistungen-fuer-llc\/"},{"@type":"ListItem","position":4,"name":"12-monatiges Servicepaket f\u00fcr Non-Domestic-LLCs"}]},{"@type":"WebSite","@id":"https:\/\/digitalizeglobal.com\/#website","url":"https:\/\/digitalizeglobal.com\/","name":"Digitalize Global","description":"Cr\u00e9ation et gestion d'entreprise","publisher":{"@id":"https:\/\/digitalizeglobal.com\/#organization"},"alternateName":"Digitalize Global Business","potentialAction":[{"@type":"SearchAction","target":{"@type":"EntryPoint","urlTemplate":"https:\/\/digitalizeglobal.com\/?s={search_term_string}"},"query-input":{"@type":"PropertyValueSpecification","valueRequired":true,"valueName":"search_term_string"}}],"inLanguage":"fr-FR"},{"@type":"Organization","@id":"https:\/\/digitalizeglobal.com\/#organization","name":"Digitalize Global","alternateName":"Digitalize Global, LLC.","url":"https:\/\/digitalizeglobal.com\/","logo":{"@type":"ImageObject","inLanguage":"fr-FR","@id":"https:\/\/digitalizeglobal.com\/#\/schema\/logo\/image\/","url":"https:\/\/digitalizeglobal.com\/wp-content\/uploads\/2024\/04\/android-chrome-512x512-1.png","contentUrl":"https:\/\/digitalizeglobal.com\/wp-content\/uploads\/2024\/04\/android-chrome-512x512-1.png","width":512,"height":512,"caption":"Digitalize Global"},"image":{"@id":"https:\/\/digitalizeglobal.com\/#\/schema\/logo\/image\/"},"sameAs":["https:\/\/www.facebook.com\/digitalizeglobal\/","https:\/\/mastodon.social\/@Faierberg","https:\/\/www.facebook.com\/groups\/digitalizeglobaldeu","https:\/\/www.youtube.com\/@DigitalizeGlobal","https:\/\/www.gutefrage.net\/nutzer\/Faierberg","https:\/\/www.webwiki.de\/digitalizeglobal.com","https:\/\/www.sitelike.org\/similar\/digitalizeglobal.com\/"],"description":"Nous sommes Digitalize Global LLC, une entreprise fond\u00e9e \u00e0 l'origine dans l'\u00c9tat am\u00e9ricain du Wyoming, un endroit connu pour ses habitants anim\u00e9s d'une soif de libert\u00e9 et d'\u00e9galit\u00e9 profond\u00e9ment ancr\u00e9e. Notre objectif est de vous aider \u00e0 concr\u00e9tiser votre libert\u00e9 d'entreprendre \u00e0 l'\u00e9chelle internationale. Nous pensons que chacun a le droit et la libert\u00e9 de gagner sa vie en faisant ce qu'il aime. Posez la premi\u00e8re pierre d'une vie autod\u00e9termin\u00e9e en cr\u00e9ant votre entreprise ! Toujours disponible pour nos clients Digitalize Global est r\u00e9put\u00e9e pour son service convivial et se tient personnellement \u00e0 vos c\u00f4t\u00e9s en tant que partenaire avant, pendant et apr\u00e8s la cr\u00e9ation de votre entreprise. Contrairement \u00e0 de nombreux concurrents qui laissent souvent leurs clients seuls apr\u00e8s la cr\u00e9ation de leur entreprise, nous vous aidons \u00e0 relever tous les d\u00e9fis et vous proposons des consultations gratuites. Nous sommes convaincus que le commerce international et la mobilit\u00e9 doivent \u00eatre accessibles \u00e0 tous. Une politique de prix claire et structur\u00e9e Chez nous, vous ne trouverez pas d'offres de conseil hors de prix ou de co\u00fbts cach\u00e9s. Toutes nos offres sont transparentes et \u00e0 prix fixe. Notre caract\u00e9ristique unique par rapport \u00e0 nos concurrents est la flexibilit\u00e9 des possibilit\u00e9s de paiement \u00e9chelonn\u00e9 que nous proposons \u00e0 nos clients. Priorit\u00e9 \u00e0 la protection des donn\u00e9es Avec la plus grande protection des donn\u00e9es et le soin apport\u00e9 \u00e0 votre s\u00e9curit\u00e9, nous nous chargeons de tout ce qui concerne l'enregistrement, la gestion et la mise en \u0153uvre de votre entreprise \u00e0 l'\u00e9tranger, de sorte que vous n'ayez \u00e0 vous occuper de rien. Votre discr\u00e9tion est toujours garantie chez nous. Nous n'envoyons jamais de messages \u00e0 des structures non impliqu\u00e9es. Nous disposons d'une vaste exp\u00e9rience En tant qu'experts en cr\u00e9ation d'entreprises aux \u00c9tats-Unis et en Europe, nous vous aidons \u00e0 cr\u00e9er des emplois ind\u00e9pendants et vous proposons une large gamme de services professionnels.","email":"office@digitalizeglobal.com","telephone":"+1 406 943 4473","legalName":"Digitalize Global, LLC.","foundingDate":"2024-05-01","taxID":"30-1415662","numberOfEmployees":{"@type":"QuantitativeValue","minValue":"1","maxValue":"10"},"publishingPrinciples":"https:\/\/digitalizeglobal.com\/ueber-uns\/veroeffentlichungsgrundsaetze-von-digitalize-global\/","ownershipFundingInfo":"https:\/\/digitalizeglobal.com\/ueber-uns\/eigentums-und-finanzierungsinformationen-von-digitalize-global\/","actionableFeedbackPolicy":"https:\/\/digitalizeglobal.com\/terms-and-conditions\/umsetzbare-feedback-richtlinie-von-digitalize-global\/","correctionsPolicy":"https:\/\/digitalizeglobal.com\/ueber-uns\/korrekturrichtlinie-von-digitalize-global\/","ethicsPolicy":"https:\/\/digitalizeglobal.com\/ueber-uns\/digitalize-global-addendum-unser-versprechen-fuer-freies-unternehmertum\/","diversityPolicy":"https:\/\/digitalizeglobal.com\/datenschutzerklaerung\/","diversityStaffingReport":"https:\/\/digitalizeglobal.com\/ueber-uns\/diversitaets-personalbericht-von-digitalize-global\/"}]}},"_links":{"self":[{"href":"https:\/\/digitalizeglobal.com\/fr\/wp-json\/wp\/v2\/product\/3860","targetHints":{"allow":["GET"]}}],"collection":[{"href":"https:\/\/digitalizeglobal.com\/fr\/wp-json\/wp\/v2\/product"}],"about":[{"href":"https:\/\/digitalizeglobal.com\/fr\/wp-json\/wp\/v2\/types\/product"}],"replies":[{"embeddable":true,"href":"https:\/\/digitalizeglobal.com\/fr\/wp-json\/wp\/v2\/comments?post=3860"}],"version-history":[{"count":0,"href":"https:\/\/digitalizeglobal.com\/fr\/wp-json\/wp\/v2\/product\/3860\/revisions"}],"wp:featuredmedia":[{"embeddable":true,"href":"https:\/\/digitalizeglobal.com\/fr\/wp-json\/wp\/v2\/media\/3862"}],"wp:attachment":[{"href":"https:\/\/digitalizeglobal.com\/fr\/wp-json\/wp\/v2\/media?parent=3860"}],"wp:term":[{"taxonomy":"product_brand","embeddable":true,"href":"https:\/\/digitalizeglobal.com\/fr\/wp-json\/wp\/v2\/product_brand?post=3860"},{"taxonomy":"product_cat","embeddable":true,"href":"https:\/\/digitalizeglobal.com\/fr\/wp-json\/wp\/v2\/product_cat?post=3860"},{"taxonomy":"product_tag","embeddable":true,"href":"https:\/\/digitalizeglobal.com\/fr\/wp-json\/wp\/v2\/product_tag?post=3860"}],"curies":[{"name":"wp","href":"https:\/\/api.w.org\/{rel}","templated":true}]}}