{"id":4118,"date":"2024-05-27T00:40:32","date_gmt":"2024-05-26T22:40:32","guid":{"rendered":"https:\/\/digitalizeglobal.com\/?post_type=product&#038;p=4118"},"modified":"2024-08-08T14:48:36","modified_gmt":"2024-08-08T12:48:36","slug":"unternehmensgruendung-ltd-mit-echter-bueroadresse-in-dublin-irland","status":"publish","type":"product","link":"https:\/\/digitalizeglobal.com\/fr\/produit\/creation-dentreprise-ltd-avec-adresse-de-bureau-reelle-a-dublin-irlande\/","title":{"rendered":"Cr\u00e9ation d'entreprise (LTD), avec adresse de bureau r\u00e9elle \u00e0 Dublin, Irlande"},"content":{"rendered":"<div class=\"woocommerce-variation-description\">\n<h2 class=\"elementor-heading-title elementor-size-default\">Cr\u00e9er une entreprise Limited (Ltd.) en Irlande, avec une adresse physique \u00e0 Dublin !<\/h2>\n<h3>Le kit de cr\u00e9ation d'entreprise comprend<\/h3>\n<div class=\"elementor-container elementor-column-gap-default\">\n<div class=\"elementor-column elementor-col-100 elementor-top-column elementor-element elementor-element-fbfb12f\" data-id=\"fbfb12f\" data-element_type=\"column\">\n<div class=\"elementor-widget-wrap elementor-element-populated\">\n<div class=\"elementor-element elementor-element-0e18ae6 elementor-widget elementor-widget-heading\" data-id=\"0e18ae6\" data-element_type=\"widget\" data-widget_type=\"heading.default\">\n<div class=\"elementor-widget-container optml-bg-lazyloaded\">\n<h3 class=\"elementor-heading-title elementor-size-default\">Adresse physique - pour 12 mois !<\/h3>\n<\/div>\n<\/div>\n<\/div>\n<\/div>\n<\/div>\n<ul>\n<li>12 mois de si\u00e8ge social \u00e0 Dublin, Irlande<\/li>\n<li>V\u00e9rification de la disponibilit\u00e9 du nom de l'entreprise<\/li>\n<li>Remplir et d\u00e9poser la demande de cr\u00e9ation<\/li>\n<li>Versement des taxes d'\u00c9tat<\/li>\n<li>R\u00e9diger et d\u00e9poser une charte<\/li>\n<li>Demande de licences commerciales et d'autorisations (facultatif)<\/li>\n<li>Demande de num\u00e9ro de TVA europ\u00e9en (num\u00e9ro de TVA)<\/li>\n<li>Ouverture d'un compte professionnel<\/li>\n<\/ul>\n<h3>La prise en charge sur 12 mois comprend<\/h3>\n<h3>Services de base :<\/h3>\n<ul>\n<li><span class=\"elementor-icon-list-text\">Suivi continu de votre entreprise et protection contre la bureaucratie<\/span><\/li>\n<li>Carte de membre unique au format pratique d'une carte de cr\u00e9dit<\/li>\n<li>20 % de r\u00e9duction sur tous nos services propos\u00e9s sur notre site.<\/li>\n<li>Consultation (25 minutes par semaine) avec un expert en marketing de vente.<\/li>\n<li>Consultation (25 minutes par semaine) avec un expert en communication visuelle, e-commerce et SEO.<\/li>\n<li>Consultation (25 minutes par semaine) avec un expert en cr\u00e9ation et gestion d'entreprise.<\/li>\n<\/ul>\n<p>&nbsp;<\/p>\n<\/div>","protected":false},"excerpt":{"rendered":"<p>Nos services garantissent la plus haute protection des donn\u00e9es et une discr\u00e9tion absolue lors de la cr\u00e9ation de votre Limited (LTD) \u00e0 Dublin. Ce package comprend<strong> la cr\u00e9ation de votre entreprise<\/strong>,<strong> sans <a href=\"https:\/\/digitalizeglobal.com\/fr\/limportance-dun-secretaire-dentreprise-irlandais-la-residence-fiscale-et-limpot-sur-les-societes\/?wmc-currency=EUR\" title=\"L&#039;importance d&#039;un Company Secretary irlandais, de la r\u00e9sidence fiscale et de l&#039;imp\u00f4t sur les soci\u00e9t\u00e9s\"  data-wpil-monitor-id=\"100\">Secr\u00e9taire de la soci\u00e9t\u00e9<\/a> et avec Registered Office.<\/strong> En outre, vous b\u00e9n\u00e9ficiez d'un mentorat gratuit et d'un soutien pour toutes les questions relatives \u00e0 la cr\u00e9ation d'entreprise. Profitez d'une cr\u00e9ation d'entreprise sans souci en Irlande et choisissez parmi des options de paiement flexibles. En prime, vous recevrez une carte de cr\u00e9ateur d'entreprise\/client qui vous donnera droit \u00e0 une r\u00e9duction de 20% sur toutes les autres offres propos\u00e9es sur notre site.<\/p>","protected":false},"featured_media":3235,"comment_status":"open","ping_status":"closed","template":"","meta":{"_acf_changed":false,"_helpful_pro_status":1},"product_brand":[],"product_cat":[134],"product_tag":[187,186],"class_list":{"0":"post-4118","1":"product","2":"type-product","3":"status-publish","4":"has-post-thumbnail","6":"product_cat-unternehmensgruendung-irland","7":"product_tag-firmengruendung-irland","8":"product_tag-irland-and-office","10":"first","11":"instock","12":"virtual","13":"purchasable","14":"product-type-simple"},"acf":[],"yoast_head":"<!-- This site is optimized with the Yoast SEO Premium plugin v25.8 (Yoast SEO v25.8) - https:\/\/yoast.com\/wordpress\/plugins\/seo\/ -->\n<title>Unternehmensgr\u00fcndung (LTD), mit echter B\u00fcroadresse in Dublin, Irland - Digitalize Global<\/title>\n<meta name=\"robots\" content=\"index, follow, max-snippet:-1, max-image-preview:large, max-video-preview:-1\" \/>\n<link rel=\"canonical\" href=\"https:\/\/digitalizeglobal.com\/fr\/produit\/creation-dentreprise-ltd-avec-adresse-de-bureau-reelle-a-dublin-irlande\/?wmc-currency=EUR\" \/>\n<meta property=\"og:locale\" content=\"fr_FR\" \/>\n<meta property=\"og:type\" content=\"article\" \/>\n<meta property=\"og:title\" content=\"Unternehmensgr\u00fcndung (LTD), mit echter B\u00fcroadresse in Dublin, Irland\" \/>\n<meta property=\"og:description\" content=\"Unsere Dienstleistungen garantieren h\u00f6chsten Datenschutz und absolute Diskretion bei der Gr\u00fcndung Ihrer Limited (LTD) in Dublin. Dieses Paket beinhaltet die Gr\u00fcndung Ihres Unternehmens, ohne Company Secretary und mit Registered Office. Dar\u00fcber hinaus erhalten Sie kostenloses Mentoring und Unterst\u00fctzung bei allen Fragen rund um die Gr\u00fcndung. Profitieren Sie von einer sorgenfreien Gr\u00fcndung in Irland und w\u00e4hlen Sie aus flexiblen Zahlungsoptionen. Als Bonus erhalten Sie eine Gr\u00fcnderkarte\/Kundenkarte, die Ihnen 20% Rabatt auf alle weiteren Angebote auf unserer Seite bietet.\" \/>\n<meta property=\"og:url\" content=\"https:\/\/digitalizeglobal.com\/fr\/produit\/creation-dentreprise-ltd-avec-adresse-de-bureau-reelle-a-dublin-irlande\/?wmc-currency=EUR\" \/>\n<meta property=\"og:site_name\" content=\"Digitalize Global\" \/>\n<meta property=\"article:publisher\" content=\"https:\/\/www.facebook.com\/digitalizeglobal\/\" \/>\n<meta property=\"article:modified_time\" content=\"2024-08-08T12:48:36+00:00\" \/>\n<meta property=\"og:image\" content=\"https:\/\/digitalizeglobal.com\/wp-content\/uploads\/2024\/05\/unternehmensgruendung-ltd-in-irland-min.png\" \/>\n\t<meta property=\"og:image:width\" content=\"800\" \/>\n\t<meta property=\"og:image:height\" content=\"694\" \/>\n\t<meta property=\"og:image:type\" content=\"image\/png\" \/>\n<meta name=\"twitter:card\" content=\"summary_large_image\" \/>\n<meta name=\"twitter:label1\" content=\"Dur\u00e9e de lecture estim\u00e9e\" \/>\n\t<meta name=\"twitter:data1\" content=\"1 minute\" \/>\n<script type=\"application\/ld+json\" class=\"yoast-schema-graph\">{\"@context\":\"https:\/\/schema.org\",\"@graph\":[{\"@type\":\"WebPage\",\"@id\":\"https:\/\/digitalizeglobal.com\/produkt\/unternehmensgruendung-ltd-mit-echter-bueroadresse-in-dublin-irland\/\",\"url\":\"https:\/\/digitalizeglobal.com\/produkt\/unternehmensgruendung-ltd-mit-echter-bueroadresse-in-dublin-irland\/\",\"name\":\"Unternehmensgr\u00fcndung (LTD), mit echter B\u00fcroadresse in Dublin, Irland - Digitalize Global\",\"isPartOf\":{\"@id\":\"https:\/\/digitalizeglobal.com\/#website\"},\"primaryImageOfPage\":{\"@id\":\"https:\/\/digitalizeglobal.com\/produkt\/unternehmensgruendung-ltd-mit-echter-bueroadresse-in-dublin-irland\/#primaryimage\"},\"image\":{\"@id\":\"https:\/\/digitalizeglobal.com\/produkt\/unternehmensgruendung-ltd-mit-echter-bueroadresse-in-dublin-irland\/#primaryimage\"},\"thumbnailUrl\":\"https:\/\/digitalizeglobal.com\/wp-content\/uploads\/2024\/05\/unternehmensgruendung-ltd-in-irland-min.png\",\"datePublished\":\"2024-05-26T22:40:32+00:00\",\"dateModified\":\"2024-08-08T12:48:36+00:00\",\"breadcrumb\":{\"@id\":\"https:\/\/digitalizeglobal.com\/produkt\/unternehmensgruendung-ltd-mit-echter-bueroadresse-in-dublin-irland\/#breadcrumb\"},\"inLanguage\":\"fr-FR\",\"potentialAction\":[{\"@type\":\"ReadAction\",\"target\":[\"https:\/\/digitalizeglobal.com\/produkt\/unternehmensgruendung-ltd-mit-echter-bueroadresse-in-dublin-irland\/\"]}]},{\"@type\":\"ImageObject\",\"inLanguage\":\"fr-FR\",\"@id\":\"https:\/\/digitalizeglobal.com\/produkt\/unternehmensgruendung-ltd-mit-echter-bueroadresse-in-dublin-irland\/#primaryimage\",\"url\":\"https:\/\/digitalizeglobal.com\/wp-content\/uploads\/2024\/05\/unternehmensgruendung-ltd-in-irland-min.png\",\"contentUrl\":\"https:\/\/digitalizeglobal.com\/wp-content\/uploads\/2024\/05\/unternehmensgruendung-ltd-in-irland-min.png\",\"width\":800,\"height\":694,\"caption\":\"Unternehemensgr\u00fcndung einer Irischen Ltd.\"},{\"@type\":\"BreadcrumbList\",\"@id\":\"https:\/\/digitalizeglobal.com\/produkt\/unternehmensgruendung-ltd-mit-echter-bueroadresse-in-dublin-irland\/#breadcrumb\",\"itemListElement\":[{\"@type\":\"ListItem\",\"position\":1,\"name\":\"Startseite\",\"item\":\"https:\/\/digitalizeglobal.com\/\"},{\"@type\":\"ListItem\",\"position\":2,\"name\":\"Shop f\u00fcr Entrepreneuere\",\"item\":\"https:\/\/digitalizeglobal.com\/shop-fuer-entrepreneuere\/\"},{\"@type\":\"ListItem\",\"position\":3,\"name\":\"Unternehmensgr\u00fcndung Irland\",\"item\":\"https:\/\/digitalizeglobal.com\/produkt-kategorie\/unternehmensgruendung-irland\/\"},{\"@type\":\"ListItem\",\"position\":4,\"name\":\"Unternehmensgr\u00fcndung (LTD), mit echter B\u00fcroadresse in Dublin, Irland\"}]},{\"@type\":\"WebSite\",\"@id\":\"https:\/\/digitalizeglobal.com\/#website\",\"url\":\"https:\/\/digitalizeglobal.com\/\",\"name\":\"Digitalize Global\",\"description\":\"Unternehmensgr\u00fcndung und Verwaltung\",\"publisher\":{\"@id\":\"https:\/\/digitalizeglobal.com\/#organization\"},\"alternateName\":\"Digitalize Global Business\",\"potentialAction\":[{\"@type\":\"SearchAction\",\"target\":{\"@type\":\"EntryPoint\",\"urlTemplate\":\"https:\/\/digitalizeglobal.com\/?s={search_term_string}\"},\"query-input\":{\"@type\":\"PropertyValueSpecification\",\"valueRequired\":true,\"valueName\":\"search_term_string\"}}],\"inLanguage\":\"fr-FR\"},{\"@type\":\"Organization\",\"@id\":\"https:\/\/digitalizeglobal.com\/#organization\",\"name\":\"Digitalize Global\",\"alternateName\":\"Digitalize Global, LLC.\",\"url\":\"https:\/\/digitalizeglobal.com\/\",\"logo\":{\"@type\":\"ImageObject\",\"inLanguage\":\"fr-FR\",\"@id\":\"https:\/\/digitalizeglobal.com\/#\/schema\/logo\/image\/\",\"url\":\"https:\/\/digitalizeglobal.com\/wp-content\/uploads\/2024\/04\/android-chrome-512x512-1.png\",\"contentUrl\":\"https:\/\/digitalizeglobal.com\/wp-content\/uploads\/2024\/04\/android-chrome-512x512-1.png\",\"width\":512,\"height\":512,\"caption\":\"Digitalize Global\"},\"image\":{\"@id\":\"https:\/\/digitalizeglobal.com\/#\/schema\/logo\/image\/\"},\"sameAs\":[\"https:\/\/www.facebook.com\/digitalizeglobal\/\",\"https:\/\/mastodon.social\/@Faierberg\",\"https:\/\/www.facebook.com\/groups\/digitalizeglobaldeu\",\"https:\/\/www.youtube.com\/@DigitalizeGlobal\",\"https:\/\/www.gutefrage.net\/nutzer\/Faierberg\",\"https:\/\/www.webwiki.de\/digitalizeglobal.com\",\"https:\/\/www.sitelike.org\/similar\/digitalizeglobal.com\/\"],\"description\":\"Wir sind Digitalize Global LLC, ein Unternehmen, das urspr\u00fcnglich im US-Bundesstaat Wyoming gegr\u00fcndet wurde \u2013 einem Ort, der f\u00fcr seine Bewohner mit einem Freiheitsdrang und einer tief verwurzelten Gleichberechtigung bekannt ist. Unser Ziel ist es, Ihnen dabei zu helfen, ihre unternehmerische Freiheit auf internationaler Ebene zu verwirklichen. Wir glauben, dass jeder Mensch das Recht und die Freiheit hat, seinen Lebensunterhalt mit dem zu verdienen, was er liebt. Legen Sie mit einer Unternehmensgr\u00fcndung den Grundstein f\u00fcr ein selbstbestimmtes Leben! Stets f\u00fcr unsere Kunden erreichbar Digitalize Global ist bekannt f\u00fcr seinen kundenfreundlichen Service und steht Ihnen als Partner vor, w\u00e4hrend und nach der Gr\u00fcndung Ihres Unternehmens pers\u00f6nlich zur Seite. Anders als viele Konkurrenten, die ihre Kunden nach der Gr\u00fcndung oft allein lassen, unterst\u00fctzen wir Sie bei allen Herausforderungen und bieten Ihnen kostenlose Beratungsgespr\u00e4che. Wir sind \u00fcberzeugt, dass internationales Gesch\u00e4ft und Mobilit\u00e4t f\u00fcr alle zug\u00e4nglich sein sollten. Klare und strukturierte Preispolitik Bei uns finden Sie keine unbezahlbaren Beratungsangebote oder versteckte Kosten. Alle unsere Angebote sind transparent und preisfest. Unser einzigartiges Alleinstellungsmerkmal gegen\u00fcber unseren Mitbewerbern sind unsere flexiblen Ratenzahlungsm\u00f6glichkeiten, die wir unseren Kunden anbieten. Priorit\u00e4t Datenschutz Mit h\u00f6chstem Datenschutz und Sorgfalt f\u00fcr Ihre Sicherheit \u00fcbernehmen wir alles rund um die Anmeldung, Verwaltung und Umsetzung Ihres Unternehmens im Ausland, sodass Sie sich um nichts k\u00fcmmern m\u00fcssen. Ihre Diskretion ist bei uns stets gew\u00e4hrleistet. Aus unserem Haus gehen niemals Meldungen an nicht involvierte Strukturen raus. Wir verf\u00fcgen \u00fcber umfangreiche Erfahrung Als Experten f\u00fcr Unternehmensgr\u00fcndungen in den USA und Europa unterst\u00fctzen wir Sie bei der Schaffung ortsunabh\u00e4ngiger Arbeitspl\u00e4tze und bieten ein breites Spektrum professioneller Dienstleistungen.\",\"email\":\"office@digitalizeglobal.com\",\"telephone\":\"+1 406 943 4473\",\"legalName\":\"Digitalize Global, LLC.\",\"foundingDate\":\"2024-05-01\",\"taxID\":\"30-1415662\",\"numberOfEmployees\":{\"@type\":\"QuantitativeValue\",\"minValue\":\"1\",\"maxValue\":\"10\"},\"publishingPrinciples\":\"https:\/\/digitalizeglobal.com\/ueber-uns\/veroeffentlichungsgrundsaetze-von-digitalize-global\/\",\"ownershipFundingInfo\":\"https:\/\/digitalizeglobal.com\/ueber-uns\/eigentums-und-finanzierungsinformationen-von-digitalize-global\/\",\"actionableFeedbackPolicy\":\"https:\/\/digitalizeglobal.com\/terms-and-conditions\/umsetzbare-feedback-richtlinie-von-digitalize-global\/\",\"correctionsPolicy\":\"https:\/\/digitalizeglobal.com\/ueber-uns\/korrekturrichtlinie-von-digitalize-global\/\",\"ethicsPolicy\":\"https:\/\/digitalizeglobal.com\/ueber-uns\/digitalize-global-addendum-unser-versprechen-fuer-freies-unternehmertum\/\",\"diversityPolicy\":\"https:\/\/digitalizeglobal.com\/datenschutzerklaerung\/\",\"diversityStaffingReport\":\"https:\/\/digitalizeglobal.com\/ueber-uns\/diversitaets-personalbericht-von-digitalize-global\/\"}]}<\/script>\n<!-- \/ Yoast SEO Premium plugin. -->","yoast_head_json":{"title":"Cr\u00e9ation d'entreprise (LTD), avec adresse de bureau r\u00e9elle \u00e0 Dublin, Irlande - Digitalize Global","robots":{"index":"index","follow":"follow","max-snippet":"max-snippet:-1","max-image-preview":"max-image-preview:large","max-video-preview":"max-video-preview:-1"},"canonical":"https:\/\/digitalizeglobal.com\/fr\/produit\/creation-dentreprise-ltd-avec-adresse-de-bureau-reelle-a-dublin-irlande\/?wmc-currency=EUR","og_locale":"fr_FR","og_type":"article","og_title":"Unternehmensgr\u00fcndung (LTD), mit echter B\u00fcroadresse in Dublin, Irland","og_description":"Unsere Dienstleistungen garantieren h\u00f6chsten Datenschutz und absolute Diskretion bei der Gr\u00fcndung Ihrer Limited (LTD) in Dublin. Dieses Paket beinhaltet die Gr\u00fcndung Ihres Unternehmens, ohne Company Secretary und mit Registered Office. Dar\u00fcber hinaus erhalten Sie kostenloses Mentoring und Unterst\u00fctzung bei allen Fragen rund um die Gr\u00fcndung. Profitieren Sie von einer sorgenfreien Gr\u00fcndung in Irland und w\u00e4hlen Sie aus flexiblen Zahlungsoptionen. Als Bonus erhalten Sie eine Gr\u00fcnderkarte\/Kundenkarte, die Ihnen 20% Rabatt auf alle weiteren Angebote auf unserer Seite bietet.","og_url":"https:\/\/digitalizeglobal.com\/fr\/produit\/creation-dentreprise-ltd-avec-adresse-de-bureau-reelle-a-dublin-irlande\/?wmc-currency=EUR","og_site_name":"Digitalize Global","article_publisher":"https:\/\/www.facebook.com\/digitalizeglobal\/","article_modified_time":"2024-08-08T12:48:36+00:00","og_image":[{"width":800,"height":694,"url":"https:\/\/digitalizeglobal.com\/wp-content\/uploads\/2024\/05\/unternehmensgruendung-ltd-in-irland-min.png","type":"image\/png"}],"twitter_card":"summary_large_image","twitter_misc":{"Dur\u00e9e de lecture estim\u00e9e":"1 minute"},"schema":{"@context":"https:\/\/schema.org","@graph":[{"@type":"WebPage","@id":"https:\/\/digitalizeglobal.com\/produkt\/unternehmensgruendung-ltd-mit-echter-bueroadresse-in-dublin-irland\/","url":"https:\/\/digitalizeglobal.com\/produkt\/unternehmensgruendung-ltd-mit-echter-bueroadresse-in-dublin-irland\/","name":"Cr\u00e9ation d'entreprise (LTD), avec adresse de bureau r\u00e9elle \u00e0 Dublin, Irlande - Digitalize Global","isPartOf":{"@id":"https:\/\/digitalizeglobal.com\/#website"},"primaryImageOfPage":{"@id":"https:\/\/digitalizeglobal.com\/produkt\/unternehmensgruendung-ltd-mit-echter-bueroadresse-in-dublin-irland\/#primaryimage"},"image":{"@id":"https:\/\/digitalizeglobal.com\/produkt\/unternehmensgruendung-ltd-mit-echter-bueroadresse-in-dublin-irland\/#primaryimage"},"thumbnailUrl":"https:\/\/digitalizeglobal.com\/wp-content\/uploads\/2024\/05\/unternehmensgruendung-ltd-in-irland-min.png","datePublished":"2024-05-26T22:40:32+00:00","dateModified":"2024-08-08T12:48:36+00:00","breadcrumb":{"@id":"https:\/\/digitalizeglobal.com\/produkt\/unternehmensgruendung-ltd-mit-echter-bueroadresse-in-dublin-irland\/#breadcrumb"},"inLanguage":"fr-FR","potentialAction":[{"@type":"ReadAction","target":["https:\/\/digitalizeglobal.com\/produkt\/unternehmensgruendung-ltd-mit-echter-bueroadresse-in-dublin-irland\/"]}]},{"@type":"ImageObject","inLanguage":"fr-FR","@id":"https:\/\/digitalizeglobal.com\/produkt\/unternehmensgruendung-ltd-mit-echter-bueroadresse-in-dublin-irland\/#primaryimage","url":"https:\/\/digitalizeglobal.com\/wp-content\/uploads\/2024\/05\/unternehmensgruendung-ltd-in-irland-min.png","contentUrl":"https:\/\/digitalizeglobal.com\/wp-content\/uploads\/2024\/05\/unternehmensgruendung-ltd-in-irland-min.png","width":800,"height":694,"caption":"Unternehemensgr\u00fcndung einer Irischen Ltd."},{"@type":"BreadcrumbList","@id":"https:\/\/digitalizeglobal.com\/produkt\/unternehmensgruendung-ltd-mit-echter-bueroadresse-in-dublin-irland\/#breadcrumb","itemListElement":[{"@type":"ListItem","position":1,"name":"Startseite","item":"https:\/\/digitalizeglobal.com\/"},{"@type":"ListItem","position":2,"name":"Shop f\u00fcr Entrepreneuere","item":"https:\/\/digitalizeglobal.com\/shop-fuer-entrepreneuere\/"},{"@type":"ListItem","position":3,"name":"Unternehmensgr\u00fcndung Irland","item":"https:\/\/digitalizeglobal.com\/produkt-kategorie\/unternehmensgruendung-irland\/"},{"@type":"ListItem","position":4,"name":"Unternehmensgr\u00fcndung (LTD), mit echter B\u00fcroadresse in Dublin, Irland"}]},{"@type":"WebSite","@id":"https:\/\/digitalizeglobal.com\/#website","url":"https:\/\/digitalizeglobal.com\/","name":"Digitalize Global","description":"Cr\u00e9ation et gestion d'entreprise","publisher":{"@id":"https:\/\/digitalizeglobal.com\/#organization"},"alternateName":"Digitalize Global Business","potentialAction":[{"@type":"SearchAction","target":{"@type":"EntryPoint","urlTemplate":"https:\/\/digitalizeglobal.com\/?s={search_term_string}"},"query-input":{"@type":"PropertyValueSpecification","valueRequired":true,"valueName":"search_term_string"}}],"inLanguage":"fr-FR"},{"@type":"Organization","@id":"https:\/\/digitalizeglobal.com\/#organization","name":"Digitalize Global","alternateName":"Digitalize Global, LLC.","url":"https:\/\/digitalizeglobal.com\/","logo":{"@type":"ImageObject","inLanguage":"fr-FR","@id":"https:\/\/digitalizeglobal.com\/#\/schema\/logo\/image\/","url":"https:\/\/digitalizeglobal.com\/wp-content\/uploads\/2024\/04\/android-chrome-512x512-1.png","contentUrl":"https:\/\/digitalizeglobal.com\/wp-content\/uploads\/2024\/04\/android-chrome-512x512-1.png","width":512,"height":512,"caption":"Digitalize Global"},"image":{"@id":"https:\/\/digitalizeglobal.com\/#\/schema\/logo\/image\/"},"sameAs":["https:\/\/www.facebook.com\/digitalizeglobal\/","https:\/\/mastodon.social\/@Faierberg","https:\/\/www.facebook.com\/groups\/digitalizeglobaldeu","https:\/\/www.youtube.com\/@DigitalizeGlobal","https:\/\/www.gutefrage.net\/nutzer\/Faierberg","https:\/\/www.webwiki.de\/digitalizeglobal.com","https:\/\/www.sitelike.org\/similar\/digitalizeglobal.com\/"],"description":"Nous sommes Digitalize Global LLC, une entreprise fond\u00e9e \u00e0 l'origine dans l'\u00c9tat am\u00e9ricain du Wyoming, un endroit connu pour ses habitants anim\u00e9s d'une soif de libert\u00e9 et d'\u00e9galit\u00e9 profond\u00e9ment ancr\u00e9e. Notre objectif est de vous aider \u00e0 concr\u00e9tiser votre libert\u00e9 d'entreprendre \u00e0 l'\u00e9chelle internationale. Nous pensons que chacun a le droit et la libert\u00e9 de gagner sa vie en faisant ce qu'il aime. Posez la premi\u00e8re pierre d'une vie autod\u00e9termin\u00e9e en cr\u00e9ant votre entreprise ! Toujours disponible pour nos clients Digitalize Global est r\u00e9put\u00e9e pour son service convivial et se tient personnellement \u00e0 vos c\u00f4t\u00e9s en tant que partenaire avant, pendant et apr\u00e8s la cr\u00e9ation de votre entreprise. Contrairement \u00e0 de nombreux concurrents qui laissent souvent leurs clients seuls apr\u00e8s la cr\u00e9ation de leur entreprise, nous vous aidons \u00e0 relever tous les d\u00e9fis et vous proposons des consultations gratuites. Nous sommes convaincus que le commerce international et la mobilit\u00e9 doivent \u00eatre accessibles \u00e0 tous. Une politique de prix claire et structur\u00e9e Chez nous, vous ne trouverez pas d'offres de conseil hors de prix ou de co\u00fbts cach\u00e9s. Toutes nos offres sont transparentes et \u00e0 prix fixe. Notre caract\u00e9ristique unique par rapport \u00e0 nos concurrents est la flexibilit\u00e9 des possibilit\u00e9s de paiement \u00e9chelonn\u00e9 que nous proposons \u00e0 nos clients. Priorit\u00e9 \u00e0 la protection des donn\u00e9es Avec la plus grande protection des donn\u00e9es et le soin apport\u00e9 \u00e0 votre s\u00e9curit\u00e9, nous nous chargeons de tout ce qui concerne l'enregistrement, la gestion et la mise en \u0153uvre de votre entreprise \u00e0 l'\u00e9tranger, de sorte que vous n'ayez \u00e0 vous occuper de rien. Votre discr\u00e9tion est toujours garantie chez nous. Nous n'envoyons jamais de messages \u00e0 des structures non impliqu\u00e9es. Nous disposons d'une vaste exp\u00e9rience En tant qu'experts en cr\u00e9ation d'entreprises aux \u00c9tats-Unis et en Europe, nous vous aidons \u00e0 cr\u00e9er des emplois ind\u00e9pendants et vous proposons une large gamme de services professionnels.","email":"office@digitalizeglobal.com","telephone":"+1 406 943 4473","legalName":"Digitalize Global, LLC.","foundingDate":"2024-05-01","taxID":"30-1415662","numberOfEmployees":{"@type":"QuantitativeValue","minValue":"1","maxValue":"10"},"publishingPrinciples":"https:\/\/digitalizeglobal.com\/ueber-uns\/veroeffentlichungsgrundsaetze-von-digitalize-global\/","ownershipFundingInfo":"https:\/\/digitalizeglobal.com\/ueber-uns\/eigentums-und-finanzierungsinformationen-von-digitalize-global\/","actionableFeedbackPolicy":"https:\/\/digitalizeglobal.com\/terms-and-conditions\/umsetzbare-feedback-richtlinie-von-digitalize-global\/","correctionsPolicy":"https:\/\/digitalizeglobal.com\/ueber-uns\/korrekturrichtlinie-von-digitalize-global\/","ethicsPolicy":"https:\/\/digitalizeglobal.com\/ueber-uns\/digitalize-global-addendum-unser-versprechen-fuer-freies-unternehmertum\/","diversityPolicy":"https:\/\/digitalizeglobal.com\/datenschutzerklaerung\/","diversityStaffingReport":"https:\/\/digitalizeglobal.com\/ueber-uns\/diversitaets-personalbericht-von-digitalize-global\/"}]}},"_links":{"self":[{"href":"https:\/\/digitalizeglobal.com\/fr\/wp-json\/wp\/v2\/product\/4118","targetHints":{"allow":["GET"]}}],"collection":[{"href":"https:\/\/digitalizeglobal.com\/fr\/wp-json\/wp\/v2\/product"}],"about":[{"href":"https:\/\/digitalizeglobal.com\/fr\/wp-json\/wp\/v2\/types\/product"}],"replies":[{"embeddable":true,"href":"https:\/\/digitalizeglobal.com\/fr\/wp-json\/wp\/v2\/comments?post=4118"}],"version-history":[{"count":0,"href":"https:\/\/digitalizeglobal.com\/fr\/wp-json\/wp\/v2\/product\/4118\/revisions"}],"wp:featuredmedia":[{"embeddable":true,"href":"https:\/\/digitalizeglobal.com\/fr\/wp-json\/wp\/v2\/media\/3235"}],"wp:attachment":[{"href":"https:\/\/digitalizeglobal.com\/fr\/wp-json\/wp\/v2\/media?parent=4118"}],"wp:term":[{"taxonomy":"product_brand","embeddable":true,"href":"https:\/\/digitalizeglobal.com\/fr\/wp-json\/wp\/v2\/product_brand?post=4118"},{"taxonomy":"product_cat","embeddable":true,"href":"https:\/\/digitalizeglobal.com\/fr\/wp-json\/wp\/v2\/product_cat?post=4118"},{"taxonomy":"product_tag","embeddable":true,"href":"https:\/\/digitalizeglobal.com\/fr\/wp-json\/wp\/v2\/product_tag?post=4118"}],"curies":[{"name":"wp","href":"https:\/\/api.w.org\/{rel}","templated":true}]}}