{"id":4186,"date":"2024-05-27T14:40:28","date_gmt":"2024-05-27T12:40:28","guid":{"rendered":"https:\/\/digitalizeglobal.com\/?post_type=product&#038;p=4186"},"modified":"2024-05-28T02:20:52","modified_gmt":"2024-05-28T00:20:52","slug":"nominee-shareholder-anonymisierung-des-aktienbesitzers-anteilshabers-fuer-irische-limited","status":"publish","type":"product","link":"https:\/\/digitalizeglobal.com\/fr\/produit\/nominee-shareholder-anonymat-du-detenteur-dactions-pour-irish-limited\/","title":{"rendered":"Nominee Shareholder - Anonymat du propri\u00e9taire d'actions (actionnaire) pour les soci\u00e9t\u00e9s \u00e0 responsabilit\u00e9 limit\u00e9e irlandaises"},"content":{"rendered":"<div class=\"whitespace-pre-wrap mb-4 last:mb-0\">Dans le cadre de nos services de cr\u00e9ation de soci\u00e9t\u00e9s \u00e0 responsabilit\u00e9 limit\u00e9e irlandaises, nous proposons \u00e0 nos clients l'option d'actionnaire nominal. Ce service vous permet de d\u00e9tenir vos parts de la Ltd. au nom d'un associ\u00e9 nominal et de supprimer ainsi vos informations personnelles du registre public.<\/div>\n<h3 class=\"whitespace-pre-wrap mb-4 last:mb-0\">Notre service Nominee Shareholder vous offre les avantages suivants :<\/h3>\n<ol class=\"[&amp;_li]:mb-2 leading-7 pl-6 mb-4 last:mb-0 list-decimal\" start=\"1\">\n<li class=\"pl-1 marker:text-neutral-700\">\n<div class=\"w-full\">\n<div class=\"whitespace-pre-wrap mb-4 last:mb-0\"><strong>Anonymisation :<\/strong> Prot\u00e9gez votre vie priv\u00e9e en cachant votre participation \u00e0 la soci\u00e9t\u00e9 irlandaise \u00e0 responsabilit\u00e9 limit\u00e9e au nom d'un associ\u00e9 nominal.<\/div>\n<\/div>\n<\/li>\n<li class=\"pl-1 marker:text-neutral-700\">\n<div class=\"w-full\">\n<div class=\"whitespace-pre-wrap mb-4 last:mb-0\"><strong>Neutralit\u00e9 fiscale :<\/strong> L'associ\u00e9 nominal n'agit qu'en tant qu'homme de paille et ne poss\u00e8de aucun droit r\u00e9el sur les actions. Cela vous permet de garder le contr\u00f4le de votre entreprise tout en profitant des <a class=\"wpil_keyword_link\" href=\"https:\/\/digitalizeglobal.com\/fr\/produit\/paquet-danonymisation-pour-les-societes-a-responsabilite-limitee\/?wmc-currency=EUR\"   title=\"Anonymisation\" data-wpil-keyword-link=\"linked\"  data-wpil-monitor-id=\"801\">Anonymisation<\/a> profitent.<\/div>\n<\/div>\n<\/li>\n<li class=\"pl-1 marker:text-neutral-700\">\n<div class=\"w-full\">\n<div class=\"whitespace-pre-wrap mb-4 last:mb-0\"><strong>S\u00e9curit\u00e9 juridique :<\/strong> Notre service Nominee Shareholder est enti\u00e8rement l\u00e9gal et conforme aux lois et r\u00e9glementations en vigueur en Irlande.<\/div>\n<\/div>\n<\/li>\n<\/ol>\n<div class=\"whitespace-pre-wrap mb-4 last:mb-0\">Choisissez notre service Nominee Shareholder pour votre Ltd irlandaise afin de profiter des avantages de l'anonymisation et de la protection de vos donn\u00e9es personnelles.<\/div>","protected":false},"excerpt":{"rendered":"<p>Le site <a class=\"wpil_keyword_link\" href=\"https:\/\/digitalizeglobal.com\/fr\/limportance-des-detenteurs-de-nominee-share-pourquoi-ils-sont-importants\/?wmc-currency=EUR\"   title=\"Nominee Actionnaire\" data-wpil-keyword-link=\"linked\"  data-wpil-monitor-id=\"678\">Nominee Actionnaire<\/a> offre une anonymisation discr\u00e8te du propri\u00e9taire des actions (actionnaire) pour votre Ltd irlandaise. Ce service est id\u00e9al pour les entrepreneurs qui souhaitent prot\u00e9ger leur vie priv\u00e9e et garder confidentielles des informations sensibles. En utilisant un nominee shareholder, le v\u00e9ritable propri\u00e9taire des actions n'est pas inscrit dans les registres publics, ce qui garantit un haut niveau de discr\u00e9tion.<\/p>","protected":false},"featured_media":4187,"comment_status":"open","ping_status":"closed","template":"","meta":{"_acf_changed":false,"_helpful_pro_status":1},"product_brand":[],"product_cat":[188],"product_tag":[191],"class_list":{"0":"post-4186","1":"product","2":"type-product","3":"status-publish","4":"has-post-thumbnail","6":"product_cat-zusatzleistungen-fuer-ltd","7":"product_tag-nominee-shareholder","9":"first","10":"instock","11":"virtual","12":"purchasable","13":"product-type-subscription"},"acf":[],"yoast_head":"<!-- This site is optimized with the Yoast SEO Premium plugin v25.8 (Yoast SEO v25.8) - https:\/\/yoast.com\/wordpress\/plugins\/seo\/ -->\n<title>Nominee Shareholder - Anonymisierung des Aktienbesitzers (Anteilshabers) f\u00fcr Irische Limited - Digitalize Global<\/title>\n<meta name=\"robots\" content=\"index, follow, max-snippet:-1, max-image-preview:large, max-video-preview:-1\" \/>\n<link rel=\"canonical\" href=\"https:\/\/digitalizeglobal.com\/fr\/produit\/nominee-shareholder-anonymat-du-detenteur-dactions-pour-irish-limited\/?wmc-currency=EUR\" \/>\n<meta property=\"og:locale\" content=\"fr_FR\" \/>\n<meta property=\"og:type\" content=\"article\" \/>\n<meta property=\"og:title\" content=\"Nominee Shareholder - Anonymisierung des Aktienbesitzers (Anteilshabers) f\u00fcr Irische Limited\" \/>\n<meta property=\"og:description\" content=\"Der Nominee Shareholder bietet eine diskrete Anonymisierung des Aktienbesitzers (Anteilshabers) f\u00fcr Ihre irische Ltd. Diese Dienstleistung ist ideal f\u00fcr Unternehmer, die ihre Privatsph\u00e4re sch\u00fctzen und sensible Informationen vertraulich halten m\u00f6chten. Durch die Nutzung eines Nominee Shareholders wird der wahre Eigent\u00fcmer der Anteile nicht in \u00f6ffentlichen Registern eingetragen, was ein hohes Ma\u00df an Diskretion gew\u00e4hrleistet.\" \/>\n<meta property=\"og:url\" content=\"https:\/\/digitalizeglobal.com\/fr\/produit\/nominee-shareholder-anonymat-du-detenteur-dactions-pour-irish-limited\/?wmc-currency=EUR\" \/>\n<meta property=\"og:site_name\" content=\"Digitalize Global\" \/>\n<meta property=\"article:publisher\" content=\"https:\/\/www.facebook.com\/digitalizeglobal\/\" \/>\n<meta property=\"article:modified_time\" content=\"2024-05-28T00:20:52+00:00\" \/>\n<meta property=\"og:image\" content=\"https:\/\/digitalizeglobal.com\/wp-content\/uploads\/2024\/05\/Nominee-Shareholder-Anonymisierung-des-Aktienbesitzers-Anteilshabers-fuer-Irische-Limited-min.jpg\" \/>\n\t<meta property=\"og:image:width\" content=\"1232\" \/>\n\t<meta property=\"og:image:height\" content=\"768\" \/>\n\t<meta property=\"og:image:type\" content=\"image\/jpeg\" \/>\n<meta name=\"twitter:card\" content=\"summary_large_image\" \/>\n<meta name=\"twitter:label1\" content=\"Dur\u00e9e de lecture estim\u00e9e\" \/>\n\t<meta name=\"twitter:data1\" content=\"1 minute\" \/>\n<script type=\"application\/ld+json\" class=\"yoast-schema-graph\">{\"@context\":\"https:\/\/schema.org\",\"@graph\":[{\"@type\":\"WebPage\",\"@id\":\"https:\/\/digitalizeglobal.com\/produkt\/nominee-shareholder-anonymisierung-des-aktienbesitzers-anteilshabers-fuer-irische-limited\/\",\"url\":\"https:\/\/digitalizeglobal.com\/produkt\/nominee-shareholder-anonymisierung-des-aktienbesitzers-anteilshabers-fuer-irische-limited\/\",\"name\":\"Nominee Shareholder - Anonymisierung des Aktienbesitzers (Anteilshabers) f\u00fcr Irische Limited - Digitalize Global\",\"isPartOf\":{\"@id\":\"https:\/\/digitalizeglobal.com\/#website\"},\"primaryImageOfPage\":{\"@id\":\"https:\/\/digitalizeglobal.com\/produkt\/nominee-shareholder-anonymisierung-des-aktienbesitzers-anteilshabers-fuer-irische-limited\/#primaryimage\"},\"image\":{\"@id\":\"https:\/\/digitalizeglobal.com\/produkt\/nominee-shareholder-anonymisierung-des-aktienbesitzers-anteilshabers-fuer-irische-limited\/#primaryimage\"},\"thumbnailUrl\":\"https:\/\/digitalizeglobal.com\/wp-content\/uploads\/2024\/05\/Nominee-Shareholder-Anonymisierung-des-Aktienbesitzers-Anteilshabers-fuer-Irische-Limited-min-scaled.jpg\",\"datePublished\":\"2024-05-27T12:40:28+00:00\",\"dateModified\":\"2024-05-28T00:20:52+00:00\",\"breadcrumb\":{\"@id\":\"https:\/\/digitalizeglobal.com\/produkt\/nominee-shareholder-anonymisierung-des-aktienbesitzers-anteilshabers-fuer-irische-limited\/#breadcrumb\"},\"inLanguage\":\"fr-FR\",\"potentialAction\":[{\"@type\":\"ReadAction\",\"target\":[\"https:\/\/digitalizeglobal.com\/produkt\/nominee-shareholder-anonymisierung-des-aktienbesitzers-anteilshabers-fuer-irische-limited\/\"]}]},{\"@type\":\"ImageObject\",\"inLanguage\":\"fr-FR\",\"@id\":\"https:\/\/digitalizeglobal.com\/produkt\/nominee-shareholder-anonymisierung-des-aktienbesitzers-anteilshabers-fuer-irische-limited\/#primaryimage\",\"url\":\"https:\/\/digitalizeglobal.com\/wp-content\/uploads\/2024\/05\/Nominee-Shareholder-Anonymisierung-des-Aktienbesitzers-Anteilshabers-fuer-Irische-Limited-min-scaled.jpg\",\"contentUrl\":\"https:\/\/digitalizeglobal.com\/wp-content\/uploads\/2024\/05\/Nominee-Shareholder-Anonymisierung-des-Aktienbesitzers-Anteilshabers-fuer-Irische-Limited-min-scaled.jpg\",\"width\":1024,\"height\":638,\"caption\":\"Nominee Shareholder - Anonymisierung des Aktienbesitzers (Anteilshabers) f\u00fcr Irische Limited\"},{\"@type\":\"BreadcrumbList\",\"@id\":\"https:\/\/digitalizeglobal.com\/produkt\/nominee-shareholder-anonymisierung-des-aktienbesitzers-anteilshabers-fuer-irische-limited\/#breadcrumb\",\"itemListElement\":[{\"@type\":\"ListItem\",\"position\":1,\"name\":\"Startseite\",\"item\":\"https:\/\/digitalizeglobal.com\/\"},{\"@type\":\"ListItem\",\"position\":2,\"name\":\"Shop f\u00fcr Entrepreneuere\",\"item\":\"https:\/\/digitalizeglobal.com\/shop-fuer-entrepreneuere\/\"},{\"@type\":\"ListItem\",\"position\":3,\"name\":\"Zusatzleistungen f\u00fcr LTD\",\"item\":\"https:\/\/digitalizeglobal.com\/produkt-kategorie\/zusatzleistungen-fuer-ltd\/\"},{\"@type\":\"ListItem\",\"position\":4,\"name\":\"Nominee Shareholder &#8211; Anonymisierung des Aktienbesitzers (Anteilshabers) f\u00fcr Irische Limited\"}]},{\"@type\":\"WebSite\",\"@id\":\"https:\/\/digitalizeglobal.com\/#website\",\"url\":\"https:\/\/digitalizeglobal.com\/\",\"name\":\"Digitalize Global\",\"description\":\"Unternehmensgr\u00fcndung und Verwaltung\",\"publisher\":{\"@id\":\"https:\/\/digitalizeglobal.com\/#organization\"},\"alternateName\":\"Digitalize Global Business\",\"potentialAction\":[{\"@type\":\"SearchAction\",\"target\":{\"@type\":\"EntryPoint\",\"urlTemplate\":\"https:\/\/digitalizeglobal.com\/?s={search_term_string}\"},\"query-input\":{\"@type\":\"PropertyValueSpecification\",\"valueRequired\":true,\"valueName\":\"search_term_string\"}}],\"inLanguage\":\"fr-FR\"},{\"@type\":\"Organization\",\"@id\":\"https:\/\/digitalizeglobal.com\/#organization\",\"name\":\"Digitalize Global\",\"alternateName\":\"Digitalize Global, LLC.\",\"url\":\"https:\/\/digitalizeglobal.com\/\",\"logo\":{\"@type\":\"ImageObject\",\"inLanguage\":\"fr-FR\",\"@id\":\"https:\/\/digitalizeglobal.com\/#\/schema\/logo\/image\/\",\"url\":\"https:\/\/digitalizeglobal.com\/wp-content\/uploads\/2024\/04\/android-chrome-512x512-1.png\",\"contentUrl\":\"https:\/\/digitalizeglobal.com\/wp-content\/uploads\/2024\/04\/android-chrome-512x512-1.png\",\"width\":512,\"height\":512,\"caption\":\"Digitalize Global\"},\"image\":{\"@id\":\"https:\/\/digitalizeglobal.com\/#\/schema\/logo\/image\/\"},\"sameAs\":[\"https:\/\/www.facebook.com\/digitalizeglobal\/\",\"https:\/\/mastodon.social\/@Faierberg\",\"https:\/\/www.facebook.com\/groups\/digitalizeglobaldeu\",\"https:\/\/www.youtube.com\/@DigitalizeGlobal\",\"https:\/\/www.gutefrage.net\/nutzer\/Faierberg\",\"https:\/\/www.webwiki.de\/digitalizeglobal.com\",\"https:\/\/www.sitelike.org\/similar\/digitalizeglobal.com\/\"],\"description\":\"Wir sind Digitalize Global LLC, ein Unternehmen, das urspr\u00fcnglich im US-Bundesstaat Wyoming gegr\u00fcndet wurde \u2013 einem Ort, der f\u00fcr seine Bewohner mit einem Freiheitsdrang und einer tief verwurzelten Gleichberechtigung bekannt ist. Unser Ziel ist es, Ihnen dabei zu helfen, ihre unternehmerische Freiheit auf internationaler Ebene zu verwirklichen. Wir glauben, dass jeder Mensch das Recht und die Freiheit hat, seinen Lebensunterhalt mit dem zu verdienen, was er liebt. Legen Sie mit einer Unternehmensgr\u00fcndung den Grundstein f\u00fcr ein selbstbestimmtes Leben! Stets f\u00fcr unsere Kunden erreichbar Digitalize Global ist bekannt f\u00fcr seinen kundenfreundlichen Service und steht Ihnen als Partner vor, w\u00e4hrend und nach der Gr\u00fcndung Ihres Unternehmens pers\u00f6nlich zur Seite. Anders als viele Konkurrenten, die ihre Kunden nach der Gr\u00fcndung oft allein lassen, unterst\u00fctzen wir Sie bei allen Herausforderungen und bieten Ihnen kostenlose Beratungsgespr\u00e4che. Wir sind \u00fcberzeugt, dass internationales Gesch\u00e4ft und Mobilit\u00e4t f\u00fcr alle zug\u00e4nglich sein sollten. Klare und strukturierte Preispolitik Bei uns finden Sie keine unbezahlbaren Beratungsangebote oder versteckte Kosten. Alle unsere Angebote sind transparent und preisfest. Unser einzigartiges Alleinstellungsmerkmal gegen\u00fcber unseren Mitbewerbern sind unsere flexiblen Ratenzahlungsm\u00f6glichkeiten, die wir unseren Kunden anbieten. Priorit\u00e4t Datenschutz Mit h\u00f6chstem Datenschutz und Sorgfalt f\u00fcr Ihre Sicherheit \u00fcbernehmen wir alles rund um die Anmeldung, Verwaltung und Umsetzung Ihres Unternehmens im Ausland, sodass Sie sich um nichts k\u00fcmmern m\u00fcssen. Ihre Diskretion ist bei uns stets gew\u00e4hrleistet. Aus unserem Haus gehen niemals Meldungen an nicht involvierte Strukturen raus. Wir verf\u00fcgen \u00fcber umfangreiche Erfahrung Als Experten f\u00fcr Unternehmensgr\u00fcndungen in den USA und Europa unterst\u00fctzen wir Sie bei der Schaffung ortsunabh\u00e4ngiger Arbeitspl\u00e4tze und bieten ein breites Spektrum professioneller Dienstleistungen.\",\"email\":\"office@digitalizeglobal.com\",\"telephone\":\"+1 406 943 4473\",\"legalName\":\"Digitalize Global, LLC.\",\"foundingDate\":\"2024-05-01\",\"taxID\":\"30-1415662\",\"numberOfEmployees\":{\"@type\":\"QuantitativeValue\",\"minValue\":\"1\",\"maxValue\":\"10\"},\"publishingPrinciples\":\"https:\/\/digitalizeglobal.com\/ueber-uns\/veroeffentlichungsgrundsaetze-von-digitalize-global\/\",\"ownershipFundingInfo\":\"https:\/\/digitalizeglobal.com\/ueber-uns\/eigentums-und-finanzierungsinformationen-von-digitalize-global\/\",\"actionableFeedbackPolicy\":\"https:\/\/digitalizeglobal.com\/terms-and-conditions\/umsetzbare-feedback-richtlinie-von-digitalize-global\/\",\"correctionsPolicy\":\"https:\/\/digitalizeglobal.com\/ueber-uns\/korrekturrichtlinie-von-digitalize-global\/\",\"ethicsPolicy\":\"https:\/\/digitalizeglobal.com\/ueber-uns\/digitalize-global-addendum-unser-versprechen-fuer-freies-unternehmertum\/\",\"diversityPolicy\":\"https:\/\/digitalizeglobal.com\/datenschutzerklaerung\/\",\"diversityStaffingReport\":\"https:\/\/digitalizeglobal.com\/ueber-uns\/diversitaets-personalbericht-von-digitalize-global\/\"}]}<\/script>\n<!-- \/ Yoast SEO Premium plugin. -->","yoast_head_json":{"title":"Nominee Shareholder - Anonymat du propri\u00e9taire d'actions (actionnaire) pour Irlandais Limited - Digitalize Global","robots":{"index":"index","follow":"follow","max-snippet":"max-snippet:-1","max-image-preview":"max-image-preview:large","max-video-preview":"max-video-preview:-1"},"canonical":"https:\/\/digitalizeglobal.com\/fr\/produit\/nominee-shareholder-anonymat-du-detenteur-dactions-pour-irish-limited\/?wmc-currency=EUR","og_locale":"fr_FR","og_type":"article","og_title":"Nominee Shareholder - Anonymisierung des Aktienbesitzers (Anteilshabers) f\u00fcr Irische Limited","og_description":"Der Nominee Shareholder bietet eine diskrete Anonymisierung des Aktienbesitzers (Anteilshabers) f\u00fcr Ihre irische Ltd. Diese Dienstleistung ist ideal f\u00fcr Unternehmer, die ihre Privatsph\u00e4re sch\u00fctzen und sensible Informationen vertraulich halten m\u00f6chten. Durch die Nutzung eines Nominee Shareholders wird der wahre Eigent\u00fcmer der Anteile nicht in \u00f6ffentlichen Registern eingetragen, was ein hohes Ma\u00df an Diskretion gew\u00e4hrleistet.","og_url":"https:\/\/digitalizeglobal.com\/fr\/produit\/nominee-shareholder-anonymat-du-detenteur-dactions-pour-irish-limited\/?wmc-currency=EUR","og_site_name":"Digitalize Global","article_publisher":"https:\/\/www.facebook.com\/digitalizeglobal\/","article_modified_time":"2024-05-28T00:20:52+00:00","og_image":[{"width":1232,"height":768,"url":"https:\/\/digitalizeglobal.com\/wp-content\/uploads\/2024\/05\/Nominee-Shareholder-Anonymisierung-des-Aktienbesitzers-Anteilshabers-fuer-Irische-Limited-min.jpg","type":"image\/jpeg"}],"twitter_card":"summary_large_image","twitter_misc":{"Dur\u00e9e de lecture estim\u00e9e":"1 minute"},"schema":{"@context":"https:\/\/schema.org","@graph":[{"@type":"WebPage","@id":"https:\/\/digitalizeglobal.com\/produkt\/nominee-shareholder-anonymisierung-des-aktienbesitzers-anteilshabers-fuer-irische-limited\/","url":"https:\/\/digitalizeglobal.com\/produkt\/nominee-shareholder-anonymisierung-des-aktienbesitzers-anteilshabers-fuer-irische-limited\/","name":"Nominee Shareholder - Anonymat du propri\u00e9taire d'actions (actionnaire) pour Irlandais Limited - Digitalize Global","isPartOf":{"@id":"https:\/\/digitalizeglobal.com\/#website"},"primaryImageOfPage":{"@id":"https:\/\/digitalizeglobal.com\/produkt\/nominee-shareholder-anonymisierung-des-aktienbesitzers-anteilshabers-fuer-irische-limited\/#primaryimage"},"image":{"@id":"https:\/\/digitalizeglobal.com\/produkt\/nominee-shareholder-anonymisierung-des-aktienbesitzers-anteilshabers-fuer-irische-limited\/#primaryimage"},"thumbnailUrl":"https:\/\/digitalizeglobal.com\/wp-content\/uploads\/2024\/05\/Nominee-Shareholder-Anonymisierung-des-Aktienbesitzers-Anteilshabers-fuer-Irische-Limited-min-scaled.jpg","datePublished":"2024-05-27T12:40:28+00:00","dateModified":"2024-05-28T00:20:52+00:00","breadcrumb":{"@id":"https:\/\/digitalizeglobal.com\/produkt\/nominee-shareholder-anonymisierung-des-aktienbesitzers-anteilshabers-fuer-irische-limited\/#breadcrumb"},"inLanguage":"fr-FR","potentialAction":[{"@type":"ReadAction","target":["https:\/\/digitalizeglobal.com\/produkt\/nominee-shareholder-anonymisierung-des-aktienbesitzers-anteilshabers-fuer-irische-limited\/"]}]},{"@type":"ImageObject","inLanguage":"fr-FR","@id":"https:\/\/digitalizeglobal.com\/produkt\/nominee-shareholder-anonymisierung-des-aktienbesitzers-anteilshabers-fuer-irische-limited\/#primaryimage","url":"https:\/\/digitalizeglobal.com\/wp-content\/uploads\/2024\/05\/Nominee-Shareholder-Anonymisierung-des-Aktienbesitzers-Anteilshabers-fuer-Irische-Limited-min-scaled.jpg","contentUrl":"https:\/\/digitalizeglobal.com\/wp-content\/uploads\/2024\/05\/Nominee-Shareholder-Anonymisierung-des-Aktienbesitzers-Anteilshabers-fuer-Irische-Limited-min-scaled.jpg","width":1024,"height":638,"caption":"Nominee Shareholder - Anonymisierung des Aktienbesitzers (Anteilshabers) f\u00fcr Irische Limited"},{"@type":"BreadcrumbList","@id":"https:\/\/digitalizeglobal.com\/produkt\/nominee-shareholder-anonymisierung-des-aktienbesitzers-anteilshabers-fuer-irische-limited\/#breadcrumb","itemListElement":[{"@type":"ListItem","position":1,"name":"Startseite","item":"https:\/\/digitalizeglobal.com\/"},{"@type":"ListItem","position":2,"name":"Shop f\u00fcr Entrepreneuere","item":"https:\/\/digitalizeglobal.com\/shop-fuer-entrepreneuere\/"},{"@type":"ListItem","position":3,"name":"Zusatzleistungen f\u00fcr LTD","item":"https:\/\/digitalizeglobal.com\/produkt-kategorie\/zusatzleistungen-fuer-ltd\/"},{"@type":"ListItem","position":4,"name":"Nominee Shareholder &#8211; Anonymisierung des Aktienbesitzers (Anteilshabers) f\u00fcr Irische Limited"}]},{"@type":"WebSite","@id":"https:\/\/digitalizeglobal.com\/#website","url":"https:\/\/digitalizeglobal.com\/","name":"Digitalize Global","description":"Cr\u00e9ation et gestion d'entreprise","publisher":{"@id":"https:\/\/digitalizeglobal.com\/#organization"},"alternateName":"Digitalize Global Business","potentialAction":[{"@type":"SearchAction","target":{"@type":"EntryPoint","urlTemplate":"https:\/\/digitalizeglobal.com\/?s={search_term_string}"},"query-input":{"@type":"PropertyValueSpecification","valueRequired":true,"valueName":"search_term_string"}}],"inLanguage":"fr-FR"},{"@type":"Organization","@id":"https:\/\/digitalizeglobal.com\/#organization","name":"Digitalize Global","alternateName":"Digitalize Global, LLC.","url":"https:\/\/digitalizeglobal.com\/","logo":{"@type":"ImageObject","inLanguage":"fr-FR","@id":"https:\/\/digitalizeglobal.com\/#\/schema\/logo\/image\/","url":"https:\/\/digitalizeglobal.com\/wp-content\/uploads\/2024\/04\/android-chrome-512x512-1.png","contentUrl":"https:\/\/digitalizeglobal.com\/wp-content\/uploads\/2024\/04\/android-chrome-512x512-1.png","width":512,"height":512,"caption":"Digitalize Global"},"image":{"@id":"https:\/\/digitalizeglobal.com\/#\/schema\/logo\/image\/"},"sameAs":["https:\/\/www.facebook.com\/digitalizeglobal\/","https:\/\/mastodon.social\/@Faierberg","https:\/\/www.facebook.com\/groups\/digitalizeglobaldeu","https:\/\/www.youtube.com\/@DigitalizeGlobal","https:\/\/www.gutefrage.net\/nutzer\/Faierberg","https:\/\/www.webwiki.de\/digitalizeglobal.com","https:\/\/www.sitelike.org\/similar\/digitalizeglobal.com\/"],"description":"Nous sommes Digitalize Global LLC, une entreprise fond\u00e9e \u00e0 l'origine dans l'\u00c9tat am\u00e9ricain du Wyoming, un endroit connu pour ses habitants anim\u00e9s d'une soif de libert\u00e9 et d'\u00e9galit\u00e9 profond\u00e9ment ancr\u00e9e. Notre objectif est de vous aider \u00e0 concr\u00e9tiser votre libert\u00e9 d'entreprendre \u00e0 l'\u00e9chelle internationale. Nous pensons que chacun a le droit et la libert\u00e9 de gagner sa vie en faisant ce qu'il aime. Posez la premi\u00e8re pierre d'une vie autod\u00e9termin\u00e9e en cr\u00e9ant votre entreprise ! Toujours disponible pour nos clients Digitalize Global est r\u00e9put\u00e9e pour son service convivial et se tient personnellement \u00e0 vos c\u00f4t\u00e9s en tant que partenaire avant, pendant et apr\u00e8s la cr\u00e9ation de votre entreprise. Contrairement \u00e0 de nombreux concurrents qui laissent souvent leurs clients seuls apr\u00e8s la cr\u00e9ation de leur entreprise, nous vous aidons \u00e0 relever tous les d\u00e9fis et vous proposons des consultations gratuites. Nous sommes convaincus que le commerce international et la mobilit\u00e9 doivent \u00eatre accessibles \u00e0 tous. Une politique de prix claire et structur\u00e9e Chez nous, vous ne trouverez pas d'offres de conseil hors de prix ou de co\u00fbts cach\u00e9s. Toutes nos offres sont transparentes et \u00e0 prix fixe. Notre caract\u00e9ristique unique par rapport \u00e0 nos concurrents est la flexibilit\u00e9 des possibilit\u00e9s de paiement \u00e9chelonn\u00e9 que nous proposons \u00e0 nos clients. Priorit\u00e9 \u00e0 la protection des donn\u00e9es Avec la plus grande protection des donn\u00e9es et le soin apport\u00e9 \u00e0 votre s\u00e9curit\u00e9, nous nous chargeons de tout ce qui concerne l'enregistrement, la gestion et la mise en \u0153uvre de votre entreprise \u00e0 l'\u00e9tranger, de sorte que vous n'ayez \u00e0 vous occuper de rien. Votre discr\u00e9tion est toujours garantie chez nous. Nous n'envoyons jamais de messages \u00e0 des structures non impliqu\u00e9es. Nous disposons d'une vaste exp\u00e9rience En tant qu'experts en cr\u00e9ation d'entreprises aux \u00c9tats-Unis et en Europe, nous vous aidons \u00e0 cr\u00e9er des emplois ind\u00e9pendants et vous proposons une large gamme de services professionnels.","email":"office@digitalizeglobal.com","telephone":"+1 406 943 4473","legalName":"Digitalize Global, LLC.","foundingDate":"2024-05-01","taxID":"30-1415662","numberOfEmployees":{"@type":"QuantitativeValue","minValue":"1","maxValue":"10"},"publishingPrinciples":"https:\/\/digitalizeglobal.com\/ueber-uns\/veroeffentlichungsgrundsaetze-von-digitalize-global\/","ownershipFundingInfo":"https:\/\/digitalizeglobal.com\/ueber-uns\/eigentums-und-finanzierungsinformationen-von-digitalize-global\/","actionableFeedbackPolicy":"https:\/\/digitalizeglobal.com\/terms-and-conditions\/umsetzbare-feedback-richtlinie-von-digitalize-global\/","correctionsPolicy":"https:\/\/digitalizeglobal.com\/ueber-uns\/korrekturrichtlinie-von-digitalize-global\/","ethicsPolicy":"https:\/\/digitalizeglobal.com\/ueber-uns\/digitalize-global-addendum-unser-versprechen-fuer-freies-unternehmertum\/","diversityPolicy":"https:\/\/digitalizeglobal.com\/datenschutzerklaerung\/","diversityStaffingReport":"https:\/\/digitalizeglobal.com\/ueber-uns\/diversitaets-personalbericht-von-digitalize-global\/"}]}},"_links":{"self":[{"href":"https:\/\/digitalizeglobal.com\/fr\/wp-json\/wp\/v2\/product\/4186","targetHints":{"allow":["GET"]}}],"collection":[{"href":"https:\/\/digitalizeglobal.com\/fr\/wp-json\/wp\/v2\/product"}],"about":[{"href":"https:\/\/digitalizeglobal.com\/fr\/wp-json\/wp\/v2\/types\/product"}],"replies":[{"embeddable":true,"href":"https:\/\/digitalizeglobal.com\/fr\/wp-json\/wp\/v2\/comments?post=4186"}],"version-history":[{"count":0,"href":"https:\/\/digitalizeglobal.com\/fr\/wp-json\/wp\/v2\/product\/4186\/revisions"}],"wp:featuredmedia":[{"embeddable":true,"href":"https:\/\/digitalizeglobal.com\/fr\/wp-json\/wp\/v2\/media\/4187"}],"wp:attachment":[{"href":"https:\/\/digitalizeglobal.com\/fr\/wp-json\/wp\/v2\/media?parent=4186"}],"wp:term":[{"taxonomy":"product_brand","embeddable":true,"href":"https:\/\/digitalizeglobal.com\/fr\/wp-json\/wp\/v2\/product_brand?post=4186"},{"taxonomy":"product_cat","embeddable":true,"href":"https:\/\/digitalizeglobal.com\/fr\/wp-json\/wp\/v2\/product_cat?post=4186"},{"taxonomy":"product_tag","embeddable":true,"href":"https:\/\/digitalizeglobal.com\/fr\/wp-json\/wp\/v2\/product_tag?post=4186"}],"curies":[{"name":"wp","href":"https:\/\/api.w.org\/{rel}","templated":true}]}}