{"id":4213,"date":"2024-05-27T20:07:17","date_gmt":"2024-05-27T18:07:17","guid":{"rendered":"https:\/\/digitalizeglobal.com\/?post_type=product&#038;p=4213"},"modified":"2024-08-11T23:05:57","modified_gmt":"2024-08-11T21:05:57","slug":"company-secretary-fuer-irish-limited-ltd","status":"publish","type":"product","link":"https:\/\/digitalizeglobal.com\/fr\/produit\/company-secretary-service-pour-irish-limited-ltd\/","title":{"rendered":"Company Secretary Service pour Irish Limited (LTD)"},"content":{"rendered":"<h3 class=\"font-600 text-xl font-bold\">Aper\u00e7u<\/h3>\n<p class=\"whitespace-pre-wrap break-words\">Notre service professionnel de Company Secretary garantit que votre entreprise LTD en Irlande respecte toutes les exigences l\u00e9gales. Gr\u00e2ce \u00e0 notre service, vous pouvez faire appel \u00e0 un secr\u00e9taire exp\u00e9riment\u00e9 qui agira \u00e0 la place d'un deuxi\u00e8me directeur et rendra votre structure d'entreprise plus flexible.<\/p>\n<h3 class=\"font-600 text-xl font-bold\">\u00c9tendue de nos services<\/h3>\n<p class=\"whitespace-pre-wrap break-words\">Nous vous proposons les services suivants :<\/p>\n<ol class=\"-mt-1 list-decimal space-y-2 pl-8\">\n<li class=\"whitespace-normal break-words\">Prise en charge de la gestion administrative<\/li>\n<li class=\"whitespace-normal break-words\">Assurer le respect de toutes les exigences de conformit\u00e9<\/li>\n<li class=\"whitespace-normal break-words\">Un soutien continu pour des processus commerciaux sans faille<\/li>\n<li class=\"whitespace-normal break-words\">Traitement de la documentation n\u00e9cessaire<\/li>\n<li class=\"whitespace-normal break-words\">Communication professionnelle avec les autorit\u00e9s irlandaises<\/li>\n<\/ol>\n<h3 class=\"font-600 text-xl font-bold\">Description d\u00e9taill\u00e9e des prestations<\/h3>\n<p><img fetchpriority=\"high\" decoding=\"async\" crossorigin=\"anonymous\" class=\"alignnone size-medium wp-image-7230\" src=\"https:\/\/digitalizeglobal.com\/wp-content\/uploads\/2024\/05\/Company-Secretary-bestellen-min-300x300.jpg\" alt=\"D\u00e9signer un secr\u00e9taire d&#039;entreprise\" width=\"300\" height=\"300\" srcset=\"https:\/\/digitalizeglobal.com\/wp-content\/uploads\/2024\/05\/Company-Secretary-bestellen-min-300x300.jpg 300w, https:\/\/digitalizeglobal.com\/wp-content\/uploads\/2024\/05\/Company-Secretary-bestellen-min-150x150.jpg 150w, https:\/\/digitalizeglobal.com\/wp-content\/uploads\/2024\/05\/Company-Secretary-bestellen-min-768x768.jpg 768w, https:\/\/digitalizeglobal.com\/wp-content\/uploads\/2024\/05\/Company-Secretary-bestellen-min-12x12.jpg 12w, https:\/\/digitalizeglobal.com\/wp-content\/uploads\/2024\/05\/Company-Secretary-bestellen-min-600x600.jpg 600w, https:\/\/digitalizeglobal.com\/wp-content\/uploads\/2024\/05\/Company-Secretary-bestellen-min-100x100.jpg 100w, https:\/\/digitalizeglobal.com\/wp-content\/uploads\/2024\/05\/Company-Secretary-bestellen-min.jpg 1024w\" sizes=\"(max-width: 300px) 100vw, 300px\" \/><\/p>\n<p class=\"whitespace-pre-wrap break-words\">Nos services comprennent<\/p>\n<ul class=\"-mt-1 list-disc space-y-2 pl-8\">\n<li class=\"whitespace-normal break-words\">Mise \u00e0 disposition d'un interlocuteur officiel aupr\u00e8s du Companies Registration Office<\/li>\n<li class=\"whitespace-normal break-words\">D\u00e9p\u00f4t des comptes annuels (Annual Accounts\/Financial Statements) aupr\u00e8s du CRO<\/li>\n<li class=\"whitespace-normal break-words\">Pr\u00e9paration et soumission du rapport annuel (Confirmation Statement\/Annual Return)<\/li>\n<li class=\"whitespace-normal break-words\">Soutien en cas d'exemption de l'obligation de d\u00e9claration d'imp\u00f4ts<\/li>\n<li class=\"whitespace-normal break-words\">Traitement de toute autre correspondance avec les autorit\u00e9s irlandaises<\/li>\n<\/ul>\n<p class=\"whitespace-pre-wrap break-words\"><strong>Non inclus dans le service de secr\u00e9tariat<\/strong> sont des changements de propri\u00e9taires, de noms de soci\u00e9t\u00e9s, de capital social ou des radiations ainsi que l'\u00e9tablissement\/le transfert de comptes annuels.<\/p>\n<h3 class=\"font-600 text-xl font-bold\">Vos avantages<\/h3>\n<p class=\"whitespace-pre-wrap break-words\">Avec notre service, vous vous assurez que votre entreprise remplit toutes les exigences l\u00e9gales en mati\u00e8re d'environnement. <a href=\"https:\/\/digitalizeglobal.com\/fr\/ce-quil-faut-savoir-sur-la-retenue-a-la-source-pour-les-ltd-irlandaises-et-les-llcs-americaines\/?wmc-currency=EUR\" title=\"Retenue \u00e0 la source pour les Ltd. irlandaises et les LLC am\u00e9ricaines - ce que vous devez savoir\"  data-wpil-monitor-id=\"854\">Irlande<\/a> est satisfaite. Notre \u00e9quipe exp\u00e9riment\u00e9e s'occupe des d\u00e9tails pour que vous puissiez vous concentrer sur votre activit\u00e9 principale.<\/p>\n<h3 class=\"font-600 text-xl font-bold\">Remarque importante<\/h3>\n<p class=\"whitespace-pre-wrap break-words\">Veuillez noter : un <a href=\"https:\/\/digitalizeglobal.com\/fr\/limportance-dun-secretaire-dentreprise-irlandais-la-residence-fiscale-et-limpot-sur-les-societes\/?wmc-currency=EUR\" title=\"L&#039;importance d&#039;un Company Secretary irlandais, de la r\u00e9sidence fiscale et de l&#039;imp\u00f4t sur les soci\u00e9t\u00e9s\"  data-wpil-monitor-id=\"85\">Le Company Secretary seul ne suffit pas comme preuve de gestion irlandaise<\/a> \u00e0 partir de . La direction et le contr\u00f4le effectifs doivent \u00eatre assur\u00e9s par au moins un directeur r\u00e9sidant dans l'UE, afin de garantir le respect des obligations fiscales. <a href=\"https:\/\/digitalizeglobal.com\/fr\/les-avantages-de-la-creation-dentreprise-en-irlande\/?wmc-currency=EUR\" title=\"Les avantages de la cr\u00e9ation d&#039;une entreprise en Irlande\"  data-wpil-monitor-id=\"33\">Avantages en Irlande<\/a> \u00e0 utiliser.<\/p>\n<h3 class=\"font-600 text-xl font-bold\">Contact<\/h3>\n<p class=\"whitespace-pre-wrap break-words\">Contactez-nous pour plus d'informations sur nos services de secr\u00e9tariat et sur la mani\u00e8re dont vous pouvez les utiliser pour votre entreprise en Irlande.<br \/>\n<strong>Commander le service de secr\u00e9tariat<\/strong>Vous pouvez \u00e9galement commander le Company Secretary directement ici.<\/p>","protected":false},"excerpt":{"rendered":"<p>Ce service met un Company Secretary qualifi\u00e9 \u00e0 la disposition de votre entreprise afin de r\u00e9pondre de mani\u00e8re professionnelle \u00e0 toutes les exigences et formalit\u00e9s l\u00e9gales. Le Company Secretary repr\u00e9sente officiellement l'entreprise aupr\u00e8s des autorit\u00e9s, organise les assembl\u00e9es des actionnaires, tient les comptes requis par la loi et soumet les documents dus dans les d\u00e9lais impartis. Gr\u00e2ce \u00e0 ce service, vous pouvez vous concentrer sur vos t\u00e2ches principales, tandis que les obligations administratives sont prises en charge par des experts. Les avantages sont la s\u00e9curit\u00e9 juridique, le gain de temps et la pr\u00e9vention des p\u00e9nalit\u00e9s pour non-conformit\u00e9. Le service est valable pendant 12 mois et est automatiquement prolong\u00e9, sauf annulation.<\/p>","protected":false},"featured_media":4228,"comment_status":"open","ping_status":"closed","template":"","meta":{"_acf_changed":false,"_helpful_pro_status":1},"product_brand":[],"product_cat":[188],"product_tag":[192,345,343,346],"class_list":{"0":"post-4213","1":"product","2":"type-product","3":"status-publish","4":"has-post-thumbnail","6":"product_cat-zusatzleistungen-fuer-ltd","7":"product_tag-company-secretary","8":"product_tag-firmensekraeter","9":"product_tag-ltd-secretary-service","10":"product_tag-sekretariatsservice","12":"first","13":"instock","14":"virtual","15":"purchasable","16":"product-type-subscription"},"acf":[],"yoast_head":"<!-- This site is optimized with the Yoast SEO Premium plugin v25.8 (Yoast SEO v25.8) - https:\/\/yoast.com\/wordpress\/plugins\/seo\/ -->\n<title>Company Secretary Service f\u00fcr Irish Limited (LTD) - Digitalize Global<\/title>\n<meta name=\"description\" content=\"Unser professioneller Company Secretary Service sorgt daf\u00fcr, dass Ihr LTD-Unternehmen in Irland alle gesetzlichen Anforderungen erf\u00fcllt.\" \/>\n<meta name=\"robots\" content=\"index, follow, max-snippet:-1, max-image-preview:large, max-video-preview:-1\" \/>\n<link rel=\"canonical\" href=\"https:\/\/digitalizeglobal.com\/fr\/produit\/company-secretary-service-pour-irish-limited-ltd\/?wmc-currency=EUR\" \/>\n<meta property=\"og:locale\" content=\"fr_FR\" \/>\n<meta property=\"og:type\" content=\"article\" \/>\n<meta property=\"og:title\" content=\"Company Secretary Service f\u00fcr Irish Limited (LTD)\" \/>\n<meta property=\"og:description\" content=\"Unser professioneller Company Secretary Service sorgt daf\u00fcr, dass Ihr LTD-Unternehmen in Irland alle gesetzlichen Anforderungen erf\u00fcllt.\" \/>\n<meta property=\"og:url\" content=\"https:\/\/digitalizeglobal.com\/fr\/produit\/company-secretary-service-pour-irish-limited-ltd\/?wmc-currency=EUR\" \/>\n<meta property=\"og:site_name\" content=\"Digitalize Global\" \/>\n<meta property=\"article:publisher\" content=\"https:\/\/www.facebook.com\/digitalizeglobal\/\" \/>\n<meta property=\"article:modified_time\" content=\"2024-08-11T21:05:57+00:00\" \/>\n<meta property=\"og:image\" content=\"https:\/\/digitalizeglobal.com\/wp-content\/uploads\/2024\/05\/Company-Secretary-fuer-Irish-Limited-Ltd.-min.jpg\" \/>\n\t<meta property=\"og:image:width\" content=\"1232\" \/>\n\t<meta property=\"og:image:height\" content=\"768\" \/>\n\t<meta property=\"og:image:type\" content=\"image\/jpeg\" \/>\n<meta name=\"twitter:card\" content=\"summary_large_image\" \/>\n<meta name=\"twitter:label1\" content=\"Dur\u00e9e de lecture estim\u00e9e\" \/>\n\t<meta name=\"twitter:data1\" content=\"3 minutes\" \/>\n<script type=\"application\/ld+json\" class=\"yoast-schema-graph\">{\"@context\":\"https:\/\/schema.org\",\"@graph\":[{\"@type\":\"WebPage\",\"@id\":\"https:\/\/digitalizeglobal.com\/produkt\/company-secretary-fuer-irish-limited-ltd\/\",\"url\":\"https:\/\/digitalizeglobal.com\/produkt\/company-secretary-fuer-irish-limited-ltd\/\",\"name\":\"Company Secretary Service f\u00fcr Irish Limited (LTD) - Digitalize Global\",\"isPartOf\":{\"@id\":\"https:\/\/digitalizeglobal.com\/#website\"},\"primaryImageOfPage\":{\"@id\":\"https:\/\/digitalizeglobal.com\/produkt\/company-secretary-fuer-irish-limited-ltd\/#primaryimage\"},\"image\":{\"@id\":\"https:\/\/digitalizeglobal.com\/produkt\/company-secretary-fuer-irish-limited-ltd\/#primaryimage\"},\"thumbnailUrl\":\"https:\/\/digitalizeglobal.com\/wp-content\/uploads\/2024\/05\/Company-Secretary-fuer-Irish-Limited-Ltd.-min-scaled.jpg\",\"datePublished\":\"2024-05-27T18:07:17+00:00\",\"dateModified\":\"2024-08-11T21:05:57+00:00\",\"description\":\"Unser professioneller Company Secretary Service sorgt daf\u00fcr, dass Ihr LTD-Unternehmen in Irland alle gesetzlichen Anforderungen erf\u00fcllt.\",\"breadcrumb\":{\"@id\":\"https:\/\/digitalizeglobal.com\/produkt\/company-secretary-fuer-irish-limited-ltd\/#breadcrumb\"},\"inLanguage\":\"fr-FR\",\"potentialAction\":[{\"@type\":\"ReadAction\",\"target\":[\"https:\/\/digitalizeglobal.com\/produkt\/company-secretary-fuer-irish-limited-ltd\/\"]}]},{\"@type\":\"ImageObject\",\"inLanguage\":\"fr-FR\",\"@id\":\"https:\/\/digitalizeglobal.com\/produkt\/company-secretary-fuer-irish-limited-ltd\/#primaryimage\",\"url\":\"https:\/\/digitalizeglobal.com\/wp-content\/uploads\/2024\/05\/Company-Secretary-fuer-Irish-Limited-Ltd.-min-scaled.jpg\",\"contentUrl\":\"https:\/\/digitalizeglobal.com\/wp-content\/uploads\/2024\/05\/Company-Secretary-fuer-Irish-Limited-Ltd.-min-scaled.jpg\",\"width\":1024,\"height\":638,\"caption\":\"Company Secretary Service f\u00fcr Irish Limited (LTD)\"},{\"@type\":\"BreadcrumbList\",\"@id\":\"https:\/\/digitalizeglobal.com\/produkt\/company-secretary-fuer-irish-limited-ltd\/#breadcrumb\",\"itemListElement\":[{\"@type\":\"ListItem\",\"position\":1,\"name\":\"Startseite\",\"item\":\"https:\/\/digitalizeglobal.com\/\"},{\"@type\":\"ListItem\",\"position\":2,\"name\":\"Shop f\u00fcr Entrepreneuere\",\"item\":\"https:\/\/digitalizeglobal.com\/shop-fuer-entrepreneuere\/\"},{\"@type\":\"ListItem\",\"position\":3,\"name\":\"Zusatzleistungen f\u00fcr LTD\",\"item\":\"https:\/\/digitalizeglobal.com\/produkt-kategorie\/zusatzleistungen-fuer-ltd\/\"},{\"@type\":\"ListItem\",\"position\":4,\"name\":\"Company Secretary Service f\u00fcr Irish Limited (LTD)\"}]},{\"@type\":\"WebSite\",\"@id\":\"https:\/\/digitalizeglobal.com\/#website\",\"url\":\"https:\/\/digitalizeglobal.com\/\",\"name\":\"Digitalize Global\",\"description\":\"Unternehmensgr\u00fcndung und Verwaltung\",\"publisher\":{\"@id\":\"https:\/\/digitalizeglobal.com\/#organization\"},\"alternateName\":\"Digitalize Global Business\",\"potentialAction\":[{\"@type\":\"SearchAction\",\"target\":{\"@type\":\"EntryPoint\",\"urlTemplate\":\"https:\/\/digitalizeglobal.com\/?s={search_term_string}\"},\"query-input\":{\"@type\":\"PropertyValueSpecification\",\"valueRequired\":true,\"valueName\":\"search_term_string\"}}],\"inLanguage\":\"fr-FR\"},{\"@type\":\"Organization\",\"@id\":\"https:\/\/digitalizeglobal.com\/#organization\",\"name\":\"Digitalize Global\",\"alternateName\":\"Digitalize Global, LLC.\",\"url\":\"https:\/\/digitalizeglobal.com\/\",\"logo\":{\"@type\":\"ImageObject\",\"inLanguage\":\"fr-FR\",\"@id\":\"https:\/\/digitalizeglobal.com\/#\/schema\/logo\/image\/\",\"url\":\"https:\/\/digitalizeglobal.com\/wp-content\/uploads\/2024\/04\/android-chrome-512x512-1.png\",\"contentUrl\":\"https:\/\/digitalizeglobal.com\/wp-content\/uploads\/2024\/04\/android-chrome-512x512-1.png\",\"width\":512,\"height\":512,\"caption\":\"Digitalize Global\"},\"image\":{\"@id\":\"https:\/\/digitalizeglobal.com\/#\/schema\/logo\/image\/\"},\"sameAs\":[\"https:\/\/www.facebook.com\/digitalizeglobal\/\",\"https:\/\/mastodon.social\/@Faierberg\",\"https:\/\/www.facebook.com\/groups\/digitalizeglobaldeu\",\"https:\/\/www.youtube.com\/@DigitalizeGlobal\",\"https:\/\/www.gutefrage.net\/nutzer\/Faierberg\",\"https:\/\/www.webwiki.de\/digitalizeglobal.com\",\"https:\/\/www.sitelike.org\/similar\/digitalizeglobal.com\/\"],\"description\":\"Wir sind Digitalize Global LLC, ein Unternehmen, das urspr\u00fcnglich im US-Bundesstaat Wyoming gegr\u00fcndet wurde \u2013 einem Ort, der f\u00fcr seine Bewohner mit einem Freiheitsdrang und einer tief verwurzelten Gleichberechtigung bekannt ist. Unser Ziel ist es, Ihnen dabei zu helfen, ihre unternehmerische Freiheit auf internationaler Ebene zu verwirklichen. Wir glauben, dass jeder Mensch das Recht und die Freiheit hat, seinen Lebensunterhalt mit dem zu verdienen, was er liebt. Legen Sie mit einer Unternehmensgr\u00fcndung den Grundstein f\u00fcr ein selbstbestimmtes Leben! Stets f\u00fcr unsere Kunden erreichbar Digitalize Global ist bekannt f\u00fcr seinen kundenfreundlichen Service und steht Ihnen als Partner vor, w\u00e4hrend und nach der Gr\u00fcndung Ihres Unternehmens pers\u00f6nlich zur Seite. Anders als viele Konkurrenten, die ihre Kunden nach der Gr\u00fcndung oft allein lassen, unterst\u00fctzen wir Sie bei allen Herausforderungen und bieten Ihnen kostenlose Beratungsgespr\u00e4che. Wir sind \u00fcberzeugt, dass internationales Gesch\u00e4ft und Mobilit\u00e4t f\u00fcr alle zug\u00e4nglich sein sollten. Klare und strukturierte Preispolitik Bei uns finden Sie keine unbezahlbaren Beratungsangebote oder versteckte Kosten. Alle unsere Angebote sind transparent und preisfest. Unser einzigartiges Alleinstellungsmerkmal gegen\u00fcber unseren Mitbewerbern sind unsere flexiblen Ratenzahlungsm\u00f6glichkeiten, die wir unseren Kunden anbieten. Priorit\u00e4t Datenschutz Mit h\u00f6chstem Datenschutz und Sorgfalt f\u00fcr Ihre Sicherheit \u00fcbernehmen wir alles rund um die Anmeldung, Verwaltung und Umsetzung Ihres Unternehmens im Ausland, sodass Sie sich um nichts k\u00fcmmern m\u00fcssen. Ihre Diskretion ist bei uns stets gew\u00e4hrleistet. Aus unserem Haus gehen niemals Meldungen an nicht involvierte Strukturen raus. Wir verf\u00fcgen \u00fcber umfangreiche Erfahrung Als Experten f\u00fcr Unternehmensgr\u00fcndungen in den USA und Europa unterst\u00fctzen wir Sie bei der Schaffung ortsunabh\u00e4ngiger Arbeitspl\u00e4tze und bieten ein breites Spektrum professioneller Dienstleistungen.\",\"email\":\"office@digitalizeglobal.com\",\"telephone\":\"+1 406 943 4473\",\"legalName\":\"Digitalize Global, LLC.\",\"foundingDate\":\"2024-05-01\",\"taxID\":\"30-1415662\",\"numberOfEmployees\":{\"@type\":\"QuantitativeValue\",\"minValue\":\"1\",\"maxValue\":\"10\"},\"publishingPrinciples\":\"https:\/\/digitalizeglobal.com\/ueber-uns\/veroeffentlichungsgrundsaetze-von-digitalize-global\/\",\"ownershipFundingInfo\":\"https:\/\/digitalizeglobal.com\/ueber-uns\/eigentums-und-finanzierungsinformationen-von-digitalize-global\/\",\"actionableFeedbackPolicy\":\"https:\/\/digitalizeglobal.com\/terms-and-conditions\/umsetzbare-feedback-richtlinie-von-digitalize-global\/\",\"correctionsPolicy\":\"https:\/\/digitalizeglobal.com\/ueber-uns\/korrekturrichtlinie-von-digitalize-global\/\",\"ethicsPolicy\":\"https:\/\/digitalizeglobal.com\/ueber-uns\/digitalize-global-addendum-unser-versprechen-fuer-freies-unternehmertum\/\",\"diversityPolicy\":\"https:\/\/digitalizeglobal.com\/datenschutzerklaerung\/\",\"diversityStaffingReport\":\"https:\/\/digitalizeglobal.com\/ueber-uns\/diversitaets-personalbericht-von-digitalize-global\/\"}]}<\/script>\n<!-- \/ Yoast SEO Premium plugin. -->","yoast_head_json":{"title":"Service de secr\u00e9tariat de la soci\u00e9t\u00e9 pour Irish Limited (LTD) - Digitalize Global","description":"Notre service professionnel de Company Secretary veille \u00e0 ce que votre entreprise LTD en Irlande r\u00e9ponde \u00e0 toutes les exigences l\u00e9gales.","robots":{"index":"index","follow":"follow","max-snippet":"max-snippet:-1","max-image-preview":"max-image-preview:large","max-video-preview":"max-video-preview:-1"},"canonical":"https:\/\/digitalizeglobal.com\/fr\/produit\/company-secretary-service-pour-irish-limited-ltd\/?wmc-currency=EUR","og_locale":"fr_FR","og_type":"article","og_title":"Company Secretary Service f\u00fcr Irish Limited (LTD)","og_description":"Unser professioneller Company Secretary Service sorgt daf\u00fcr, dass Ihr LTD-Unternehmen in Irland alle gesetzlichen Anforderungen erf\u00fcllt.","og_url":"https:\/\/digitalizeglobal.com\/fr\/produit\/company-secretary-service-pour-irish-limited-ltd\/?wmc-currency=EUR","og_site_name":"Digitalize Global","article_publisher":"https:\/\/www.facebook.com\/digitalizeglobal\/","article_modified_time":"2024-08-11T21:05:57+00:00","og_image":[{"width":1232,"height":768,"url":"https:\/\/digitalizeglobal.com\/wp-content\/uploads\/2024\/05\/Company-Secretary-fuer-Irish-Limited-Ltd.-min.jpg","type":"image\/jpeg"}],"twitter_card":"summary_large_image","twitter_misc":{"Dur\u00e9e de lecture estim\u00e9e":"3 minutes"},"schema":{"@context":"https:\/\/schema.org","@graph":[{"@type":"WebPage","@id":"https:\/\/digitalizeglobal.com\/produkt\/company-secretary-fuer-irish-limited-ltd\/","url":"https:\/\/digitalizeglobal.com\/produkt\/company-secretary-fuer-irish-limited-ltd\/","name":"Service de secr\u00e9tariat de la soci\u00e9t\u00e9 pour Irish Limited (LTD) - Digitalize Global","isPartOf":{"@id":"https:\/\/digitalizeglobal.com\/#website"},"primaryImageOfPage":{"@id":"https:\/\/digitalizeglobal.com\/produkt\/company-secretary-fuer-irish-limited-ltd\/#primaryimage"},"image":{"@id":"https:\/\/digitalizeglobal.com\/produkt\/company-secretary-fuer-irish-limited-ltd\/#primaryimage"},"thumbnailUrl":"https:\/\/digitalizeglobal.com\/wp-content\/uploads\/2024\/05\/Company-Secretary-fuer-Irish-Limited-Ltd.-min-scaled.jpg","datePublished":"2024-05-27T18:07:17+00:00","dateModified":"2024-08-11T21:05:57+00:00","description":"Notre service professionnel de Company Secretary veille \u00e0 ce que votre entreprise LTD en Irlande r\u00e9ponde \u00e0 toutes les exigences l\u00e9gales.","breadcrumb":{"@id":"https:\/\/digitalizeglobal.com\/produkt\/company-secretary-fuer-irish-limited-ltd\/#breadcrumb"},"inLanguage":"fr-FR","potentialAction":[{"@type":"ReadAction","target":["https:\/\/digitalizeglobal.com\/produkt\/company-secretary-fuer-irish-limited-ltd\/"]}]},{"@type":"ImageObject","inLanguage":"fr-FR","@id":"https:\/\/digitalizeglobal.com\/produkt\/company-secretary-fuer-irish-limited-ltd\/#primaryimage","url":"https:\/\/digitalizeglobal.com\/wp-content\/uploads\/2024\/05\/Company-Secretary-fuer-Irish-Limited-Ltd.-min-scaled.jpg","contentUrl":"https:\/\/digitalizeglobal.com\/wp-content\/uploads\/2024\/05\/Company-Secretary-fuer-Irish-Limited-Ltd.-min-scaled.jpg","width":1024,"height":638,"caption":"Company Secretary Service f\u00fcr Irish Limited (LTD)"},{"@type":"BreadcrumbList","@id":"https:\/\/digitalizeglobal.com\/produkt\/company-secretary-fuer-irish-limited-ltd\/#breadcrumb","itemListElement":[{"@type":"ListItem","position":1,"name":"Startseite","item":"https:\/\/digitalizeglobal.com\/"},{"@type":"ListItem","position":2,"name":"Shop f\u00fcr Entrepreneuere","item":"https:\/\/digitalizeglobal.com\/shop-fuer-entrepreneuere\/"},{"@type":"ListItem","position":3,"name":"Zusatzleistungen f\u00fcr LTD","item":"https:\/\/digitalizeglobal.com\/produkt-kategorie\/zusatzleistungen-fuer-ltd\/"},{"@type":"ListItem","position":4,"name":"Company Secretary Service f\u00fcr Irish Limited (LTD)"}]},{"@type":"WebSite","@id":"https:\/\/digitalizeglobal.com\/#website","url":"https:\/\/digitalizeglobal.com\/","name":"Digitalize Global","description":"Cr\u00e9ation et gestion d'entreprise","publisher":{"@id":"https:\/\/digitalizeglobal.com\/#organization"},"alternateName":"Digitalize Global Business","potentialAction":[{"@type":"SearchAction","target":{"@type":"EntryPoint","urlTemplate":"https:\/\/digitalizeglobal.com\/?s={search_term_string}"},"query-input":{"@type":"PropertyValueSpecification","valueRequired":true,"valueName":"search_term_string"}}],"inLanguage":"fr-FR"},{"@type":"Organization","@id":"https:\/\/digitalizeglobal.com\/#organization","name":"Digitalize Global","alternateName":"Digitalize Global, LLC.","url":"https:\/\/digitalizeglobal.com\/","logo":{"@type":"ImageObject","inLanguage":"fr-FR","@id":"https:\/\/digitalizeglobal.com\/#\/schema\/logo\/image\/","url":"https:\/\/digitalizeglobal.com\/wp-content\/uploads\/2024\/04\/android-chrome-512x512-1.png","contentUrl":"https:\/\/digitalizeglobal.com\/wp-content\/uploads\/2024\/04\/android-chrome-512x512-1.png","width":512,"height":512,"caption":"Digitalize Global"},"image":{"@id":"https:\/\/digitalizeglobal.com\/#\/schema\/logo\/image\/"},"sameAs":["https:\/\/www.facebook.com\/digitalizeglobal\/","https:\/\/mastodon.social\/@Faierberg","https:\/\/www.facebook.com\/groups\/digitalizeglobaldeu","https:\/\/www.youtube.com\/@DigitalizeGlobal","https:\/\/www.gutefrage.net\/nutzer\/Faierberg","https:\/\/www.webwiki.de\/digitalizeglobal.com","https:\/\/www.sitelike.org\/similar\/digitalizeglobal.com\/"],"description":"Nous sommes Digitalize Global LLC, une entreprise fond\u00e9e \u00e0 l'origine dans l'\u00c9tat am\u00e9ricain du Wyoming, un endroit connu pour ses habitants anim\u00e9s d'une soif de libert\u00e9 et d'\u00e9galit\u00e9 profond\u00e9ment ancr\u00e9e. Notre objectif est de vous aider \u00e0 concr\u00e9tiser votre libert\u00e9 d'entreprendre \u00e0 l'\u00e9chelle internationale. Nous pensons que chacun a le droit et la libert\u00e9 de gagner sa vie en faisant ce qu'il aime. Posez la premi\u00e8re pierre d'une vie autod\u00e9termin\u00e9e en cr\u00e9ant votre entreprise ! Toujours disponible pour nos clients Digitalize Global est r\u00e9put\u00e9e pour son service convivial et se tient personnellement \u00e0 vos c\u00f4t\u00e9s en tant que partenaire avant, pendant et apr\u00e8s la cr\u00e9ation de votre entreprise. Contrairement \u00e0 de nombreux concurrents qui laissent souvent leurs clients seuls apr\u00e8s la cr\u00e9ation de leur entreprise, nous vous aidons \u00e0 relever tous les d\u00e9fis et vous proposons des consultations gratuites. Nous sommes convaincus que le commerce international et la mobilit\u00e9 doivent \u00eatre accessibles \u00e0 tous. Une politique de prix claire et structur\u00e9e Chez nous, vous ne trouverez pas d'offres de conseil hors de prix ou de co\u00fbts cach\u00e9s. Toutes nos offres sont transparentes et \u00e0 prix fixe. Notre caract\u00e9ristique unique par rapport \u00e0 nos concurrents est la flexibilit\u00e9 des possibilit\u00e9s de paiement \u00e9chelonn\u00e9 que nous proposons \u00e0 nos clients. Priorit\u00e9 \u00e0 la protection des donn\u00e9es Avec la plus grande protection des donn\u00e9es et le soin apport\u00e9 \u00e0 votre s\u00e9curit\u00e9, nous nous chargeons de tout ce qui concerne l'enregistrement, la gestion et la mise en \u0153uvre de votre entreprise \u00e0 l'\u00e9tranger, de sorte que vous n'ayez \u00e0 vous occuper de rien. Votre discr\u00e9tion est toujours garantie chez nous. Nous n'envoyons jamais de messages \u00e0 des structures non impliqu\u00e9es. Nous disposons d'une vaste exp\u00e9rience En tant qu'experts en cr\u00e9ation d'entreprises aux \u00c9tats-Unis et en Europe, nous vous aidons \u00e0 cr\u00e9er des emplois ind\u00e9pendants et vous proposons une large gamme de services professionnels.","email":"office@digitalizeglobal.com","telephone":"+1 406 943 4473","legalName":"Digitalize Global, LLC.","foundingDate":"2024-05-01","taxID":"30-1415662","numberOfEmployees":{"@type":"QuantitativeValue","minValue":"1","maxValue":"10"},"publishingPrinciples":"https:\/\/digitalizeglobal.com\/ueber-uns\/veroeffentlichungsgrundsaetze-von-digitalize-global\/","ownershipFundingInfo":"https:\/\/digitalizeglobal.com\/ueber-uns\/eigentums-und-finanzierungsinformationen-von-digitalize-global\/","actionableFeedbackPolicy":"https:\/\/digitalizeglobal.com\/terms-and-conditions\/umsetzbare-feedback-richtlinie-von-digitalize-global\/","correctionsPolicy":"https:\/\/digitalizeglobal.com\/ueber-uns\/korrekturrichtlinie-von-digitalize-global\/","ethicsPolicy":"https:\/\/digitalizeglobal.com\/ueber-uns\/digitalize-global-addendum-unser-versprechen-fuer-freies-unternehmertum\/","diversityPolicy":"https:\/\/digitalizeglobal.com\/datenschutzerklaerung\/","diversityStaffingReport":"https:\/\/digitalizeglobal.com\/ueber-uns\/diversitaets-personalbericht-von-digitalize-global\/"}]}},"_links":{"self":[{"href":"https:\/\/digitalizeglobal.com\/fr\/wp-json\/wp\/v2\/product\/4213","targetHints":{"allow":["GET"]}}],"collection":[{"href":"https:\/\/digitalizeglobal.com\/fr\/wp-json\/wp\/v2\/product"}],"about":[{"href":"https:\/\/digitalizeglobal.com\/fr\/wp-json\/wp\/v2\/types\/product"}],"replies":[{"embeddable":true,"href":"https:\/\/digitalizeglobal.com\/fr\/wp-json\/wp\/v2\/comments?post=4213"}],"version-history":[{"count":0,"href":"https:\/\/digitalizeglobal.com\/fr\/wp-json\/wp\/v2\/product\/4213\/revisions"}],"wp:featuredmedia":[{"embeddable":true,"href":"https:\/\/digitalizeglobal.com\/fr\/wp-json\/wp\/v2\/media\/4228"}],"wp:attachment":[{"href":"https:\/\/digitalizeglobal.com\/fr\/wp-json\/wp\/v2\/media?parent=4213"}],"wp:term":[{"taxonomy":"product_brand","embeddable":true,"href":"https:\/\/digitalizeglobal.com\/fr\/wp-json\/wp\/v2\/product_brand?post=4213"},{"taxonomy":"product_cat","embeddable":true,"href":"https:\/\/digitalizeglobal.com\/fr\/wp-json\/wp\/v2\/product_cat?post=4213"},{"taxonomy":"product_tag","embeddable":true,"href":"https:\/\/digitalizeglobal.com\/fr\/wp-json\/wp\/v2\/product_tag?post=4213"}],"curies":[{"name":"wp","href":"https:\/\/api.w.org\/{rel}","templated":true}]}}